{"id":111,"date":"2019-03-11T19:24:52","date_gmt":"2019-03-11T15:24:52","guid":{"rendered":"http:\/\/modernhospital.az\/newsite\/?page_id=111"},"modified":"2024-03-17T17:45:44","modified_gmt":"2024-03-17T13:45:44","slug":"direktordan-muraciet","status":"publish","type":"page","link":"https:\/\/modernhospital.az\/newsite\/haqqimizda\/direktordan-muraciet\/","title":{"rendered":"Direktordan m\u00fcraci\u0259t"},"content":{"rendered":"<p>[vc_row content_width=&#8221;grid&#8221;][vc_column][vc_column_text]<\/p>\n<h2 dir=\"ltr\"><img loading=\"lazy\" decoding=\"async\" class=\"aligncenter wp-image-4293 size-large\" src=\"http:\/\/modernhospital.az\/newsitewp-content\/uploads\/2024\/03\/G0A6462-1024x683.jpg\" alt=\"\" width=\"1024\" height=\"683\" srcset=\"https:\/\/modernhospital.az\/newsite\/wp-content\/uploads\/2024\/03\/G0A6462-1024x683.jpg 1024w, https:\/\/modernhospital.az\/newsite\/wp-content\/uploads\/2024\/03\/G0A6462-300x200.jpg 300w, https:\/\/modernhospital.az\/newsite\/wp-content\/uploads\/2024\/03\/G0A6462-768x512.jpg 768w, https:\/\/modernhospital.az\/newsite\/wp-content\/uploads\/2024\/03\/G0A6462-1536x1024.jpg 1536w\" sizes=\"(max-width: 1024px) 100vw, 1024px\" \/><\/h2>\n<h2 dir=\"ltr\">Direktordan m\u00fcraci\u0259t<\/h2>\n<p>Haz\u0131rda \u00f6lk\u0259mizd\u0259 500-\u0259 yax\u0131n \u00f6z\u0259l tibbi m\u00fc\u0259ssis\u0259 f\u0259aliyy\u0259t g\u00f6st\u0259rir ki, onlar d\u00fcnya t\u0259cr\u00fcb\u0259sind\u0259n b\u0259hr\u0259l\u0259n\u0259r\u0259k tibbi xidm\u0259tin m\u00fcasir s\u0259viyy\u0259d\u0259 t\u0259\u015fkilin\u0259 \u00f6z t\u00f6hf\u0259l\u0259rini verir. Bel\u0259 m\u00fc\u0259ss\u0259l\u0259rd\u0259n biri d\u0259 2008-ci ilin noyabr ay\u0131nda Bak\u0131da f\u0259aliyy\u0259t\u0259 ba\u015flayan, m\u00fcasir avadanl\u0131qlarla t\u0259chiz olunmu\u015f v\u0259 y\u00fcks\u0259k ixtisasl\u0131 h\u0259kiml\u0259rin \u00e7al\u0131\u015fd\u0131\u011f\u0131 Modern Hospitald\u0131r. Bu g\u00fcn Az\u0259rbaycanda \u00e7ox \u0259lveri\u015fli biznes m\u00fchiti formala\u015fm\u0131\u015fd\u0131r. C\u0259nab Prezidentin h\u0259yata ke\u00e7irdiyi davaml\u0131 inki\u015faf proqramlar\u0131 tibb sah\u0259si \u00fc\u00e7\u00fcn d\u0259 m\u00fcnbit \u015f\u0259rait yaratm\u0131\u015fd\u0131r. \u00d6lk\u0259mizd\u0259 in\u015fa edil\u0259n y\u00fczl\u0259rl\u0259 yeni tibb m\u00fc\u0259ssis\u0259l\u0259ri v\u0259 regional tibb m\u0259rk\u0259zl\u0259ri \u0259halinin sa\u011flaml\u0131\u011f\u0131n\u0131n qorunmas\u0131nda m\u00fch\u00fcm \u0259h\u0259miyy\u0259t\u0259 malikdir. \u00d6lk\u0259y\u0259 \u00e7ox qiym\u0259tli tibbi cihazlar g\u0259tirilir. Bu is\u0259 h\u0259r c\u00fcr x\u0259st\u0259liyin m\u00fcayin\u0259 v\u0259 m\u00fcalic\u0259sin\u0259 geni\u015f imkanlar yarad\u0131r.<br \/>\nKlinikam\u0131z \u00e7oxprofillidir, pasientl\u0259rimiz\u0259 stasionar xidm\u0259t d\u0259 g\u00f6st\u0259rilir.<\/p>\n<p>41 \u00e7arpay\u0131m\u0131z 8-i reanimasiya \u015f\u00f6b\u0259sind\u0259, 33-i is\u0259 \u00fcmumi stasionar palatadad\u0131r.Burada \u00fcr\u0259k c\u0259rrahiyy\u0259sind\u0259n ba\u015fqa bir \u00e7ox sah\u0259l\u0259r \u00fczr\u0259 c\u0259rrahi \u0259m\u0259liyyatlar apar\u0131l\u0131r. Laporaskopik \u00fcsul v\u0259 endoskopik cihazlar vasit\u0259si m\u00fcxt\u0259lif \u0259m\u0259liyyatlar icra olunur. Vaxta\u015f\u0131r\u0131 t\u00fcrk h\u0259kiml\u0259rinin k\u00f6m\u0259yi il\u0259 Az\u0259rbaycanda yen\u0259 ilk d\u0259f\u0259 Modern Hospitalda icra olunan mikroskop vasit\u0259si il\u0259 qulaqda \u0259m\u0259liyyat apar\u0131l\u0131r. Uroloji xidm\u0259tl\u0259r &#8211; m\u00fcayin\u0259l\u0259r, endo-uroloji \u0259m\u0259liyyatlar Avropa v\u0259 Amerika uroloji assossiasiyalar\u0131n\u0131n q\u0259bul etdiyi protoklollar \u0259sas\u0131nda h\u0259yata ke\u00e7irilir. Bu v\u0259 dig\u0259r sah\u0259l\u0259rd\u0259 \u0259n m\u00fcasir m\u00fcalic\u0259 standartlar\u0131n\u0131 klinikam\u0131zda \u00e7oxdan t\u0259tbiq edirik.<\/p>\n<p>Almaniya v\u0259 Turkiy\u0259nin bir \u00e7ox qabaqc\u0131l klinikalar\u0131 il\u0259 \u0259m\u0259kda\u015fl\u0131q edirik. Maddi-texniki t\u0259chizat m\u0259s\u0259l\u0259si il\u0259 ba\u011fl\u0131 biz tibbi cihazlar\u0131 d\u00fcnyaca m\u0259h\u015fur firmalardan al\u0131r\u0131q. \u018fsas \u00fcst\u00fcnl\u00fcy\u00fc Yaponiya, AB\u015e, Almaniya, \u0130taliya kimi \u00f6lk\u0259l\u0259r\u0259 veririk. Bu g\u00fcn klinikam\u0131zda \u00e7ox qiym\u0259tli cihazlar var. M\u0259s\u0259l\u0259n, m\u0259d\u0259-ba\u011f\u0131rsaq x\u0259st\u0259likl\u0259rinin m\u00fcayin\u0259sinin endoskopiya \u00fcsulu var. Biz indi videoendoskopiya vasit\u0259si il\u0259 x\u0259st\u0259y\u0259 he\u00e7 bir \u0259ziyy\u0259t verm\u0259d\u0259n bu m\u00fcayin\u0259ni apar\u0131r\u0131q. Kamera endoskopun ucunda oldu\u011fundan daha geni\u015f informasiya g\u00f6t\u00fcrm\u0259k imkan\u0131 yarad\u0131r. M\u00fcayin\u0259 zaman\u0131 ekrana x\u0259st\u0259 d\u0259, h\u0259kim d\u0259 baxa bil\u0259r v\u0259 prosesin kompyuterin yadda\u015f\u0131nda qeyd olunmas\u0131 da m\u00fcmk\u00fcnd\u00fcr.<\/p>\n<p>Endoskopiya klinikam\u0131zda bir \u00e7ox sah\u0259l\u0259rd\u0259 u\u011furla t\u0259tbiq edilir.Modern Hospital klinikas\u0131nda m\u00fcharib\u0259 \u0259lill\u0259ri, \u015f\u0259hid ail\u0259l\u0259ri v\u0259 m\u0259cburi k\u00f6\u00e7k\u00fcnl\u0259r\u0259 g\u00fcz\u0259\u015ftl\u0259r t\u0259tbiq olunur.<br \/>\nT\u0259hsil nazirliyin\u0259 ba\u011fl\u0131 u\u015faq evl\u0259ri v\u0259 \u201cSOS\u201d U\u015faq K\u0259ndind\u0259 olan kims\u0259siz u\u015faqlar\u0131 bizim klinika tam pulsuz m\u00fcayin\u0259 v\u0259 m\u00fcalic\u0259 edir. Bundan ba\u015fqa klinikam\u0131zda m\u00fcharib\u0259 \u0259lill\u0259ri,\u015f\u0259hid ail\u0259l\u0259ri v\u0259 m\u0259cburi k\u00f6\u00e7k\u00fcnl\u0259r\u0259 g\u00fcz\u0259\u015ftl\u0259r t\u0259tbiq olunur. S\u00f6z yox ki, g\u0259l\u0259c\u0259kd\u0259 biz \u00f6z g\u00fcz\u0259\u015ft kateqoriyalar\u0131m\u0131z\u0131 daha da geni\u015fl\u0259ndir\u0259c\u0259yik.<\/p>\n<p>Taryel \u00d6m\u0259rov<\/p>\n<p>Direktor[\/vc_column_text][\/vc_column][\/vc_row]<\/p>\n","protected":false},"excerpt":{"rendered":"<p>[vc_row content_width=&#8221;grid&#8221;][vc_column][vc_column_text] Direktordan m\u00fcraci\u0259t Haz\u0131rda \u00f6lk\u0259mizd\u0259 500-\u0259 yax\u0131n \u00f6z\u0259l tibbi m\u00fc\u0259ssis\u0259 f\u0259aliyy\u0259t g\u00f6st\u0259rir ki, onlar d\u00fcnya t\u0259cr\u00fcb\u0259sind\u0259n b\u0259hr\u0259l\u0259n\u0259r\u0259k tibbi xidm\u0259tin m\u00fcasir s\u0259viyy\u0259d\u0259 t\u0259\u015fkilin\u0259 \u00f6z t\u00f6hf\u0259l\u0259rini verir. Bel\u0259 m\u00fc\u0259ss\u0259l\u0259rd\u0259n biri d\u0259 2008-ci ilin noyabr ay\u0131nda Bak\u0131da f\u0259aliyy\u0259t\u0259 ba\u015flayan, m\u00fcasir avadanl\u0131qlarla t\u0259chiz olunmu\u015f v\u0259 y\u00fcks\u0259k ixtisasl\u0131 h\u0259kiml\u0259rin&#8230;<\/p>\n","protected":false},"author":1,"featured_media":0,"parent":9,"menu_order":0,"comment_status":"closed","ping_status":"closed","template":"full-width.php","meta":{"footnotes":""},"yoast_head":"<!-- This site is optimized with the Yoast SEO plugin v21.5 - https:\/\/yoast.com\/wordpress\/plugins\/seo\/ -->\r\n<title>Direktordan m\u00fcraci\u0259t - My CMS<\/title>\r\n<meta name=\"robots\" content=\"index, follow, max-snippet:-1, max-image-preview:large, max-video-preview:-1\" \/>\r\n<link rel=\"canonical\" href=\"https:\/\/modernhospital.az\/newsite\/haqqimizda\/direktordan-muraciet\/\" \/>\r\n<meta property=\"og:locale\" content=\"en_US\" \/>\r\n<meta property=\"og:type\" content=\"article\" \/>\r\n<meta property=\"og:title\" content=\"Direktordan m\u00fcraci\u0259t - My CMS\" \/>\r\n<meta property=\"og:description\" content=\"[vc_row content_width=&#8221;grid&#8221;][vc_column][vc_column_text] Direktordan m\u00fcraci\u0259t Haz\u0131rda \u00f6lk\u0259mizd\u0259 500-\u0259 yax\u0131n \u00f6z\u0259l tibbi m\u00fc\u0259ssis\u0259 f\u0259aliyy\u0259t g\u00f6st\u0259rir ki, onlar d\u00fcnya t\u0259cr\u00fcb\u0259sind\u0259n b\u0259hr\u0259l\u0259n\u0259r\u0259k tibbi xidm\u0259tin m\u00fcasir s\u0259viyy\u0259d\u0259 t\u0259\u015fkilin\u0259 \u00f6z t\u00f6hf\u0259l\u0259rini verir. Bel\u0259 m\u00fc\u0259ss\u0259l\u0259rd\u0259n biri d\u0259 2008-ci ilin noyabr ay\u0131nda Bak\u0131da f\u0259aliyy\u0259t\u0259 ba\u015flayan, m\u00fcasir avadanl\u0131qlarla t\u0259chiz olunmu\u015f v\u0259 y\u00fcks\u0259k ixtisasl\u0131 h\u0259kiml\u0259rin...\" \/>\r\n<meta property=\"og:url\" content=\"https:\/\/modernhospital.az\/newsite\/haqqimizda\/direktordan-muraciet\/\" \/>\r\n<meta property=\"og:site_name\" content=\"My CMS\" \/>\r\n<meta property=\"article:modified_time\" content=\"2024-03-17T13:45:44+00:00\" \/>\r\n<meta property=\"og:image\" content=\"http:\/\/modernhospital.az\/newsitewp-content\/uploads\/2024\/03\/G0A6462-1024x683.jpg\" \/>\r\n<meta name=\"twitter:card\" content=\"summary_large_image\" \/>\r\n<meta name=\"twitter:label1\" content=\"Est. reading time\" \/>\n\t<meta name=\"twitter:data1\" content=\"2 minutes\" \/>\r\n<script type=\"application\/ld+json\" class=\"yoast-schema-graph\">{\"@context\":\"https:\/\/schema.org\",\"@graph\":[{\"@type\":\"WebPage\",\"@id\":\"https:\/\/modernhospital.az\/newsite\/haqqimizda\/direktordan-muraciet\/\",\"url\":\"https:\/\/modernhospital.az\/newsite\/haqqimizda\/direktordan-muraciet\/\",\"name\":\"Direktordan m\u00fcraci\u0259t - My CMS\",\"isPartOf\":{\"@id\":\"https:\/\/modernhospital.az\/newsite\/#website\"},\"datePublished\":\"2019-03-11T15:24:52+00:00\",\"dateModified\":\"2024-03-17T13:45:44+00:00\",\"breadcrumb\":{\"@id\":\"https:\/\/modernhospital.az\/newsite\/haqqimizda\/direktordan-muraciet\/#breadcrumb\"},\"inLanguage\":\"en-US\",\"potentialAction\":[{\"@type\":\"ReadAction\",\"target\":[\"https:\/\/modernhospital.az\/newsite\/haqqimizda\/direktordan-muraciet\/\"]}]},{\"@type\":\"BreadcrumbList\",\"@id\":\"https:\/\/modernhospital.az\/newsite\/haqqimizda\/direktordan-muraciet\/#breadcrumb\",\"itemListElement\":[{\"@type\":\"ListItem\",\"position\":1,\"name\":\"Home\",\"item\":\"https:\/\/modernhospital.az\/newsite\/\"},{\"@type\":\"ListItem\",\"position\":2,\"name\":\"Haqq\u0131m\u0131zda\",\"item\":\"https:\/\/modernhospital.az\/newsite\/haqqimizda\/\"},{\"@type\":\"ListItem\",\"position\":3,\"name\":\"Direktordan m\u00fcraci\u0259t\"}]},{\"@type\":\"WebSite\",\"@id\":\"https:\/\/modernhospital.az\/newsite\/#website\",\"url\":\"https:\/\/modernhospital.az\/newsite\/\",\"name\":\"My CMS\",\"description\":\"H\u0259yat\u0131n\u0131za d\u0259y\u0259r ver\u0259r\u0259k!\",\"publisher\":{\"@id\":\"https:\/\/modernhospital.az\/newsite\/#organization\"},\"potentialAction\":[{\"@type\":\"SearchAction\",\"target\":{\"@type\":\"EntryPoint\",\"urlTemplate\":\"https:\/\/modernhospital.az\/newsite\/?s={search_term_string}\"},\"query-input\":\"required name=search_term_string\"}],\"inLanguage\":\"en-US\"},{\"@type\":\"Organization\",\"@id\":\"https:\/\/modernhospital.az\/newsite\/#organization\",\"name\":\"My CMS\",\"url\":\"https:\/\/modernhospital.az\/newsite\/\",\"logo\":{\"@type\":\"ImageObject\",\"inLanguage\":\"en-US\",\"@id\":\"https:\/\/modernhospital.az\/newsite\/#\/schema\/logo\/image\/\",\"url\":\"https:\/\/modernhospital.az\/wp-content\/uploads\/2019\/04\/modern-hospital-logo-01.png\",\"contentUrl\":\"https:\/\/modernhospital.az\/wp-content\/uploads\/2019\/04\/modern-hospital-logo-01.png\",\"width\":1772,\"height\":591,\"caption\":\"My CMS\"},\"image\":{\"@id\":\"https:\/\/modernhospital.az\/newsite\/#\/schema\/logo\/image\/\"}}]}<\/script>\r\n<!-- \/ Yoast SEO plugin. -->","yoast_head_json":{"title":"Direktordan m\u00fcraci\u0259t - My CMS","robots":{"index":"index","follow":"follow","max-snippet":"max-snippet:-1","max-image-preview":"max-image-preview:large","max-video-preview":"max-video-preview:-1"},"canonical":"https:\/\/modernhospital.az\/newsite\/haqqimizda\/direktordan-muraciet\/","og_locale":"en_US","og_type":"article","og_title":"Direktordan m\u00fcraci\u0259t - My CMS","og_description":"[vc_row content_width=&#8221;grid&#8221;][vc_column][vc_column_text] Direktordan m\u00fcraci\u0259t Haz\u0131rda \u00f6lk\u0259mizd\u0259 500-\u0259 yax\u0131n \u00f6z\u0259l tibbi m\u00fc\u0259ssis\u0259 f\u0259aliyy\u0259t g\u00f6st\u0259rir ki, onlar d\u00fcnya t\u0259cr\u00fcb\u0259sind\u0259n b\u0259hr\u0259l\u0259n\u0259r\u0259k tibbi xidm\u0259tin m\u00fcasir s\u0259viyy\u0259d\u0259 t\u0259\u015fkilin\u0259 \u00f6z t\u00f6hf\u0259l\u0259rini verir. Bel\u0259 m\u00fc\u0259ss\u0259l\u0259rd\u0259n biri d\u0259 2008-ci ilin noyabr ay\u0131nda Bak\u0131da f\u0259aliyy\u0259t\u0259 ba\u015flayan, m\u00fcasir avadanl\u0131qlarla t\u0259chiz olunmu\u015f v\u0259 y\u00fcks\u0259k ixtisasl\u0131 h\u0259kiml\u0259rin...","og_url":"https:\/\/modernhospital.az\/newsite\/haqqimizda\/direktordan-muraciet\/","og_site_name":"My CMS","article_modified_time":"2024-03-17T13:45:44+00:00","og_image":[{"url":"http:\/\/modernhospital.az\/newsitewp-content\/uploads\/2024\/03\/G0A6462-1024x683.jpg"}],"twitter_card":"summary_large_image","twitter_misc":{"Est. reading time":"2 minutes"},"schema":{"@context":"https:\/\/schema.org","@graph":[{"@type":"WebPage","@id":"https:\/\/modernhospital.az\/newsite\/haqqimizda\/direktordan-muraciet\/","url":"https:\/\/modernhospital.az\/newsite\/haqqimizda\/direktordan-muraciet\/","name":"Direktordan m\u00fcraci\u0259t - My CMS","isPartOf":{"@id":"https:\/\/modernhospital.az\/newsite\/#website"},"datePublished":"2019-03-11T15:24:52+00:00","dateModified":"2024-03-17T13:45:44+00:00","breadcrumb":{"@id":"https:\/\/modernhospital.az\/newsite\/haqqimizda\/direktordan-muraciet\/#breadcrumb"},"inLanguage":"en-US","potentialAction":[{"@type":"ReadAction","target":["https:\/\/modernhospital.az\/newsite\/haqqimizda\/direktordan-muraciet\/"]}]},{"@type":"BreadcrumbList","@id":"https:\/\/modernhospital.az\/newsite\/haqqimizda\/direktordan-muraciet\/#breadcrumb","itemListElement":[{"@type":"ListItem","position":1,"name":"Home","item":"https:\/\/modernhospital.az\/newsite\/"},{"@type":"ListItem","position":2,"name":"Haqq\u0131m\u0131zda","item":"https:\/\/modernhospital.az\/newsite\/haqqimizda\/"},{"@type":"ListItem","position":3,"name":"Direktordan m\u00fcraci\u0259t"}]},{"@type":"WebSite","@id":"https:\/\/modernhospital.az\/newsite\/#website","url":"https:\/\/modernhospital.az\/newsite\/","name":"My CMS","description":"H\u0259yat\u0131n\u0131za d\u0259y\u0259r ver\u0259r\u0259k!","publisher":{"@id":"https:\/\/modernhospital.az\/newsite\/#organization"},"potentialAction":[{"@type":"SearchAction","target":{"@type":"EntryPoint","urlTemplate":"https:\/\/modernhospital.az\/newsite\/?s={search_term_string}"},"query-input":"required name=search_term_string"}],"inLanguage":"en-US"},{"@type":"Organization","@id":"https:\/\/modernhospital.az\/newsite\/#organization","name":"My CMS","url":"https:\/\/modernhospital.az\/newsite\/","logo":{"@type":"ImageObject","inLanguage":"en-US","@id":"https:\/\/modernhospital.az\/newsite\/#\/schema\/logo\/image\/","url":"https:\/\/modernhospital.az\/wp-content\/uploads\/2019\/04\/modern-hospital-logo-01.png","contentUrl":"https:\/\/modernhospital.az\/wp-content\/uploads\/2019\/04\/modern-hospital-logo-01.png","width":1772,"height":591,"caption":"My CMS"},"image":{"@id":"https:\/\/modernhospital.az\/newsite\/#\/schema\/logo\/image\/"}}]}},"jetpack_sharing_enabled":true,"_links":{"self":[{"href":"https:\/\/modernhospital.az\/newsite\/wp-json\/wp\/v2\/pages\/111"}],"collection":[{"href":"https:\/\/modernhospital.az\/newsite\/wp-json\/wp\/v2\/pages"}],"about":[{"href":"https:\/\/modernhospital.az\/newsite\/wp-json\/wp\/v2\/types\/page"}],"author":[{"embeddable":true,"href":"https:\/\/modernhospital.az\/newsite\/wp-json\/wp\/v2\/users\/1"}],"replies":[{"embeddable":true,"href":"https:\/\/modernhospital.az\/newsite\/wp-json\/wp\/v2\/comments?post=111"}],"version-history":[{"count":8,"href":"https:\/\/modernhospital.az\/newsite\/wp-json\/wp\/v2\/pages\/111\/revisions"}],"predecessor-version":[{"id":4296,"href":"https:\/\/modernhospital.az\/newsite\/wp-json\/wp\/v2\/pages\/111\/revisions\/4296"}],"up":[{"embeddable":true,"href":"https:\/\/modernhospital.az\/newsite\/wp-json\/wp\/v2\/pages\/9"}],"wp:attachment":[{"href":"https:\/\/modernhospital.az\/newsite\/wp-json\/wp\/v2\/media?parent=111"}],"curies":[{"name":"wp","href":"https:\/\/api.w.org\/{rel}","templated":true}]}}