{"id":3233,"date":"2023-02-08T14:01:09","date_gmt":"2023-02-08T10:01:09","guid":{"rendered":"http:\/\/modernhospital.az\/newsite\/?page_id=3233"},"modified":"2023-09-21T13:07:11","modified_gmt":"2023-09-21T09:07:11","slug":"onlayn-konsultasiya","status":"publish","type":"page","link":"https:\/\/modernhospital.az\/newsite\/e-xidmetler\/onlayn-konsultasiya\/","title":{"rendered":"Onlayn Konsultasiya"},"content":{"rendered":"<p>[vc_row content_width=&#8221;grid&#8221; css=&#8221;.vc_custom_1559091327982{padding-top: 50px !important;padding-bottom: 50px !important;}&#8221;][vc_column][vc_column_text]<\/p>\n<h2 style=\"text-align: center;\">D\u0259y\u0259rli istifad\u0259\u00e7i, m\u00fcv\u0259qq\u0259ti olaraq, online konsultasiya xidm\u0259timiz f\u0259aliyy\u0259t g\u00f6st\u0259rmir. M\u00fcraci\u0259tiniz \u00fc\u00e7\u00fcn t\u0259\u015f\u0259kk\u00fcr edirik.<\/h2>\n<p>[\/vc_column_text][\/vc_column][\/vc_row]<\/p>\n","protected":false},"excerpt":{"rendered":"<p>[vc_row content_width=&#8221;grid&#8221; css=&#8221;.vc_custom_1559091327982{padding-top: 50px !important;padding-bottom: 50px !important;}&#8221;][vc_column][vc_column_text] D\u0259y\u0259rli istifad\u0259\u00e7i, m\u00fcv\u0259qq\u0259ti olaraq, online konsultasiya xidm\u0259timiz f\u0259aliyy\u0259t g\u00f6st\u0259rmir. M\u00fcraci\u0259tiniz \u00fc\u00e7\u00fcn t\u0259\u015f\u0259kk\u00fcr edirik. [\/vc_column_text][\/vc_column][\/vc_row]<\/p>\n","protected":false},"author":1,"featured_media":0,"parent":89,"menu_order":0,"comment_status":"closed","ping_status":"closed","template":"full-width.php","meta":{"footnotes":""},"yoast_head":"<!-- This site is optimized with the Yoast SEO plugin v21.5 - https:\/\/yoast.com\/wordpress\/plugins\/seo\/ -->\r\n<title>Onlayn Konsultasiya - My CMS<\/title>\r\n<meta name=\"robots\" content=\"index, follow, max-snippet:-1, max-image-preview:large, max-video-preview:-1\" \/>\r\n<link rel=\"canonical\" href=\"https:\/\/modernhospital.az\/newsite\/e-xidmetler\/onlayn-konsultasiya\/\" \/>\r\n<meta property=\"og:locale\" content=\"en_US\" \/>\r\n<meta property=\"og:type\" content=\"article\" \/>\r\n<meta property=\"og:title\" content=\"Onlayn Konsultasiya - My CMS\" \/>\r\n<meta property=\"og:description\" content=\"[vc_row content_width=&#8221;grid&#8221; css=&#8221;.vc_custom_1559091327982{padding-top: 50px !important;padding-bottom: 50px !important;}&#8221;][vc_column][vc_column_text] D\u0259y\u0259rli istifad\u0259\u00e7i, m\u00fcv\u0259qq\u0259ti olaraq, online konsultasiya xidm\u0259timiz f\u0259aliyy\u0259t g\u00f6st\u0259rmir. M\u00fcraci\u0259tiniz \u00fc\u00e7\u00fcn t\u0259\u015f\u0259kk\u00fcr edirik. [\/vc_column_text][\/vc_column][\/vc_row]\" \/>\r\n<meta property=\"og:url\" content=\"https:\/\/modernhospital.az\/newsite\/e-xidmetler\/onlayn-konsultasiya\/\" \/>\r\n<meta property=\"og:site_name\" content=\"My CMS\" \/>\r\n<meta property=\"article:modified_time\" content=\"2023-09-21T09:07:11+00:00\" \/>\r\n<meta name=\"twitter:card\" content=\"summary_large_image\" \/>\r\n<script type=\"application\/ld+json\" class=\"yoast-schema-graph\">{\"@context\":\"https:\/\/schema.org\",\"@graph\":[{\"@type\":\"WebPage\",\"@id\":\"https:\/\/modernhospital.az\/newsite\/e-xidmetler\/onlayn-konsultasiya\/\",\"url\":\"https:\/\/modernhospital.az\/newsite\/e-xidmetler\/onlayn-konsultasiya\/\",\"name\":\"Onlayn Konsultasiya - My CMS\",\"isPartOf\":{\"@id\":\"https:\/\/modernhospital.az\/newsite\/#website\"},\"datePublished\":\"2023-02-08T10:01:09+00:00\",\"dateModified\":\"2023-09-21T09:07:11+00:00\",\"breadcrumb\":{\"@id\":\"https:\/\/modernhospital.az\/newsite\/e-xidmetler\/onlayn-konsultasiya\/#breadcrumb\"},\"inLanguage\":\"en-US\",\"potentialAction\":[{\"@type\":\"ReadAction\",\"target\":[\"https:\/\/modernhospital.az\/newsite\/e-xidmetler\/onlayn-konsultasiya\/\"]}]},{\"@type\":\"BreadcrumbList\",\"@id\":\"https:\/\/modernhospital.az\/newsite\/e-xidmetler\/onlayn-konsultasiya\/#breadcrumb\",\"itemListElement\":[{\"@type\":\"ListItem\",\"position\":1,\"name\":\"Home\",\"item\":\"https:\/\/modernhospital.az\/newsite\/\"},{\"@type\":\"ListItem\",\"position\":2,\"name\":\"E-xidm\u0259tl\u0259rimiz\",\"item\":\"https:\/\/modernhospital.az\/newsite\/e-xidmetler\/\"},{\"@type\":\"ListItem\",\"position\":3,\"name\":\"Onlayn Konsultasiya\"}]},{\"@type\":\"WebSite\",\"@id\":\"https:\/\/modernhospital.az\/newsite\/#website\",\"url\":\"https:\/\/modernhospital.az\/newsite\/\",\"name\":\"My CMS\",\"description\":\"H\u0259yat\u0131n\u0131za d\u0259y\u0259r ver\u0259r\u0259k!\",\"publisher\":{\"@id\":\"https:\/\/modernhospital.az\/newsite\/#organization\"},\"potentialAction\":[{\"@type\":\"SearchAction\",\"target\":{\"@type\":\"EntryPoint\",\"urlTemplate\":\"https:\/\/modernhospital.az\/newsite\/?s={search_term_string}\"},\"query-input\":\"required name=search_term_string\"}],\"inLanguage\":\"en-US\"},{\"@type\":\"Organization\",\"@id\":\"https:\/\/modernhospital.az\/newsite\/#organization\",\"name\":\"My CMS\",\"url\":\"https:\/\/modernhospital.az\/newsite\/\",\"logo\":{\"@type\":\"ImageObject\",\"inLanguage\":\"en-US\",\"@id\":\"https:\/\/modernhospital.az\/newsite\/#\/schema\/logo\/image\/\",\"url\":\"https:\/\/modernhospital.az\/wp-content\/uploads\/2019\/04\/modern-hospital-logo-01.png\",\"contentUrl\":\"https:\/\/modernhospital.az\/wp-content\/uploads\/2019\/04\/modern-hospital-logo-01.png\",\"width\":1772,\"height\":591,\"caption\":\"My CMS\"},\"image\":{\"@id\":\"https:\/\/modernhospital.az\/newsite\/#\/schema\/logo\/image\/\"}}]}<\/script>\r\n<!-- \/ Yoast SEO plugin. -->","yoast_head_json":{"title":"Onlayn Konsultasiya - My CMS","robots":{"index":"index","follow":"follow","max-snippet":"max-snippet:-1","max-image-preview":"max-image-preview:large","max-video-preview":"max-video-preview:-1"},"canonical":"https:\/\/modernhospital.az\/newsite\/e-xidmetler\/onlayn-konsultasiya\/","og_locale":"en_US","og_type":"article","og_title":"Onlayn Konsultasiya - My CMS","og_description":"[vc_row content_width=&#8221;grid&#8221; css=&#8221;.vc_custom_1559091327982{padding-top: 50px !important;padding-bottom: 50px !important;}&#8221;][vc_column][vc_column_text] D\u0259y\u0259rli istifad\u0259\u00e7i, m\u00fcv\u0259qq\u0259ti olaraq, online konsultasiya xidm\u0259timiz f\u0259aliyy\u0259t g\u00f6st\u0259rmir. M\u00fcraci\u0259tiniz \u00fc\u00e7\u00fcn t\u0259\u015f\u0259kk\u00fcr edirik. [\/vc_column_text][\/vc_column][\/vc_row]","og_url":"https:\/\/modernhospital.az\/newsite\/e-xidmetler\/onlayn-konsultasiya\/","og_site_name":"My CMS","article_modified_time":"2023-09-21T09:07:11+00:00","twitter_card":"summary_large_image","schema":{"@context":"https:\/\/schema.org","@graph":[{"@type":"WebPage","@id":"https:\/\/modernhospital.az\/newsite\/e-xidmetler\/onlayn-konsultasiya\/","url":"https:\/\/modernhospital.az\/newsite\/e-xidmetler\/onlayn-konsultasiya\/","name":"Onlayn Konsultasiya - My CMS","isPartOf":{"@id":"https:\/\/modernhospital.az\/newsite\/#website"},"datePublished":"2023-02-08T10:01:09+00:00","dateModified":"2023-09-21T09:07:11+00:00","breadcrumb":{"@id":"https:\/\/modernhospital.az\/newsite\/e-xidmetler\/onlayn-konsultasiya\/#breadcrumb"},"inLanguage":"en-US","potentialAction":[{"@type":"ReadAction","target":["https:\/\/modernhospital.az\/newsite\/e-xidmetler\/onlayn-konsultasiya\/"]}]},{"@type":"BreadcrumbList","@id":"https:\/\/modernhospital.az\/newsite\/e-xidmetler\/onlayn-konsultasiya\/#breadcrumb","itemListElement":[{"@type":"ListItem","position":1,"name":"Home","item":"https:\/\/modernhospital.az\/newsite\/"},{"@type":"ListItem","position":2,"name":"E-xidm\u0259tl\u0259rimiz","item":"https:\/\/modernhospital.az\/newsite\/e-xidmetler\/"},{"@type":"ListItem","position":3,"name":"Onlayn Konsultasiya"}]},{"@type":"WebSite","@id":"https:\/\/modernhospital.az\/newsite\/#website","url":"https:\/\/modernhospital.az\/newsite\/","name":"My CMS","description":"H\u0259yat\u0131n\u0131za d\u0259y\u0259r ver\u0259r\u0259k!","publisher":{"@id":"https:\/\/modernhospital.az\/newsite\/#organization"},"potentialAction":[{"@type":"SearchAction","target":{"@type":"EntryPoint","urlTemplate":"https:\/\/modernhospital.az\/newsite\/?s={search_term_string}"},"query-input":"required name=search_term_string"}],"inLanguage":"en-US"},{"@type":"Organization","@id":"https:\/\/modernhospital.az\/newsite\/#organization","name":"My CMS","url":"https:\/\/modernhospital.az\/newsite\/","logo":{"@type":"ImageObject","inLanguage":"en-US","@id":"https:\/\/modernhospital.az\/newsite\/#\/schema\/logo\/image\/","url":"https:\/\/modernhospital.az\/wp-content\/uploads\/2019\/04\/modern-hospital-logo-01.png","contentUrl":"https:\/\/modernhospital.az\/wp-content\/uploads\/2019\/04\/modern-hospital-logo-01.png","width":1772,"height":591,"caption":"My CMS"},"image":{"@id":"https:\/\/modernhospital.az\/newsite\/#\/schema\/logo\/image\/"}}]}},"jetpack_sharing_enabled":true,"_links":{"self":[{"href":"https:\/\/modernhospital.az\/newsite\/wp-json\/wp\/v2\/pages\/3233"}],"collection":[{"href":"https:\/\/modernhospital.az\/newsite\/wp-json\/wp\/v2\/pages"}],"about":[{"href":"https:\/\/modernhospital.az\/newsite\/wp-json\/wp\/v2\/types\/page"}],"author":[{"embeddable":true,"href":"https:\/\/modernhospital.az\/newsite\/wp-json\/wp\/v2\/users\/1"}],"replies":[{"embeddable":true,"href":"https:\/\/modernhospital.az\/newsite\/wp-json\/wp\/v2\/comments?post=3233"}],"version-history":[{"count":5,"href":"https:\/\/modernhospital.az\/newsite\/wp-json\/wp\/v2\/pages\/3233\/revisions"}],"predecessor-version":[{"id":3864,"href":"https:\/\/modernhospital.az\/newsite\/wp-json\/wp\/v2\/pages\/3233\/revisions\/3864"}],"up":[{"embeddable":true,"href":"https:\/\/modernhospital.az\/newsite\/wp-json\/wp\/v2\/pages\/89"}],"wp:attachment":[{"href":"https:\/\/modernhospital.az\/newsite\/wp-json\/wp\/v2\/media?parent=3233"}],"curies":[{"name":"wp","href":"https:\/\/api.w.org\/{rel}","templated":true}]}}