{"id":3461,"date":"2023-05-11T15:05:49","date_gmt":"2023-05-11T11:05:49","guid":{"rendered":"http:\/\/modernhospital.az\/newsite\/?page_id=3461"},"modified":"2023-11-11T20:29:27","modified_gmt":"2023-11-11T16:29:27","slug":"emeliyyatxana","status":"publish","type":"page","link":"https:\/\/modernhospital.az\/newsite\/bolumler\/diger-sobelerimiz\/emeliyyatxana\/","title":{"rendered":"\u018fm\u0259liyyatxana"},"content":{"rendered":"<p>[vc_row content_aligment=&#8221;center&#8221; css=&#8221;.vc_custom_1565947613335{padding-top: 150px !important;padding-bottom: 150px !important;background-image: url(http:\/\/modernhospital.az\/wp-content\/uploads\/2019\/08\/ambulance-2587568_1280.jpg?id=2687) !important;background-position: center !important;background-repeat: no-repeat !important;background-size: cover !important;}&#8221;][vc_column]\n<div class=\"qodef-custom-font-holder\" style=\"font-family: Fira Sans;font-size: 55px;line-height: 55px;font-weight: 600;text-align: center;color: #ffffff\" data-font-size= 55 data-line-height= 55>\n    \u018fm\u0259liyyatxana    <\/div>[\/vc_column][\/vc_row][vc_row content_width=&#8221;grid&#8221;][vc_column width=&#8221;2\/3&#8243; css=&#8221;.vc_custom_1566050423240{padding-top: 50px !important;}&#8221;]\n<div class=\"qodef-custom-font-holder\" style=\"font-family: Fira Sans;font-size: 40px;line-height: 40px;font-weight: 500;letter-spacing: -1px\" data-font-size= 40 data-line-height= 40>\n    \u00dcmumi M\u0259lumat    <\/div>[vc_empty_space height=&#8221;10px&#8221;][vc_column_text]Professional anestezioloqlar\u0131n i\u015ftirak\u0131 il\u0259 h\u0259r n\u00f6v \u0259m\u0259liyyatlar\u0131n h\u0259yata ke\u00e7irilm\u0259si \u00fc\u00e7\u00fcn \u0259sasl\u0131 bazan\u0131n yarad\u0131lm\u0131\u015f oldu\u011fu \u0259m\u0259liyyatxanalar\u0131m\u0131zda 4 m\u00fcxt\u0259lif blok m\u00f6vcuddur ki, bu da eyni anda 4 \u0259m\u0259liyyat\u0131n apar\u0131lmas\u0131na imkan verir.<\/p>\n<p>Hospital\u0131m\u0131z\u0131n professional c\u0259rrahlar\u0131 geni\u015f t\u0259minatl\u0131 \u0259m\u0259liyyatxanam\u0131zda h\u0259r il y\u00fczl\u0259rl\u0259 pasiyentin m\u00fcxt\u0259lif m\u0259n\u015f\u0259li \u0259m\u0259liyyatlar\u0131n\u0131 icra edirl\u0259r.[\/vc_column_text][vc_empty_space][\/vc_column][vc_column width=&#8221;1\/3&#8243; css=&#8221;.vc_custom_1566046579992{padding-top: 30px !important;padding-bottom: 30px !important;padding-left: 30px !important;background-color: #efefef !important;}&#8221;]\n<div class=\"qodef-custom-font-holder\" style=\"font-family: Fira Sans;font-size: 25px;line-height: 25px;font-weight: 500;text-align: center;color: #dd3333\" data-font-size= 25 data-line-height= 25>\n    <strong>Sual\u0131n\u0131z var?<\/strong>    <\/div>[vc_empty_space height=&#8221;15px&#8221;][vc_column_text]<\/p>\n<div class=\"caldera-grid\" id=\"caldera_form_1\" data-cf-ver=\"1.9.3\" data-cf-form-id=\"CF5d57f1123a979\"><div id=\"caldera_notices_1\" data-spinner=\"https:\/\/modernhospital.az\/newsite\/wp-admin\/images\/spinner.gif\"><\/div><form data-instance=\"1\" class=\"CF5d57f1123a979 caldera_forms_form cfajax-trigger\" method=\"POST\" enctype=\"multipart\/form-data\" id=\"CF5d57f1123a979_1\" data-form-id=\"CF5d57f1123a979\" aria-label=\"Ki&ccedil;ik \u0259laq\u0259\" data-target=\"#caldera_notices_1\" data-template=\"#cfajax_CF5d57f1123a979-tmpl\" data-cfajax=\"CF5d57f1123a979\" data-load-element=\"_parent\" data-load-class=\"cf_processing\" data-post-disable=\"0\" data-action=\"cf_process_ajax_submit\" data-request=\"https:\/\/modernhospital.az\/newsite\/cf-api\/CF5d57f1123a979\" data-hiderows=\"true\">\r\n<input type=\"hidden\" id=\"_cf_verify_CF5d57f1123a979\" name=\"_cf_verify\" value=\"dd37aab339\"  data-nonce-time=\"1777634338\" \/><input type=\"hidden\" name=\"_wp_http_referer\" value=\"\/newsite\/wp-json\/wp\/v2\/pages\/3461\" \/><div id=\"cf2-CF5d57f1123a979_1\"><\/div><input type=\"hidden\" name=\"_cf_frm_id\" value=\"CF5d57f1123a979\">\r\n<input type=\"hidden\" name=\"_cf_frm_ct\" value=\"1\">\r\n<input type=\"hidden\" name=\"cfajax\" value=\"CF5d57f1123a979\">\r\n<input type=\"hidden\" name=\"_cf_cr_pst\" value=\"3461\">\r\n<div class=\"hide\" style=\"display:none; overflow:hidden;height:0;width:0;\">\r\n<label>Name<\/label><input type=\"text\" name=\"name\" value=\"\" autocomplete=\"off\">\r\n<\/div><div id=\"CF5d57f1123a979_1-row-1\"  class=\"row  first_row\"><div  class=\"col-sm-12  single\"><div data-field-wrapper=\"fld_8386081\" class=\"form-group\" id=\"fld_8386081_1-wrap\">\r\n\t<label id=\"fld_8386081Label\" for=\"fld_8386081_1\" class=\"control-label\">Ad Soyad <span aria-hidden=\"true\" role=\"presentation\" class=\"field_required\" style=\"color:#ee0000;\">*<\/span><\/label>\r\n\t<div class=\"\">\r\n\t\t<input   required type=\"text\" data-field=\"fld_8386081\" class=\" form-control\" id=\"fld_8386081_1\" name=\"fld_8386081\" value=\"\" data-type=\"text\" aria-required=\"true\"   aria-labelledby=\"fld_8386081Label\" >\t\t\t<\/div>\r\n<\/div>\r\n<\/div><\/div><div id=\"CF5d57f1123a979_1-row-2\"  class=\"row \"><div  class=\"col-sm-12  single\"><div data-field-wrapper=\"fld_7275611\" class=\"form-group\" id=\"fld_7275611_1-wrap\">\r\n\t<label id=\"fld_7275611Label\" for=\"fld_7275611_1\" class=\"control-label\">\u018flaq\u0259 telefonu <span aria-hidden=\"true\" role=\"presentation\" class=\"field_required\" style=\"color:#ee0000;\">*<\/span><\/label>\r\n\t<div class=\"\">\r\n\t\t<input  data-inputmask=\"'mask': '(999)999-9999'\"  required type=\"phone\" data-field=\"fld_7275611\" class=\" form-control\" id=\"fld_7275611_1\" name=\"fld_7275611\" value=\"\" data-type=\"phone\" aria-required=\"true\"   aria-labelledby=\"fld_7275611Label\" >\t\t\t<\/div>\r\n<\/div>\r\n<\/div><\/div><div id=\"CF5d57f1123a979_1-row-3\"  class=\"row \"><div  class=\"col-sm-12  single\"><div data-field-wrapper=\"fld_3892846\" class=\"form-group\" id=\"fld_3892846_1-wrap\">\r\n\t<label id=\"fld_3892846Label\" for=\"fld_3892846_1\" class=\"control-label\">Qeydl\u0259r <span aria-hidden=\"true\" role=\"presentation\" class=\"field_required\" style=\"color:#ee0000;\">*<\/span><\/label>\r\n\t<div class=\"\">\r\n\t\t<textarea name=\"fld_3892846\" value=\"\" data-field=\"fld_3892846\" class=\"form-control\" id=\"fld_3892846_1\" rows=\"4\"  required=\"required\"  aria-labelledby=\"fld_3892846Label\" ><\/textarea>\n\t\t\t<\/div>\r\n<\/div>\r\n<\/div><\/div><div id=\"CF5d57f1123a979_1-row-4\"  class=\"row  last_row\"><div  class=\"col-sm-12  single\"><div data-field-wrapper=\"fld_7951322\" class=\"form-group\" id=\"fld_7951322_1-wrap\">\r\n<div class=\"\">\r\n\t<input  class=\"btn btn-default\" type=\"submit\" name=\"fld_7951322\" id=\"fld_7951322_1\" value=\"G\u00f6nd\u0259r\" data-field=\"fld_7951322\"  >\n<\/div>\r\n<\/div>\r\n\t<input class=\"button_trigger_1\" type=\"hidden\" name=\"fld_7951322\" id=\"fld_7951322_1_btn\" value=\"\" data-field=\"fld_7951322\"  \/>\n<\/div><\/div><\/form>\r\n<\/div>\r\n\n<p>[\/vc_column_text][\/vc_column][\/vc_row][vc_row content_width=&#8221;grid&#8221;][vc_column][vc_empty_space][\/vc_column][\/vc_row][vc_row content_width=&#8221;grid&#8221; content_aligment=&#8221;center&#8221;][vc_column width=&#8221;1\/4&#8243;][\/vc_column][vc_column width=&#8221;1\/2&#8243;]<a itemprop=\"url\" href=\"http:\/\/modernhospital.az\/e-xidmetler\/e-randevu\/\" target=\"_blank\"  class=\"qodef-btn qodef-btn-huge qodef-btn-outline qodef-btn-hover-scale\"  >\n    <span class=\"qodef-btn-text\">Randevu al<\/span>\n    <span class=\"qodef-btn-icon-normal\"><i class=\"qodef-icon-font-awesome fa  \" ><\/i><\/span>\n    <span class=\"qodef-btn-icon-flip\"><i class=\"qodef-icon-font-awesome fa  \" ><\/i><\/span>\n        \t<span class=\"qodef-hover-background\"><\/span>\n    \n    <\/a>[\/vc_column][vc_column width=&#8221;1\/4&#8243;][\/vc_column][\/vc_row][vc_row content_width=&#8221;grid&#8221;][vc_column][vc_empty_space][\/vc_column][\/vc_row]<\/p>\n","protected":false},"excerpt":{"rendered":"<p>[vc_row content_aligment=&#8221;center&#8221; css=&#8221;.vc_custom_1565947613335{padding-top: 150px !important;padding-bottom: 150px !important;background-image: url(http:\/\/modernhospital.az\/wp-content\/uploads\/2019\/08\/ambulance-2587568_1280.jpg?id=2687) !important;background-position: center !important;background-repeat: no-repeat !important;background-size: cover !important;}&#8221;][vc_column][\/vc_column][\/vc_row][vc_row content_width=&#8221;grid&#8221;][vc_column width=&#8221;2\/3&#8243; css=&#8221;.vc_custom_1566050423240{padding-top: 50px !important;}&#8221;][vc_empty_space height=&#8221;10px&#8221;][vc_column_text]Professional anestezioloqlar\u0131n i\u015ftirak\u0131 il\u0259 h\u0259r n\u00f6v \u0259m\u0259liyyatlar\u0131n h\u0259yata ke\u00e7irilm\u0259si \u00fc\u00e7\u00fcn \u0259sasl\u0131 bazan\u0131n yarad\u0131lm\u0131\u015f oldu\u011fu \u0259m\u0259liyyatxanalar\u0131m\u0131zda 4 m\u00fcxt\u0259lif blok m\u00f6vcuddur ki, bu da eyni anda 4&#8230;<\/p>\n","protected":false},"author":1,"featured_media":0,"parent":3458,"menu_order":0,"comment_status":"closed","ping_status":"closed","template":"full-width.php","meta":{"footnotes":""},"yoast_head":"<!-- This site is optimized with the Yoast SEO plugin v21.5 - https:\/\/yoast.com\/wordpress\/plugins\/seo\/ -->\r\n<title>\u018fm\u0259liyyatxana - My CMS<\/title>\r\n<meta name=\"robots\" content=\"index, follow, max-snippet:-1, max-image-preview:large, max-video-preview:-1\" \/>\r\n<link rel=\"canonical\" href=\"https:\/\/modernhospital.az\/newsite\/bolumler\/diger-sobelerimiz\/emeliyyatxana\/\" \/>\r\n<meta property=\"og:locale\" content=\"en_US\" \/>\r\n<meta property=\"og:type\" content=\"article\" \/>\r\n<meta property=\"og:title\" content=\"\u018fm\u0259liyyatxana - My CMS\" \/>\r\n<meta property=\"og:description\" content=\"[vc_row content_aligment=&#8221;center&#8221; css=&#8221;.vc_custom_1565947613335{padding-top: 150px !important;padding-bottom: 150px !important;background-image: url(http:\/\/modernhospital.az\/wp-content\/uploads\/2019\/08\/ambulance-2587568_1280.jpg?id=2687) !important;background-position: center !important;background-repeat: no-repeat !important;background-size: cover !important;}&#8221;][vc_column][\/vc_column][\/vc_row][vc_row content_width=&#8221;grid&#8221;][vc_column width=&#8221;2\/3&#8243; css=&#8221;.vc_custom_1566050423240{padding-top: 50px !important;}&#8221;][vc_empty_space height=&#8221;10px&#8221;][vc_column_text]Professional anestezioloqlar\u0131n i\u015ftirak\u0131 il\u0259 h\u0259r n\u00f6v \u0259m\u0259liyyatlar\u0131n h\u0259yata ke\u00e7irilm\u0259si \u00fc\u00e7\u00fcn \u0259sasl\u0131 bazan\u0131n yarad\u0131lm\u0131\u015f oldu\u011fu \u0259m\u0259liyyatxanalar\u0131m\u0131zda 4 m\u00fcxt\u0259lif blok m\u00f6vcuddur ki, bu da eyni anda 4...\" \/>\r\n<meta property=\"og:url\" content=\"https:\/\/modernhospital.az\/newsite\/bolumler\/diger-sobelerimiz\/emeliyyatxana\/\" \/>\r\n<meta property=\"og:site_name\" content=\"My CMS\" \/>\r\n<meta property=\"article:modified_time\" content=\"2023-11-11T16:29:27+00:00\" \/>\r\n<meta name=\"twitter:card\" content=\"summary_large_image\" \/>\r\n<meta name=\"twitter:label1\" content=\"Est. reading time\" \/>\n\t<meta name=\"twitter:data1\" content=\"2 minutes\" \/>\r\n<script type=\"application\/ld+json\" class=\"yoast-schema-graph\">{\"@context\":\"https:\/\/schema.org\",\"@graph\":[{\"@type\":\"WebPage\",\"@id\":\"https:\/\/modernhospital.az\/newsite\/bolumler\/diger-sobelerimiz\/emeliyyatxana\/\",\"url\":\"https:\/\/modernhospital.az\/newsite\/bolumler\/diger-sobelerimiz\/emeliyyatxana\/\",\"name\":\"\u018fm\u0259liyyatxana - My CMS\",\"isPartOf\":{\"@id\":\"https:\/\/modernhospital.az\/newsite\/#website\"},\"datePublished\":\"2023-05-11T11:05:49+00:00\",\"dateModified\":\"2023-11-11T16:29:27+00:00\",\"breadcrumb\":{\"@id\":\"https:\/\/modernhospital.az\/newsite\/bolumler\/diger-sobelerimiz\/emeliyyatxana\/#breadcrumb\"},\"inLanguage\":\"en-US\",\"potentialAction\":[{\"@type\":\"ReadAction\",\"target\":[\"https:\/\/modernhospital.az\/newsite\/bolumler\/diger-sobelerimiz\/emeliyyatxana\/\"]}]},{\"@type\":\"BreadcrumbList\",\"@id\":\"https:\/\/modernhospital.az\/newsite\/bolumler\/diger-sobelerimiz\/emeliyyatxana\/#breadcrumb\",\"itemListElement\":[{\"@type\":\"ListItem\",\"position\":1,\"name\":\"Home\",\"item\":\"https:\/\/modernhospital.az\/newsite\/\"},{\"@type\":\"ListItem\",\"position\":2,\"name\":\"B\u00f6l\u00fcml\u0259rimiz\",\"item\":\"https:\/\/modernhospital.az\/newsite\/bolumler\/\"},{\"@type\":\"ListItem\",\"position\":3,\"name\":\"Dig\u0259r \u015f\u00f6b\u0259l\u0259rimiz\",\"item\":\"https:\/\/modernhospital.az\/newsite\/bolumler\/diger-sobelerimiz\/\"},{\"@type\":\"ListItem\",\"position\":4,\"name\":\"\u018fm\u0259liyyatxana\"}]},{\"@type\":\"WebSite\",\"@id\":\"https:\/\/modernhospital.az\/newsite\/#website\",\"url\":\"https:\/\/modernhospital.az\/newsite\/\",\"name\":\"My CMS\",\"description\":\"H\u0259yat\u0131n\u0131za d\u0259y\u0259r ver\u0259r\u0259k!\",\"publisher\":{\"@id\":\"https:\/\/modernhospital.az\/newsite\/#organization\"},\"potentialAction\":[{\"@type\":\"SearchAction\",\"target\":{\"@type\":\"EntryPoint\",\"urlTemplate\":\"https:\/\/modernhospital.az\/newsite\/?s={search_term_string}\"},\"query-input\":\"required name=search_term_string\"}],\"inLanguage\":\"en-US\"},{\"@type\":\"Organization\",\"@id\":\"https:\/\/modernhospital.az\/newsite\/#organization\",\"name\":\"My CMS\",\"url\":\"https:\/\/modernhospital.az\/newsite\/\",\"logo\":{\"@type\":\"ImageObject\",\"inLanguage\":\"en-US\",\"@id\":\"https:\/\/modernhospital.az\/newsite\/#\/schema\/logo\/image\/\",\"url\":\"https:\/\/modernhospital.az\/wp-content\/uploads\/2019\/04\/modern-hospital-logo-01.png\",\"contentUrl\":\"https:\/\/modernhospital.az\/wp-content\/uploads\/2019\/04\/modern-hospital-logo-01.png\",\"width\":1772,\"height\":591,\"caption\":\"My CMS\"},\"image\":{\"@id\":\"https:\/\/modernhospital.az\/newsite\/#\/schema\/logo\/image\/\"}}]}<\/script>\r\n<!-- \/ Yoast SEO plugin. -->","yoast_head_json":{"title":"\u018fm\u0259liyyatxana - My CMS","robots":{"index":"index","follow":"follow","max-snippet":"max-snippet:-1","max-image-preview":"max-image-preview:large","max-video-preview":"max-video-preview:-1"},"canonical":"https:\/\/modernhospital.az\/newsite\/bolumler\/diger-sobelerimiz\/emeliyyatxana\/","og_locale":"en_US","og_type":"article","og_title":"\u018fm\u0259liyyatxana - My CMS","og_description":"[vc_row content_aligment=&#8221;center&#8221; css=&#8221;.vc_custom_1565947613335{padding-top: 150px !important;padding-bottom: 150px !important;background-image: url(http:\/\/modernhospital.az\/wp-content\/uploads\/2019\/08\/ambulance-2587568_1280.jpg?id=2687) !important;background-position: center !important;background-repeat: no-repeat !important;background-size: cover !important;}&#8221;][vc_column][\/vc_column][\/vc_row][vc_row content_width=&#8221;grid&#8221;][vc_column width=&#8221;2\/3&#8243; css=&#8221;.vc_custom_1566050423240{padding-top: 50px !important;}&#8221;][vc_empty_space height=&#8221;10px&#8221;][vc_column_text]Professional anestezioloqlar\u0131n i\u015ftirak\u0131 il\u0259 h\u0259r n\u00f6v \u0259m\u0259liyyatlar\u0131n h\u0259yata ke\u00e7irilm\u0259si \u00fc\u00e7\u00fcn \u0259sasl\u0131 bazan\u0131n yarad\u0131lm\u0131\u015f oldu\u011fu \u0259m\u0259liyyatxanalar\u0131m\u0131zda 4 m\u00fcxt\u0259lif blok m\u00f6vcuddur ki, bu da eyni anda 4...","og_url":"https:\/\/modernhospital.az\/newsite\/bolumler\/diger-sobelerimiz\/emeliyyatxana\/","og_site_name":"My CMS","article_modified_time":"2023-11-11T16:29:27+00:00","twitter_card":"summary_large_image","twitter_misc":{"Est. reading time":"2 minutes"},"schema":{"@context":"https:\/\/schema.org","@graph":[{"@type":"WebPage","@id":"https:\/\/modernhospital.az\/newsite\/bolumler\/diger-sobelerimiz\/emeliyyatxana\/","url":"https:\/\/modernhospital.az\/newsite\/bolumler\/diger-sobelerimiz\/emeliyyatxana\/","name":"\u018fm\u0259liyyatxana - My CMS","isPartOf":{"@id":"https:\/\/modernhospital.az\/newsite\/#website"},"datePublished":"2023-05-11T11:05:49+00:00","dateModified":"2023-11-11T16:29:27+00:00","breadcrumb":{"@id":"https:\/\/modernhospital.az\/newsite\/bolumler\/diger-sobelerimiz\/emeliyyatxana\/#breadcrumb"},"inLanguage":"en-US","potentialAction":[{"@type":"ReadAction","target":["https:\/\/modernhospital.az\/newsite\/bolumler\/diger-sobelerimiz\/emeliyyatxana\/"]}]},{"@type":"BreadcrumbList","@id":"https:\/\/modernhospital.az\/newsite\/bolumler\/diger-sobelerimiz\/emeliyyatxana\/#breadcrumb","itemListElement":[{"@type":"ListItem","position":1,"name":"Home","item":"https:\/\/modernhospital.az\/newsite\/"},{"@type":"ListItem","position":2,"name":"B\u00f6l\u00fcml\u0259rimiz","item":"https:\/\/modernhospital.az\/newsite\/bolumler\/"},{"@type":"ListItem","position":3,"name":"Dig\u0259r \u015f\u00f6b\u0259l\u0259rimiz","item":"https:\/\/modernhospital.az\/newsite\/bolumler\/diger-sobelerimiz\/"},{"@type":"ListItem","position":4,"name":"\u018fm\u0259liyyatxana"}]},{"@type":"WebSite","@id":"https:\/\/modernhospital.az\/newsite\/#website","url":"https:\/\/modernhospital.az\/newsite\/","name":"My CMS","description":"H\u0259yat\u0131n\u0131za d\u0259y\u0259r ver\u0259r\u0259k!","publisher":{"@id":"https:\/\/modernhospital.az\/newsite\/#organization"},"potentialAction":[{"@type":"SearchAction","target":{"@type":"EntryPoint","urlTemplate":"https:\/\/modernhospital.az\/newsite\/?s={search_term_string}"},"query-input":"required name=search_term_string"}],"inLanguage":"en-US"},{"@type":"Organization","@id":"https:\/\/modernhospital.az\/newsite\/#organization","name":"My CMS","url":"https:\/\/modernhospital.az\/newsite\/","logo":{"@type":"ImageObject","inLanguage":"en-US","@id":"https:\/\/modernhospital.az\/newsite\/#\/schema\/logo\/image\/","url":"https:\/\/modernhospital.az\/wp-content\/uploads\/2019\/04\/modern-hospital-logo-01.png","contentUrl":"https:\/\/modernhospital.az\/wp-content\/uploads\/2019\/04\/modern-hospital-logo-01.png","width":1772,"height":591,"caption":"My CMS"},"image":{"@id":"https:\/\/modernhospital.az\/newsite\/#\/schema\/logo\/image\/"}}]}},"jetpack_sharing_enabled":true,"_links":{"self":[{"href":"https:\/\/modernhospital.az\/newsite\/wp-json\/wp\/v2\/pages\/3461"}],"collection":[{"href":"https:\/\/modernhospital.az\/newsite\/wp-json\/wp\/v2\/pages"}],"about":[{"href":"https:\/\/modernhospital.az\/newsite\/wp-json\/wp\/v2\/types\/page"}],"author":[{"embeddable":true,"href":"https:\/\/modernhospital.az\/newsite\/wp-json\/wp\/v2\/users\/1"}],"replies":[{"embeddable":true,"href":"https:\/\/modernhospital.az\/newsite\/wp-json\/wp\/v2\/comments?post=3461"}],"version-history":[{"count":6,"href":"https:\/\/modernhospital.az\/newsite\/wp-json\/wp\/v2\/pages\/3461\/revisions"}],"predecessor-version":[{"id":4190,"href":"https:\/\/modernhospital.az\/newsite\/wp-json\/wp\/v2\/pages\/3461\/revisions\/4190"}],"up":[{"embeddable":true,"href":"https:\/\/modernhospital.az\/newsite\/wp-json\/wp\/v2\/pages\/3458"}],"wp:attachment":[{"href":"https:\/\/modernhospital.az\/newsite\/wp-json\/wp\/v2\/media?parent=3461"}],"curies":[{"name":"wp","href":"https:\/\/api.w.org\/{rel}","templated":true}]}}