{"id":3738,"date":"2023-09-15T18:25:34","date_gmt":"2023-09-15T14:25:34","guid":{"rendered":"http:\/\/modernhospital.az\/newsite\/?page_id=3738"},"modified":"2023-09-21T14:13:35","modified_gmt":"2023-09-21T10:13:35","slug":"infeksiya-bakteroloji-check-up","status":"publish","type":"page","link":"https:\/\/modernhospital.az\/newsite\/check-up\/infeksiya-bakteroloji-check-up\/","title":{"rendered":"\u0130nfeksiya (bakteroloji) check up"},"content":{"rendered":"<p>[vc_row][vc_column width=&#8221;1\/2&#8243;][vc_column_text]<\/p>\n<h2>\u0130nfeksiya-bakteroloji check up<\/h2>\n<ul>\n<li>\u0130nfeksionist q\u0259bulu<\/li>\n<li>USM (Tam abdomen)<\/li>\n<li>Q\u00dcA<\/li>\n<li>S\u00dcA<\/li>\n<li>N\u00dcA<\/li>\n<li>CRP<\/li>\n<li>Anti H\u0130V<\/li>\n<li>Hepatit B<\/li>\n<li>Hepatit C<\/li>\n<li>Heppes<\/li>\n<\/ul>\n<div id=\"gtx-trans\" style=\"position: absolute; left: 5px; top: 265.812px;\">\n<div class=\"gtx-trans-icon\"><\/div>\n<\/div>\n<p>[\/vc_column_text][\/vc_column][vc_column width=&#8221;1\/2&#8243;][vc_single_image image=&#8221;3352&#8243; img_size=&#8221;full&#8221;][vc_empty_space]<div class=\"qodef-pricing-info \">\r\n    <div class=\"qodef-pricing-info-inner\">\r\n\t\t        <h3 class=\"qodef-pricing-info-title\">\r\n\t\t225    <\/h3>\r\n    <div class=\"qodef-pricing-info-pricing\">\r\n        <span class=\"qodef-value\">\u20bc<\/span>\r\n        <span class=\"qodef-price\">180<\/span>\r\n        <span class=\"qodef-mark\">monthly<\/span>\r\n    <\/div>\r\n    <div class=\"qodef-pricing-info-description\">\r\n\t\t    <\/div>\r\n\t<\/div>\r\n<\/div>[\/vc_column][\/vc_row]<\/p>\n","protected":false},"excerpt":{"rendered":"<p>[vc_row][vc_column width=&#8221;1\/2&#8243;][vc_column_text] \u0130nfeksiya-bakteroloji check up \u0130nfeksionist q\u0259bulu USM (Tam abdomen) Q\u00dcA S\u00dcA N\u00dcA CRP Anti H\u0130V Hepatit B Hepatit C Heppes [\/vc_column_text][\/vc_column][vc_column width=&#8221;1\/2&#8243;][vc_single_image image=&#8221;3352&#8243; img_size=&#8221;full&#8221;][vc_empty_space][\/vc_column][\/vc_row]<\/p>\n","protected":false},"author":1,"featured_media":0,"parent":99,"menu_order":0,"comment_status":"closed","ping_status":"closed","template":"","meta":{"footnotes":""},"yoast_head":"<!-- This site is optimized with the Yoast SEO plugin v21.5 - https:\/\/yoast.com\/wordpress\/plugins\/seo\/ -->\r\n<title>\u0130nfeksiya (bakteroloji) check up - My CMS<\/title>\r\n<meta name=\"robots\" content=\"index, follow, max-snippet:-1, max-image-preview:large, max-video-preview:-1\" \/>\r\n<link rel=\"canonical\" href=\"https:\/\/modernhospital.az\/newsite\/check-up\/infeksiya-bakteroloji-check-up\/\" \/>\r\n<meta property=\"og:locale\" content=\"en_US\" \/>\r\n<meta property=\"og:type\" content=\"article\" \/>\r\n<meta property=\"og:title\" content=\"\u0130nfeksiya (bakteroloji) check up - My CMS\" \/>\r\n<meta property=\"og:description\" content=\"[vc_row][vc_column width=&#8221;1\/2&#8243;][vc_column_text] \u0130nfeksiya-bakteroloji check up \u0130nfeksionist q\u0259bulu USM (Tam abdomen) Q\u00dcA S\u00dcA N\u00dcA CRP Anti H\u0130V Hepatit B Hepatit C Heppes [\/vc_column_text][\/vc_column][vc_column width=&#8221;1\/2&#8243;][vc_single_image image=&#8221;3352&#8243; img_size=&#8221;full&#8221;][vc_empty_space][\/vc_column][\/vc_row]\" \/>\r\n<meta property=\"og:url\" content=\"https:\/\/modernhospital.az\/newsite\/check-up\/infeksiya-bakteroloji-check-up\/\" \/>\r\n<meta property=\"og:site_name\" content=\"My CMS\" \/>\r\n<meta property=\"article:modified_time\" content=\"2023-09-21T10:13:35+00:00\" \/>\r\n<meta name=\"twitter:card\" content=\"summary_large_image\" \/>\r\n<script type=\"application\/ld+json\" class=\"yoast-schema-graph\">{\"@context\":\"https:\/\/schema.org\",\"@graph\":[{\"@type\":\"WebPage\",\"@id\":\"https:\/\/modernhospital.az\/newsite\/check-up\/infeksiya-bakteroloji-check-up\/\",\"url\":\"https:\/\/modernhospital.az\/newsite\/check-up\/infeksiya-bakteroloji-check-up\/\",\"name\":\"\u0130nfeksiya (bakteroloji) check up - My CMS\",\"isPartOf\":{\"@id\":\"https:\/\/modernhospital.az\/newsite\/#website\"},\"datePublished\":\"2023-09-15T14:25:34+00:00\",\"dateModified\":\"2023-09-21T10:13:35+00:00\",\"breadcrumb\":{\"@id\":\"https:\/\/modernhospital.az\/newsite\/check-up\/infeksiya-bakteroloji-check-up\/#breadcrumb\"},\"inLanguage\":\"en-US\",\"potentialAction\":[{\"@type\":\"ReadAction\",\"target\":[\"https:\/\/modernhospital.az\/newsite\/check-up\/infeksiya-bakteroloji-check-up\/\"]}]},{\"@type\":\"BreadcrumbList\",\"@id\":\"https:\/\/modernhospital.az\/newsite\/check-up\/infeksiya-bakteroloji-check-up\/#breadcrumb\",\"itemListElement\":[{\"@type\":\"ListItem\",\"position\":1,\"name\":\"Home\",\"item\":\"https:\/\/modernhospital.az\/newsite\/\"},{\"@type\":\"ListItem\",\"position\":2,\"name\":\"Check up\",\"item\":\"https:\/\/modernhospital.az\/newsite\/check-up\/\"},{\"@type\":\"ListItem\",\"position\":3,\"name\":\"\u0130nfeksiya (bakteroloji) check up\"}]},{\"@type\":\"WebSite\",\"@id\":\"https:\/\/modernhospital.az\/newsite\/#website\",\"url\":\"https:\/\/modernhospital.az\/newsite\/\",\"name\":\"My CMS\",\"description\":\"H\u0259yat\u0131n\u0131za d\u0259y\u0259r ver\u0259r\u0259k!\",\"publisher\":{\"@id\":\"https:\/\/modernhospital.az\/newsite\/#organization\"},\"potentialAction\":[{\"@type\":\"SearchAction\",\"target\":{\"@type\":\"EntryPoint\",\"urlTemplate\":\"https:\/\/modernhospital.az\/newsite\/?s={search_term_string}\"},\"query-input\":\"required name=search_term_string\"}],\"inLanguage\":\"en-US\"},{\"@type\":\"Organization\",\"@id\":\"https:\/\/modernhospital.az\/newsite\/#organization\",\"name\":\"My CMS\",\"url\":\"https:\/\/modernhospital.az\/newsite\/\",\"logo\":{\"@type\":\"ImageObject\",\"inLanguage\":\"en-US\",\"@id\":\"https:\/\/modernhospital.az\/newsite\/#\/schema\/logo\/image\/\",\"url\":\"https:\/\/modernhospital.az\/wp-content\/uploads\/2019\/04\/modern-hospital-logo-01.png\",\"contentUrl\":\"https:\/\/modernhospital.az\/wp-content\/uploads\/2019\/04\/modern-hospital-logo-01.png\",\"width\":1772,\"height\":591,\"caption\":\"My CMS\"},\"image\":{\"@id\":\"https:\/\/modernhospital.az\/newsite\/#\/schema\/logo\/image\/\"}}]}<\/script>\r\n<!-- \/ Yoast SEO plugin. -->","yoast_head_json":{"title":"\u0130nfeksiya (bakteroloji) check up - My CMS","robots":{"index":"index","follow":"follow","max-snippet":"max-snippet:-1","max-image-preview":"max-image-preview:large","max-video-preview":"max-video-preview:-1"},"canonical":"https:\/\/modernhospital.az\/newsite\/check-up\/infeksiya-bakteroloji-check-up\/","og_locale":"en_US","og_type":"article","og_title":"\u0130nfeksiya (bakteroloji) check up - My CMS","og_description":"[vc_row][vc_column width=&#8221;1\/2&#8243;][vc_column_text] \u0130nfeksiya-bakteroloji check up \u0130nfeksionist q\u0259bulu USM (Tam abdomen) Q\u00dcA S\u00dcA N\u00dcA CRP Anti H\u0130V Hepatit B Hepatit C Heppes [\/vc_column_text][\/vc_column][vc_column width=&#8221;1\/2&#8243;][vc_single_image image=&#8221;3352&#8243; img_size=&#8221;full&#8221;][vc_empty_space][\/vc_column][\/vc_row]","og_url":"https:\/\/modernhospital.az\/newsite\/check-up\/infeksiya-bakteroloji-check-up\/","og_site_name":"My CMS","article_modified_time":"2023-09-21T10:13:35+00:00","twitter_card":"summary_large_image","schema":{"@context":"https:\/\/schema.org","@graph":[{"@type":"WebPage","@id":"https:\/\/modernhospital.az\/newsite\/check-up\/infeksiya-bakteroloji-check-up\/","url":"https:\/\/modernhospital.az\/newsite\/check-up\/infeksiya-bakteroloji-check-up\/","name":"\u0130nfeksiya (bakteroloji) check up - My CMS","isPartOf":{"@id":"https:\/\/modernhospital.az\/newsite\/#website"},"datePublished":"2023-09-15T14:25:34+00:00","dateModified":"2023-09-21T10:13:35+00:00","breadcrumb":{"@id":"https:\/\/modernhospital.az\/newsite\/check-up\/infeksiya-bakteroloji-check-up\/#breadcrumb"},"inLanguage":"en-US","potentialAction":[{"@type":"ReadAction","target":["https:\/\/modernhospital.az\/newsite\/check-up\/infeksiya-bakteroloji-check-up\/"]}]},{"@type":"BreadcrumbList","@id":"https:\/\/modernhospital.az\/newsite\/check-up\/infeksiya-bakteroloji-check-up\/#breadcrumb","itemListElement":[{"@type":"ListItem","position":1,"name":"Home","item":"https:\/\/modernhospital.az\/newsite\/"},{"@type":"ListItem","position":2,"name":"Check up","item":"https:\/\/modernhospital.az\/newsite\/check-up\/"},{"@type":"ListItem","position":3,"name":"\u0130nfeksiya (bakteroloji) check up"}]},{"@type":"WebSite","@id":"https:\/\/modernhospital.az\/newsite\/#website","url":"https:\/\/modernhospital.az\/newsite\/","name":"My CMS","description":"H\u0259yat\u0131n\u0131za d\u0259y\u0259r ver\u0259r\u0259k!","publisher":{"@id":"https:\/\/modernhospital.az\/newsite\/#organization"},"potentialAction":[{"@type":"SearchAction","target":{"@type":"EntryPoint","urlTemplate":"https:\/\/modernhospital.az\/newsite\/?s={search_term_string}"},"query-input":"required name=search_term_string"}],"inLanguage":"en-US"},{"@type":"Organization","@id":"https:\/\/modernhospital.az\/newsite\/#organization","name":"My CMS","url":"https:\/\/modernhospital.az\/newsite\/","logo":{"@type":"ImageObject","inLanguage":"en-US","@id":"https:\/\/modernhospital.az\/newsite\/#\/schema\/logo\/image\/","url":"https:\/\/modernhospital.az\/wp-content\/uploads\/2019\/04\/modern-hospital-logo-01.png","contentUrl":"https:\/\/modernhospital.az\/wp-content\/uploads\/2019\/04\/modern-hospital-logo-01.png","width":1772,"height":591,"caption":"My CMS"},"image":{"@id":"https:\/\/modernhospital.az\/newsite\/#\/schema\/logo\/image\/"}}]}},"jetpack_sharing_enabled":true,"_links":{"self":[{"href":"https:\/\/modernhospital.az\/newsite\/wp-json\/wp\/v2\/pages\/3738"}],"collection":[{"href":"https:\/\/modernhospital.az\/newsite\/wp-json\/wp\/v2\/pages"}],"about":[{"href":"https:\/\/modernhospital.az\/newsite\/wp-json\/wp\/v2\/types\/page"}],"author":[{"embeddable":true,"href":"https:\/\/modernhospital.az\/newsite\/wp-json\/wp\/v2\/users\/1"}],"replies":[{"embeddable":true,"href":"https:\/\/modernhospital.az\/newsite\/wp-json\/wp\/v2\/comments?post=3738"}],"version-history":[{"count":3,"href":"https:\/\/modernhospital.az\/newsite\/wp-json\/wp\/v2\/pages\/3738\/revisions"}],"predecessor-version":[{"id":3944,"href":"https:\/\/modernhospital.az\/newsite\/wp-json\/wp\/v2\/pages\/3738\/revisions\/3944"}],"up":[{"embeddable":true,"href":"https:\/\/modernhospital.az\/newsite\/wp-json\/wp\/v2\/pages\/99"}],"wp:attachment":[{"href":"https:\/\/modernhospital.az\/newsite\/wp-json\/wp\/v2\/media?parent=3738"}],"curies":[{"name":"wp","href":"https:\/\/api.w.org\/{rel}","templated":true}]}}