{"id":3816,"date":"2023-09-20T16:11:01","date_gmt":"2023-09-20T12:11:01","guid":{"rendered":"http:\/\/modernhospital.az\/newsite\/?page_id=3816"},"modified":"2023-09-25T10:46:12","modified_gmt":"2023-09-25T06:46:12","slug":"biznes-check-up-gold","status":"publish","type":"page","link":"https:\/\/modernhospital.az\/newsite\/check-up\/biznes-check-up-gold\/","title":{"rendered":"Biznes check up gold"},"content":{"rendered":"<p>[vc_row][vc_column width=&#8221;1\/2&#8243;][vc_column_text]<\/p>\n<h2>Biznes check up (gold)<\/h2>\n<ul>\n<li dir=\"ltr\">Terapevt m\u00fcayin\u0259si<\/li>\n<li dir=\"ltr\">USM (abdomen 2)<\/li>\n<li dir=\"ltr\">Q\u00dcA<\/li>\n<li dir=\"ltr\">S\u00dcA<\/li>\n<li dir=\"ltr\">EKQ<\/li>\n<li dir=\"ltr\">Rentgenoskopiya(d\u00f6\u015f q\u0259f\u0259si)<\/li>\n<li dir=\"ltr\">ANT\u0130 H\u0130V<\/li>\n<li dir=\"ltr\">Siflis<\/li>\n<li dir=\"ltr\">Hepatit B<\/li>\n<li dir=\"ltr\">Hepatit C<\/li>\n<\/ul>\n<p>[\/vc_column_text][\/vc_column][vc_column width=&#8221;1\/2&#8243;][vc_single_image image=&#8221;3977&#8243; img_size=&#8221;full&#8221;][vc_empty_space]<div class=\"qodef-pricing-info \">\r\n    <div class=\"qodef-pricing-info-inner\">\r\n\t\t        <h3 class=\"qodef-pricing-info-title\">\r\n\t\t195    <\/h3>\r\n    <div class=\"qodef-pricing-info-pricing\">\r\n        <span class=\"qodef-value\">\u20bc<\/span>\r\n        <span class=\"qodef-price\">155<\/span>\r\n        <span class=\"qodef-mark\">monthly<\/span>\r\n    <\/div>\r\n    <div class=\"qodef-pricing-info-description\">\r\n\t\t    <\/div>\r\n\t<\/div>\r\n<\/div>[\/vc_column][\/vc_row]<\/p>\n","protected":false},"excerpt":{"rendered":"<p>[vc_row][vc_column width=&#8221;1\/2&#8243;][vc_column_text] Biznes check up (gold) Terapevt m\u00fcayin\u0259si USM (abdomen 2) Q\u00dcA S\u00dcA EKQ Rentgenoskopiya(d\u00f6\u015f q\u0259f\u0259si) ANT\u0130 H\u0130V Siflis Hepatit B Hepatit C [\/vc_column_text][\/vc_column][vc_column width=&#8221;1\/2&#8243;][vc_single_image image=&#8221;3977&#8243; img_size=&#8221;full&#8221;][vc_empty_space][\/vc_column][\/vc_row]<\/p>\n","protected":false},"author":1,"featured_media":0,"parent":99,"menu_order":0,"comment_status":"closed","ping_status":"closed","template":"","meta":{"footnotes":""},"yoast_head":"<!-- This site is optimized with the Yoast SEO plugin v21.5 - https:\/\/yoast.com\/wordpress\/plugins\/seo\/ -->\r\n<title>Biznes check up gold - My CMS<\/title>\r\n<meta name=\"robots\" content=\"index, follow, max-snippet:-1, max-image-preview:large, max-video-preview:-1\" \/>\r\n<link rel=\"canonical\" href=\"https:\/\/modernhospital.az\/newsite\/check-up\/biznes-check-up-gold\/\" \/>\r\n<meta property=\"og:locale\" content=\"en_US\" \/>\r\n<meta property=\"og:type\" content=\"article\" \/>\r\n<meta property=\"og:title\" content=\"Biznes check up gold - My CMS\" \/>\r\n<meta property=\"og:description\" content=\"[vc_row][vc_column width=&#8221;1\/2&#8243;][vc_column_text] Biznes check up (gold) Terapevt m\u00fcayin\u0259si USM (abdomen 2) Q\u00dcA S\u00dcA EKQ Rentgenoskopiya(d\u00f6\u015f q\u0259f\u0259si) ANT\u0130 H\u0130V Siflis Hepatit B Hepatit C [\/vc_column_text][\/vc_column][vc_column width=&#8221;1\/2&#8243;][vc_single_image image=&#8221;3977&#8243; img_size=&#8221;full&#8221;][vc_empty_space][\/vc_column][\/vc_row]\" \/>\r\n<meta property=\"og:url\" content=\"https:\/\/modernhospital.az\/newsite\/check-up\/biznes-check-up-gold\/\" \/>\r\n<meta property=\"og:site_name\" content=\"My CMS\" \/>\r\n<meta property=\"article:modified_time\" content=\"2023-09-25T06:46:12+00:00\" \/>\r\n<meta name=\"twitter:card\" content=\"summary_large_image\" \/>\r\n<script type=\"application\/ld+json\" class=\"yoast-schema-graph\">{\"@context\":\"https:\/\/schema.org\",\"@graph\":[{\"@type\":\"WebPage\",\"@id\":\"https:\/\/modernhospital.az\/newsite\/check-up\/biznes-check-up-gold\/\",\"url\":\"https:\/\/modernhospital.az\/newsite\/check-up\/biznes-check-up-gold\/\",\"name\":\"Biznes check up gold - My CMS\",\"isPartOf\":{\"@id\":\"https:\/\/modernhospital.az\/newsite\/#website\"},\"datePublished\":\"2023-09-20T12:11:01+00:00\",\"dateModified\":\"2023-09-25T06:46:12+00:00\",\"breadcrumb\":{\"@id\":\"https:\/\/modernhospital.az\/newsite\/check-up\/biznes-check-up-gold\/#breadcrumb\"},\"inLanguage\":\"en-US\",\"potentialAction\":[{\"@type\":\"ReadAction\",\"target\":[\"https:\/\/modernhospital.az\/newsite\/check-up\/biznes-check-up-gold\/\"]}]},{\"@type\":\"BreadcrumbList\",\"@id\":\"https:\/\/modernhospital.az\/newsite\/check-up\/biznes-check-up-gold\/#breadcrumb\",\"itemListElement\":[{\"@type\":\"ListItem\",\"position\":1,\"name\":\"Home\",\"item\":\"https:\/\/modernhospital.az\/newsite\/\"},{\"@type\":\"ListItem\",\"position\":2,\"name\":\"Check up\",\"item\":\"https:\/\/modernhospital.az\/newsite\/check-up\/\"},{\"@type\":\"ListItem\",\"position\":3,\"name\":\"Biznes check up gold\"}]},{\"@type\":\"WebSite\",\"@id\":\"https:\/\/modernhospital.az\/newsite\/#website\",\"url\":\"https:\/\/modernhospital.az\/newsite\/\",\"name\":\"My CMS\",\"description\":\"H\u0259yat\u0131n\u0131za d\u0259y\u0259r ver\u0259r\u0259k!\",\"publisher\":{\"@id\":\"https:\/\/modernhospital.az\/newsite\/#organization\"},\"potentialAction\":[{\"@type\":\"SearchAction\",\"target\":{\"@type\":\"EntryPoint\",\"urlTemplate\":\"https:\/\/modernhospital.az\/newsite\/?s={search_term_string}\"},\"query-input\":\"required name=search_term_string\"}],\"inLanguage\":\"en-US\"},{\"@type\":\"Organization\",\"@id\":\"https:\/\/modernhospital.az\/newsite\/#organization\",\"name\":\"My CMS\",\"url\":\"https:\/\/modernhospital.az\/newsite\/\",\"logo\":{\"@type\":\"ImageObject\",\"inLanguage\":\"en-US\",\"@id\":\"https:\/\/modernhospital.az\/newsite\/#\/schema\/logo\/image\/\",\"url\":\"https:\/\/modernhospital.az\/wp-content\/uploads\/2019\/04\/modern-hospital-logo-01.png\",\"contentUrl\":\"https:\/\/modernhospital.az\/wp-content\/uploads\/2019\/04\/modern-hospital-logo-01.png\",\"width\":1772,\"height\":591,\"caption\":\"My CMS\"},\"image\":{\"@id\":\"https:\/\/modernhospital.az\/newsite\/#\/schema\/logo\/image\/\"}}]}<\/script>\r\n<!-- \/ Yoast SEO plugin. -->","yoast_head_json":{"title":"Biznes check up gold - My CMS","robots":{"index":"index","follow":"follow","max-snippet":"max-snippet:-1","max-image-preview":"max-image-preview:large","max-video-preview":"max-video-preview:-1"},"canonical":"https:\/\/modernhospital.az\/newsite\/check-up\/biznes-check-up-gold\/","og_locale":"en_US","og_type":"article","og_title":"Biznes check up gold - My CMS","og_description":"[vc_row][vc_column width=&#8221;1\/2&#8243;][vc_column_text] Biznes check up (gold) Terapevt m\u00fcayin\u0259si USM (abdomen 2) Q\u00dcA S\u00dcA EKQ Rentgenoskopiya(d\u00f6\u015f q\u0259f\u0259si) ANT\u0130 H\u0130V Siflis Hepatit B Hepatit C [\/vc_column_text][\/vc_column][vc_column width=&#8221;1\/2&#8243;][vc_single_image image=&#8221;3977&#8243; img_size=&#8221;full&#8221;][vc_empty_space][\/vc_column][\/vc_row]","og_url":"https:\/\/modernhospital.az\/newsite\/check-up\/biznes-check-up-gold\/","og_site_name":"My CMS","article_modified_time":"2023-09-25T06:46:12+00:00","twitter_card":"summary_large_image","schema":{"@context":"https:\/\/schema.org","@graph":[{"@type":"WebPage","@id":"https:\/\/modernhospital.az\/newsite\/check-up\/biznes-check-up-gold\/","url":"https:\/\/modernhospital.az\/newsite\/check-up\/biznes-check-up-gold\/","name":"Biznes check up gold - My CMS","isPartOf":{"@id":"https:\/\/modernhospital.az\/newsite\/#website"},"datePublished":"2023-09-20T12:11:01+00:00","dateModified":"2023-09-25T06:46:12+00:00","breadcrumb":{"@id":"https:\/\/modernhospital.az\/newsite\/check-up\/biznes-check-up-gold\/#breadcrumb"},"inLanguage":"en-US","potentialAction":[{"@type":"ReadAction","target":["https:\/\/modernhospital.az\/newsite\/check-up\/biznes-check-up-gold\/"]}]},{"@type":"BreadcrumbList","@id":"https:\/\/modernhospital.az\/newsite\/check-up\/biznes-check-up-gold\/#breadcrumb","itemListElement":[{"@type":"ListItem","position":1,"name":"Home","item":"https:\/\/modernhospital.az\/newsite\/"},{"@type":"ListItem","position":2,"name":"Check up","item":"https:\/\/modernhospital.az\/newsite\/check-up\/"},{"@type":"ListItem","position":3,"name":"Biznes check up gold"}]},{"@type":"WebSite","@id":"https:\/\/modernhospital.az\/newsite\/#website","url":"https:\/\/modernhospital.az\/newsite\/","name":"My CMS","description":"H\u0259yat\u0131n\u0131za d\u0259y\u0259r ver\u0259r\u0259k!","publisher":{"@id":"https:\/\/modernhospital.az\/newsite\/#organization"},"potentialAction":[{"@type":"SearchAction","target":{"@type":"EntryPoint","urlTemplate":"https:\/\/modernhospital.az\/newsite\/?s={search_term_string}"},"query-input":"required name=search_term_string"}],"inLanguage":"en-US"},{"@type":"Organization","@id":"https:\/\/modernhospital.az\/newsite\/#organization","name":"My CMS","url":"https:\/\/modernhospital.az\/newsite\/","logo":{"@type":"ImageObject","inLanguage":"en-US","@id":"https:\/\/modernhospital.az\/newsite\/#\/schema\/logo\/image\/","url":"https:\/\/modernhospital.az\/wp-content\/uploads\/2019\/04\/modern-hospital-logo-01.png","contentUrl":"https:\/\/modernhospital.az\/wp-content\/uploads\/2019\/04\/modern-hospital-logo-01.png","width":1772,"height":591,"caption":"My CMS"},"image":{"@id":"https:\/\/modernhospital.az\/newsite\/#\/schema\/logo\/image\/"}}]}},"jetpack_sharing_enabled":true,"_links":{"self":[{"href":"https:\/\/modernhospital.az\/newsite\/wp-json\/wp\/v2\/pages\/3816"}],"collection":[{"href":"https:\/\/modernhospital.az\/newsite\/wp-json\/wp\/v2\/pages"}],"about":[{"href":"https:\/\/modernhospital.az\/newsite\/wp-json\/wp\/v2\/types\/page"}],"author":[{"embeddable":true,"href":"https:\/\/modernhospital.az\/newsite\/wp-json\/wp\/v2\/users\/1"}],"replies":[{"embeddable":true,"href":"https:\/\/modernhospital.az\/newsite\/wp-json\/wp\/v2\/comments?post=3816"}],"version-history":[{"count":4,"href":"https:\/\/modernhospital.az\/newsite\/wp-json\/wp\/v2\/pages\/3816\/revisions"}],"predecessor-version":[{"id":3987,"href":"https:\/\/modernhospital.az\/newsite\/wp-json\/wp\/v2\/pages\/3816\/revisions\/3987"}],"up":[{"embeddable":true,"href":"https:\/\/modernhospital.az\/newsite\/wp-json\/wp\/v2\/pages\/99"}],"wp:attachment":[{"href":"https:\/\/modernhospital.az\/newsite\/wp-json\/wp\/v2\/media?parent=3816"}],"curies":[{"name":"wp","href":"https:\/\/api.w.org\/{rel}","templated":true}]}}