{"id":41,"date":"2019-03-11T18:44:17","date_gmt":"2019-03-11T14:44:17","guid":{"rendered":"http:\/\/modernhospital.az\/newsite\/?page_id=41"},"modified":"2023-09-19T11:53:27","modified_gmt":"2023-09-19T07:53:27","slug":"mammologiya","status":"publish","type":"page","link":"https:\/\/modernhospital.az\/newsite\/bolumler\/terapevtik-bolumler\/mammologiya\/","title":{"rendered":"Mammologiya"},"content":{"rendered":"<p>[vc_row css=&#8221;.vc_custom_1565962952945{padding-top: 150px !important;padding-bottom: 150px !important;background-image: url(http:\/\/modernhospital.az\/wp-content\/uploads\/2019\/08\/ultrasound.jpg?id=2716) !important;background-position: center !important;background-repeat: no-repeat !important;background-size: cover !important;}&#8221;][vc_column]\n<div class=\"qodef-custom-font-holder\" style=\"font-family: Fira Sans;font-size: 55px;line-height: 55px;font-weight: 600;text-align: center;color: #ffffff\" data-font-size= 55 data-line-height= 55>\n    MAMMOLOG\u0130YA    <\/div>[\/vc_column][\/vc_row][vc_row content_width=&#8221;grid&#8221;][vc_column width=&#8221;2\/3&#8243; css=&#8221;.vc_custom_1566050423240{padding-top: 50px !important;}&#8221;]\n<div class=\"qodef-custom-font-holder\" style=\"font-family: Fira Sans;font-size: 40px;line-height: 40px;font-weight: 500;letter-spacing: -1px\" data-font-size= 40 data-line-height= 40>\n    \u00dcmumi M\u0259lumat    <\/div>[vc_empty_space height=&#8221;10px&#8221;][vc_column_text]Mammologiya \u2014 s\u00fcd v\u0259zi x\u0259st\u0259likl\u0259rinin diaqnostikas\u0131, m\u00fcalic\u0259si v\u0259 profilaktikas\u0131 il\u0259 m\u0259\u015f\u011ful olan elm sah\u0259sidir.<\/p>\n<p>Mammalogiya \u015f\u00f6b\u0259mizd\u0259 ixtisasla\u015fm\u0131\u015f qad\u0131n h\u0259kim kollektivimiz h\u0259r n\u00f6v s\u00fcd v\u0259zi x\u0259st\u0259likl\u0259rinin m\u00fcayin\u0259sini ed\u0259r\u0259k diaqnozunu t\u0259yin edir. S\u00fcd (d\u00f6\u015f) v\u0259zil\u0259ri il\u0259 ba\u011fl\u0131 \u015fikay\u0259tl\u0259r\u0259 h\u0259kim t\u0259r\u0259find\u0259n x\u00fcsusi diqq\u0259tin yetirilir. \u018fg\u0259r b\u0259dxass\u0259li s\u00fcd v\u0259zi x\u0259st\u0259likl\u0259ri ehtimal\u0131 varsa \u0259n q\u0131sa zamanda x\u0259st\u0259liyin m\u00fc\u0259yy\u0259n edilm\u0259sin\u0259 \u00e7al\u0131\u015f\u0131l\u0131r ki, erk\u0259n inki\u015faf d\u00f6vr\u00fcnd\u0259 x\u0259st\u0259liyin m\u00fcalic\u0259sin\u0259 ba\u015flana bilinsin. Eyni zamanda, xo\u015fxass\u0259li x\u0259st\u0259likl\u0259r d\u0259 diqq\u0259td\u0259n k\u0259narda saxlan\u0131lm\u0131r. M\u00fcayin\u0259 olunan pasientl\u0259rin yaln\u0131z 5% &#8211; d\u0259 s\u00fcd v\u0259zi x\u0259r\u00e7\u0259ngi a\u015fkar olunur. H\u0259r s\u00fcd v\u0259zi \u015fikay\u0259ti x\u0259r\u00e7\u0259ng x\u0259st\u0259liyinin \u0259lam\u0259ti deyildir.<\/p>\n<p><strong>S\u00fcd v\u0259zi x\u0259st\u0259liyinin simptom v\u0259 \u0259lam\u0259tl\u0259ri<\/strong><\/p>\n<ul>\n<li>\u00a0d\u00f6\u015f v\u0259zi daxilind\u0259 \u0259ll\u0259n\u0259n \u015fi\u015f v\u0259 ya qal\u0131n k\u00fctl\u0259,<\/li>\n<li>\u00a0d\u00f6\u015f\u00fcn h\u0259cmi v\u0259 ya g\u00f6r\u00fcn\u00fc\u015f\u00fcn\u00fcn d\u0259yi\u015fm\u0259si,<\/li>\n<li>\u00a0d\u00f6\u015f a\u011fr\u0131s\u0131,<\/li>\n<li>\u00a0d\u00f6\u015f\u00fcn gil\u0259sind\u0259n ax\u0131nt\u0131 v\u0259 ya gil\u0259nin daxil\u0259 \u00e7evrilm\u0259si<\/li>\n<\/ul>\n<p><strong>Klinikam\u0131zda t\u0259tbiq olunan diaqnostik g\u00f6r\u00fcnt\u00fcl\u0259m\u0259 vasit\u0259l\u0259ri:<\/strong><\/p>\n<ul>\n<li>S\u00fcd v\u0259zi USM-i<\/li>\n<li>S\u00fcd v\u0259zi doppler m\u00fcayin\u0259si<\/li>\n<li>D\u00f6\u015f q\u0259f\u0259sinin KT m\u00fcayin\u0259si<\/li>\n<li>Mammoqrafiya<\/li>\n<\/ul>\n<p><strong><em>Mammoqrafiya<\/em><\/strong> &#8211; Yeni yaranm\u0131\u015f s\u00fcd v\u0259zi problemi il\u0259 m\u00fcraci\u0259t etmi\u015f v\u0259 ya\u015f\u0131 40-dan yuxar\u0131 olan b\u00fct\u00fcn qad\u0131nlarda ilk test kimi mammoqrafiya t\u0259tbiq edilm\u0259lidir. Mammoqrafiya ild\u0259 1 d\u0259f\u0259 t\u0259krarlanmal\u0131d\u0131r. Ya\u015f\u0131 40 &#8211; dan az olan xan\u0131mlarda m\u00fcayin\u0259 USM \u2013 il\u0259 apar\u0131lmal\u0131d\u0131r. Yaln\u0131z \u015f\u00fcbh\u0259li t\u00f6r\u0259m\u0259 olarsa v\u0259 ail\u0259d\u0259 s\u00fcd v\u0259zi x\u0259r\u00e7\u0259ngi olarsa mammoqrafiya \u00e7\u0259kilm\u0259lidir.<\/p>\n<p>Profilaktik olaraq f\u0259rdi gigiyena v\u0259 \u0259mizdirm\u0259 qaydalar\u0131na riay\u0259t olunmal\u0131, ginekoloq v\u0259 mammoloqun m\u00fcnt\u0259z\u0259m q\u0259bulunda olunmas\u0131 g\u0259r\u0259klidir.[\/vc_column_text][vc_empty_space][\/vc_column][vc_column width=&#8221;1\/3&#8243; css=&#8221;.vc_custom_1566046579992{padding-top: 30px !important;padding-bottom: 30px !important;padding-left: 30px !important;background-color: #efefef !important;}&#8221;]\n<div class=\"qodef-custom-font-holder\" style=\"font-family: Fira Sans;font-size: 25px;line-height: 25px;font-weight: 500;text-align: center;color: #dd3333\" data-font-size= 25 data-line-height= 25>\n    <strong>Sual\u0131n\u0131z var?<\/strong>    <\/div>[vc_empty_space height=&#8221;15px&#8221;][vc_column_text]<\/p>\n<div class=\"caldera-grid\" id=\"caldera_form_1\" data-cf-ver=\"1.9.3\" data-cf-form-id=\"CF5d57f1123a979\"><div id=\"caldera_notices_1\" data-spinner=\"https:\/\/modernhospital.az\/newsite\/wp-admin\/images\/spinner.gif\"><\/div><form data-instance=\"1\" class=\"CF5d57f1123a979 caldera_forms_form cfajax-trigger\" method=\"POST\" enctype=\"multipart\/form-data\" id=\"CF5d57f1123a979_1\" data-form-id=\"CF5d57f1123a979\" aria-label=\"Ki&ccedil;ik \u0259laq\u0259\" data-target=\"#caldera_notices_1\" data-template=\"#cfajax_CF5d57f1123a979-tmpl\" data-cfajax=\"CF5d57f1123a979\" data-load-element=\"_parent\" data-load-class=\"cf_processing\" data-post-disable=\"0\" data-action=\"cf_process_ajax_submit\" data-request=\"https:\/\/modernhospital.az\/newsite\/cf-api\/CF5d57f1123a979\" data-hiderows=\"true\">\r\n<input type=\"hidden\" id=\"_cf_verify_CF5d57f1123a979\" name=\"_cf_verify\" value=\"fe71bf05b9\"  data-nonce-time=\"1777525029\" \/><input type=\"hidden\" name=\"_wp_http_referer\" value=\"\/newsite\/wp-json\/wp\/v2\/pages\/41\" \/><div id=\"cf2-CF5d57f1123a979_1\"><\/div><input type=\"hidden\" name=\"_cf_frm_id\" value=\"CF5d57f1123a979\">\r\n<input type=\"hidden\" name=\"_cf_frm_ct\" value=\"1\">\r\n<input type=\"hidden\" name=\"cfajax\" value=\"CF5d57f1123a979\">\r\n<input type=\"hidden\" name=\"_cf_cr_pst\" value=\"41\">\r\n<div class=\"hide\" style=\"display:none; overflow:hidden;height:0;width:0;\">\r\n<label>Phone<\/label><input type=\"text\" name=\"phone\" value=\"\" autocomplete=\"off\">\r\n<\/div><div id=\"CF5d57f1123a979_1-row-1\"  class=\"row  first_row\"><div  class=\"col-sm-12  single\"><div data-field-wrapper=\"fld_8386081\" class=\"form-group\" id=\"fld_8386081_1-wrap\">\r\n\t<label id=\"fld_8386081Label\" for=\"fld_8386081_1\" class=\"control-label\">Ad Soyad <span aria-hidden=\"true\" role=\"presentation\" class=\"field_required\" style=\"color:#ee0000;\">*<\/span><\/label>\r\n\t<div class=\"\">\r\n\t\t<input   required type=\"text\" data-field=\"fld_8386081\" class=\" form-control\" id=\"fld_8386081_1\" name=\"fld_8386081\" value=\"\" data-type=\"text\" aria-required=\"true\"   aria-labelledby=\"fld_8386081Label\" >\t\t\t<\/div>\r\n<\/div>\r\n<\/div><\/div><div id=\"CF5d57f1123a979_1-row-2\"  class=\"row \"><div  class=\"col-sm-12  single\"><div data-field-wrapper=\"fld_7275611\" class=\"form-group\" id=\"fld_7275611_1-wrap\">\r\n\t<label id=\"fld_7275611Label\" for=\"fld_7275611_1\" class=\"control-label\">\u018flaq\u0259 telefonu <span aria-hidden=\"true\" role=\"presentation\" class=\"field_required\" style=\"color:#ee0000;\">*<\/span><\/label>\r\n\t<div class=\"\">\r\n\t\t<input  data-inputmask=\"'mask': '(999)999-9999'\"  required type=\"phone\" data-field=\"fld_7275611\" class=\" form-control\" id=\"fld_7275611_1\" name=\"fld_7275611\" value=\"\" data-type=\"phone\" aria-required=\"true\"   aria-labelledby=\"fld_7275611Label\" >\t\t\t<\/div>\r\n<\/div>\r\n<\/div><\/div><div id=\"CF5d57f1123a979_1-row-3\"  class=\"row \"><div  class=\"col-sm-12  single\"><div data-field-wrapper=\"fld_3892846\" class=\"form-group\" id=\"fld_3892846_1-wrap\">\r\n\t<label id=\"fld_3892846Label\" for=\"fld_3892846_1\" class=\"control-label\">Qeydl\u0259r <span aria-hidden=\"true\" role=\"presentation\" class=\"field_required\" style=\"color:#ee0000;\">*<\/span><\/label>\r\n\t<div class=\"\">\r\n\t\t<textarea name=\"fld_3892846\" value=\"\" data-field=\"fld_3892846\" class=\"form-control\" id=\"fld_3892846_1\" rows=\"4\"  required=\"required\"  aria-labelledby=\"fld_3892846Label\" ><\/textarea>\n\t\t\t<\/div>\r\n<\/div>\r\n<\/div><\/div><div id=\"CF5d57f1123a979_1-row-4\"  class=\"row  last_row\"><div  class=\"col-sm-12  single\"><div data-field-wrapper=\"fld_7951322\" class=\"form-group\" id=\"fld_7951322_1-wrap\">\r\n<div class=\"\">\r\n\t<input  class=\"btn btn-default\" type=\"submit\" name=\"fld_7951322\" id=\"fld_7951322_1\" value=\"G\u00f6nd\u0259r\" data-field=\"fld_7951322\"  >\n<\/div>\r\n<\/div>\r\n\t<input class=\"button_trigger_1\" type=\"hidden\" name=\"fld_7951322\" id=\"fld_7951322_1_btn\" value=\"\" data-field=\"fld_7951322\"  \/>\n<\/div><\/div><\/form>\r\n<\/div>\r\n\n<p>[\/vc_column_text][\/vc_column][\/vc_row][vc_row content_width=&#8221;grid&#8221;][vc_column][vc_empty_space]<div class=\"qodef-tabs qodef-horizontal-tab qodef-tab-without-icon qodef-tab-boxed clearfix\">\n\t<ul class=\"qodef-tabs-nav\">\n\t\t\t\t\t<li>\n\t\t\t\t<a href=\"#tab-x%c9%99st%c9%99likl%c9%99r\">\n\n\t\t\t\t\t\t\t\t\t\t\t<span class=\"qodef-tab-text-after-icon\">\n\t\t\t\t\t\t\tX\u0259st\u0259likl\u0259r\t\t\t\t\t\t<\/span>\n\t\t\t\t\t\n\t\t\t\t\t\t\t\t\t\t\t\n\t\t\t\t\t\t\t\t\t<\/a>\n\t\t\t <\/li>\n\t\t\t\t\t<li>\n\t\t\t\t<a href=\"#tab-simptomlar\">\n\n\t\t\t\t\t\t\t\t\t\t\t<span class=\"qodef-tab-text-after-icon\">\n\t\t\t\t\t\t\tSimptomlar\t\t\t\t\t\t<\/span>\n\t\t\t\t\t\n\t\t\t\t\t\t\t\t\t\t\t\n\t\t\t\t\t\t\t\t\t<\/a>\n\t\t\t <\/li>\n\t\t\t\t\t<li>\n\t\t\t\t<a href=\"#tab-xidm%c9%99tl%c9%99r\">\n\n\t\t\t\t\t\t\t\t\t\t\t<span class=\"qodef-tab-text-after-icon\">\n\t\t\t\t\t\t\tXidm\u0259tl\u0259r\t\t\t\t\t\t<\/span>\n\t\t\t\t\t\n\t\t\t\t\t\t\t\t\t\t\t\n\t\t\t\t\t\t\t\t\t<\/a>\n\t\t\t <\/li>\n\t\t\t<\/ul> \n\t<div class=\"qodef-tab-container\" id=\"tab-x%c9%99st%c9%99likl%c9%99r-169\" data-icon-pack=\"font_awesome\" data-icon-html=\"&lt;i class=&quot;qodef-icon-font-awesome fa  &quot; &gt;&lt;\/i&gt;\">[vc_column_text]<\/p>\n<ul>\n<li>Aqalaktiya<\/li>\n<li>D\u00f6\u015f gil\u0259sinin iltihab\u0131<\/li>\n<li>D\u00fcy\u00fcnl\u00fc mastopatiya<\/li>\n<li>Hipoqalaktiya<\/li>\n<li>\u0130rinli mastit<\/li>\n<li>Mastit<\/li>\n<li>Qranulomatoz mastit<\/li>\n<li>Mastodiniya<\/li>\n<li>Mastopatiya<\/li>\n<li>Qalaktofarit<\/li>\n<li>Qalaktosele<\/li>\n<li>S\u00fcd v\u0259zi adenomas\u0131<\/li>\n<li>S\u00fcd v\u0259zi x\u0259r\u00e7\u0259ngi<\/li>\n<li>S\u00fcd v\u0259zil\u0259rinin absesi<\/li>\n<li>S\u00fcd v\u0259zil\u0259rinin adenozu<\/li>\n<li>S\u00fcd v\u0259zil\u0259rinin aktinomikozu<\/li>\n<li>S\u00fcd v\u0259zil\u0259rinin axardaxili papillomas\u0131<\/li>\n<li>S\u00fcd v\u0259zil\u0259rinin fibromas\u0131<\/li>\n<li>Limfadenopatiya<\/li>\n<li>Limfedema<\/li>\n<\/ul>\n<p>[\/vc_column_text]<\/div><div class=\"qodef-tab-container\" id=\"tab-simptomlar-241\" data-icon-pack=\"font_awesome\" data-icon-html=\"&lt;i class=&quot;qodef-icon-font-awesome fa  &quot; &gt;&lt;\/i&gt;\"><\/div><div class=\"qodef-tab-container\" id=\"tab-xidm%c9%99tl%c9%99r-573\" data-icon-pack=\"font_awesome\" data-icon-html=\"&lt;i class=&quot;qodef-icon-font-awesome fa  &quot; &gt;&lt;\/i&gt;\">[vc_column_text]<\/p>\n<ul>\n<li>S\u00fcd v\u0259zi c\u0259rrahiyy\u0259 m\u00fcalic\u0259si<\/li>\n<li>Hormonal m\u00fcalic\u0259 (anti-estrogen m\u00fcalic\u0259)<\/li>\n<li>H\u0259d\u0259f y\u00f6n\u00fcml\u00fc m\u00fcalic\u0259l\u0259r (bioloji m\u00fcalic\u0259l\u0259r)<\/li>\n<li>Mammoqrafiya il\u0259 s\u00fcd v\u0259zi x\u0259st\u0259likl\u0259rinin t\u0259yin olunmas\u0131<\/li>\n<li>Radioloji m\u00fcayin\u0259l\u0259r(USM, Doppler, KT) il\u0259 s\u00fcd v\u0259zi x\u0259st\u0259likl\u0259rinin a\u015fkarlanmas\u0131<\/li>\n<li>S\u00fcd v\u0259zi rekonstruksiyas\u0131<\/li>\n<li>S\u00fcd v\u0259zinin fiziki m\u00fcayin\u0259si (h\u0259kim t\u0259r\u0259find\u0259n)<\/li>\n<li>D\u00f6\u015f q\u0259f\u0259si rentgeni<\/li>\n<li>Onkomarkerl\u0259r<\/li>\n<li>Genetik testl\u0259rin g\u00f6t\u00fcr\u00fclm\u0259si<\/li>\n<\/ul>\n<p>[\/vc_column_text]<\/div><\/div>[\/vc_column][\/vc_row][vc_row content_width=&#8221;grid&#8221; content_aligment=&#8221;center&#8221;][vc_column width=&#8221;1\/4&#8243;][\/vc_column][vc_column width=&#8221;1\/2&#8243;]<a itemprop=\"url\" href=\"http:\/\/modernhospital.az\/e-xidmetler\/e-randevu\/\" target=\"_blank\"  class=\"qodef-btn qodef-btn-huge qodef-btn-outline qodef-btn-hover-scale\"  >\n    <span class=\"qodef-btn-text\">Randevu al<\/span>\n    <span class=\"qodef-btn-icon-normal\"><i class=\"qodef-icon-font-awesome fa  \" ><\/i><\/span>\n    <span class=\"qodef-btn-icon-flip\"><i class=\"qodef-icon-font-awesome fa  \" ><\/i><\/span>\n        \t<span class=\"qodef-hover-background\"><\/span>\n    \n    <\/a>[vc_empty_space][\/vc_column][vc_column width=&#8221;1\/4&#8243;][\/vc_column][\/vc_row][vc_row content_width=&#8221;grid&#8221;][vc_column][vc_text_separator title=&#8221;B\u00f6l\u00fcm\u0259 aid h\u0259kiml\u0259r&#8221; color=&#8221;custom&#8221; accent_color=&#8221;#dd3333&#8243; css=&#8221;.vc_custom_1694775171851{padding-top: 50px !important;padding-bottom: 50px !important;}&#8221;]<div class=\"qodef-blog-list-holder qodef-boxes qodef-four-columns\">\n    <ul class=\"qodef-blog-list\">\n\t\t<li class=\"qodef-blog-list-item\">\n    <div class=\"qodef-blog-list-item-inner\">\n                    <div class=\"qodef-item-image clearfix\">\n                <a itemprop=\"url\" href=\"https:\/\/modernhospital.az\/newsite\/aygun-mayilova\/\">\n                    <img loading=\"lazy\" decoding=\"async\" width=\"1920\" height=\"980\" src=\"https:\/\/modernhospital.az\/newsite\/wp-content\/uploads\/2023\/10\/Aygun-Mayilova-1.jpg\" class=\"attachment-full size-full wp-post-image\" alt=\"\" srcset=\"https:\/\/modernhospital.az\/newsite\/wp-content\/uploads\/2023\/10\/Aygun-Mayilova-1.jpg 1920w, https:\/\/modernhospital.az\/newsite\/wp-content\/uploads\/2023\/10\/Aygun-Mayilova-1-300x153.jpg 300w, https:\/\/modernhospital.az\/newsite\/wp-content\/uploads\/2023\/10\/Aygun-Mayilova-1-1024x523.jpg 1024w, https:\/\/modernhospital.az\/newsite\/wp-content\/uploads\/2023\/10\/Aygun-Mayilova-1-768x392.jpg 768w, https:\/\/modernhospital.az\/newsite\/wp-content\/uploads\/2023\/10\/Aygun-Mayilova-1-1536x784.jpg 1536w\" sizes=\"(max-width: 1920px) 100vw, 1920px\" \/>                <\/a>\n            <\/div>\n                <div class=\"qodef-item-text-holder\">\n                        <h4 itemprop=\"name\" class=\"qodef-item-title entry-title\">\n            <a itemprop=\"url\" href=\"https:\/\/modernhospital.az\/newsite\/aygun-mayilova\/\">\n                Ayg\u00fcn May\u0131lova            <\/a>\n        <\/h4>\n                    <p itemprop=\"description\" class=\"qodef-excerpt\">[vc_row css=&#8221;.vc_custom_1565356393536{padding-top: 50px !important;padding-bottom: 5...<\/p>\n                            <\/div>\n    <\/div>\n<\/li>    <\/ul>\n<\/div>\n[\/vc_column][\/vc_row]<\/p>\n","protected":false},"excerpt":{"rendered":"<p>[vc_row css=&#8221;.vc_custom_1565962952945{padding-top: 150px !important;padding-bottom: 150px !important;background-image: url(http:\/\/modernhospital.az\/wp-content\/uploads\/2019\/08\/ultrasound.jpg?id=2716) !important;background-position: center !important;background-repeat: no-repeat !important;background-size: cover !important;}&#8221;][vc_column][\/vc_column][\/vc_row][vc_row content_width=&#8221;grid&#8221;][vc_column width=&#8221;2\/3&#8243; css=&#8221;.vc_custom_1566050423240{padding-top: 50px !important;}&#8221;][vc_empty_space height=&#8221;10px&#8221;][vc_column_text]Mammologiya \u2014 s\u00fcd v\u0259zi x\u0259st\u0259likl\u0259rinin diaqnostikas\u0131, m\u00fcalic\u0259si v\u0259 profilaktikas\u0131 il\u0259 m\u0259\u015f\u011ful olan elm sah\u0259sidir. Mammalogiya \u015f\u00f6b\u0259mizd\u0259 ixtisasla\u015fm\u0131\u015f qad\u0131n h\u0259kim kollektivimiz h\u0259r n\u00f6v s\u00fcd v\u0259zi x\u0259st\u0259likl\u0259rinin m\u00fcayin\u0259sini&#8230;<\/p>\n","protected":false},"author":1,"featured_media":0,"parent":7,"menu_order":0,"comment_status":"closed","ping_status":"closed","template":"full-width.php","meta":{"footnotes":""},"yoast_head":"<!-- This site is optimized with the Yoast SEO plugin v21.5 - https:\/\/yoast.com\/wordpress\/plugins\/seo\/ -->\r\n<title>Mammologiya - My CMS<\/title>\r\n<meta name=\"robots\" content=\"index, follow, max-snippet:-1, max-image-preview:large, max-video-preview:-1\" \/>\r\n<link rel=\"canonical\" href=\"https:\/\/modernhospital.az\/newsite\/bolumler\/terapevtik-bolumler\/mammologiya\/\" \/>\r\n<meta property=\"og:locale\" content=\"en_US\" \/>\r\n<meta property=\"og:type\" content=\"article\" \/>\r\n<meta property=\"og:title\" content=\"Mammologiya - My CMS\" \/>\r\n<meta property=\"og:description\" content=\"[vc_row css=&#8221;.vc_custom_1565962952945{padding-top: 150px !important;padding-bottom: 150px !important;background-image: url(http:\/\/modernhospital.az\/wp-content\/uploads\/2019\/08\/ultrasound.jpg?id=2716) !important;background-position: center !important;background-repeat: no-repeat !important;background-size: cover !important;}&#8221;][vc_column][\/vc_column][\/vc_row][vc_row content_width=&#8221;grid&#8221;][vc_column width=&#8221;2\/3&#8243; css=&#8221;.vc_custom_1566050423240{padding-top: 50px !important;}&#8221;][vc_empty_space height=&#8221;10px&#8221;][vc_column_text]Mammologiya \u2014 s\u00fcd v\u0259zi x\u0259st\u0259likl\u0259rinin diaqnostikas\u0131, m\u00fcalic\u0259si v\u0259 profilaktikas\u0131 il\u0259 m\u0259\u015f\u011ful olan elm sah\u0259sidir. Mammalogiya \u015f\u00f6b\u0259mizd\u0259 ixtisasla\u015fm\u0131\u015f qad\u0131n h\u0259kim kollektivimiz h\u0259r n\u00f6v s\u00fcd v\u0259zi x\u0259st\u0259likl\u0259rinin m\u00fcayin\u0259sini...\" \/>\r\n<meta property=\"og:url\" content=\"https:\/\/modernhospital.az\/newsite\/bolumler\/terapevtik-bolumler\/mammologiya\/\" \/>\r\n<meta property=\"og:site_name\" content=\"My CMS\" \/>\r\n<meta property=\"article:modified_time\" content=\"2023-09-19T07:53:27+00:00\" \/>\r\n<meta name=\"twitter:card\" content=\"summary_large_image\" \/>\r\n<meta name=\"twitter:label1\" content=\"Est. reading time\" \/>\n\t<meta name=\"twitter:data1\" content=\"5 minutes\" \/>\r\n<script type=\"application\/ld+json\" class=\"yoast-schema-graph\">{\"@context\":\"https:\/\/schema.org\",\"@graph\":[{\"@type\":\"WebPage\",\"@id\":\"https:\/\/modernhospital.az\/newsite\/bolumler\/terapevtik-bolumler\/mammologiya\/\",\"url\":\"https:\/\/modernhospital.az\/newsite\/bolumler\/terapevtik-bolumler\/mammologiya\/\",\"name\":\"Mammologiya - My CMS\",\"isPartOf\":{\"@id\":\"https:\/\/modernhospital.az\/newsite\/#website\"},\"datePublished\":\"2019-03-11T14:44:17+00:00\",\"dateModified\":\"2023-09-19T07:53:27+00:00\",\"breadcrumb\":{\"@id\":\"https:\/\/modernhospital.az\/newsite\/bolumler\/terapevtik-bolumler\/mammologiya\/#breadcrumb\"},\"inLanguage\":\"en-US\",\"potentialAction\":[{\"@type\":\"ReadAction\",\"target\":[\"https:\/\/modernhospital.az\/newsite\/bolumler\/terapevtik-bolumler\/mammologiya\/\"]}]},{\"@type\":\"BreadcrumbList\",\"@id\":\"https:\/\/modernhospital.az\/newsite\/bolumler\/terapevtik-bolumler\/mammologiya\/#breadcrumb\",\"itemListElement\":[{\"@type\":\"ListItem\",\"position\":1,\"name\":\"Home\",\"item\":\"https:\/\/modernhospital.az\/newsite\/\"},{\"@type\":\"ListItem\",\"position\":2,\"name\":\"B\u00f6l\u00fcml\u0259rimiz\",\"item\":\"https:\/\/modernhospital.az\/newsite\/bolumler\/\"},{\"@type\":\"ListItem\",\"position\":3,\"name\":\"Terapevtik b\u00f6l\u00fcml\u0259r\",\"item\":\"https:\/\/modernhospital.az\/newsite\/bolumler\/terapevtik-bolumler\/\"},{\"@type\":\"ListItem\",\"position\":4,\"name\":\"Mammologiya\"}]},{\"@type\":\"WebSite\",\"@id\":\"https:\/\/modernhospital.az\/newsite\/#website\",\"url\":\"https:\/\/modernhospital.az\/newsite\/\",\"name\":\"My CMS\",\"description\":\"H\u0259yat\u0131n\u0131za d\u0259y\u0259r ver\u0259r\u0259k!\",\"publisher\":{\"@id\":\"https:\/\/modernhospital.az\/newsite\/#organization\"},\"potentialAction\":[{\"@type\":\"SearchAction\",\"target\":{\"@type\":\"EntryPoint\",\"urlTemplate\":\"https:\/\/modernhospital.az\/newsite\/?s={search_term_string}\"},\"query-input\":\"required name=search_term_string\"}],\"inLanguage\":\"en-US\"},{\"@type\":\"Organization\",\"@id\":\"https:\/\/modernhospital.az\/newsite\/#organization\",\"name\":\"My CMS\",\"url\":\"https:\/\/modernhospital.az\/newsite\/\",\"logo\":{\"@type\":\"ImageObject\",\"inLanguage\":\"en-US\",\"@id\":\"https:\/\/modernhospital.az\/newsite\/#\/schema\/logo\/image\/\",\"url\":\"https:\/\/modernhospital.az\/wp-content\/uploads\/2019\/04\/modern-hospital-logo-01.png\",\"contentUrl\":\"https:\/\/modernhospital.az\/wp-content\/uploads\/2019\/04\/modern-hospital-logo-01.png\",\"width\":1772,\"height\":591,\"caption\":\"My CMS\"},\"image\":{\"@id\":\"https:\/\/modernhospital.az\/newsite\/#\/schema\/logo\/image\/\"}}]}<\/script>\r\n<!-- \/ Yoast SEO plugin. -->","yoast_head_json":{"title":"Mammologiya - My CMS","robots":{"index":"index","follow":"follow","max-snippet":"max-snippet:-1","max-image-preview":"max-image-preview:large","max-video-preview":"max-video-preview:-1"},"canonical":"https:\/\/modernhospital.az\/newsite\/bolumler\/terapevtik-bolumler\/mammologiya\/","og_locale":"en_US","og_type":"article","og_title":"Mammologiya - My CMS","og_description":"[vc_row css=&#8221;.vc_custom_1565962952945{padding-top: 150px !important;padding-bottom: 150px !important;background-image: url(http:\/\/modernhospital.az\/wp-content\/uploads\/2019\/08\/ultrasound.jpg?id=2716) !important;background-position: center !important;background-repeat: no-repeat !important;background-size: cover !important;}&#8221;][vc_column][\/vc_column][\/vc_row][vc_row content_width=&#8221;grid&#8221;][vc_column width=&#8221;2\/3&#8243; css=&#8221;.vc_custom_1566050423240{padding-top: 50px !important;}&#8221;][vc_empty_space height=&#8221;10px&#8221;][vc_column_text]Mammologiya \u2014 s\u00fcd v\u0259zi x\u0259st\u0259likl\u0259rinin diaqnostikas\u0131, m\u00fcalic\u0259si v\u0259 profilaktikas\u0131 il\u0259 m\u0259\u015f\u011ful olan elm sah\u0259sidir. Mammalogiya \u015f\u00f6b\u0259mizd\u0259 ixtisasla\u015fm\u0131\u015f qad\u0131n h\u0259kim kollektivimiz h\u0259r n\u00f6v s\u00fcd v\u0259zi x\u0259st\u0259likl\u0259rinin m\u00fcayin\u0259sini...","og_url":"https:\/\/modernhospital.az\/newsite\/bolumler\/terapevtik-bolumler\/mammologiya\/","og_site_name":"My CMS","article_modified_time":"2023-09-19T07:53:27+00:00","twitter_card":"summary_large_image","twitter_misc":{"Est. reading time":"5 minutes"},"schema":{"@context":"https:\/\/schema.org","@graph":[{"@type":"WebPage","@id":"https:\/\/modernhospital.az\/newsite\/bolumler\/terapevtik-bolumler\/mammologiya\/","url":"https:\/\/modernhospital.az\/newsite\/bolumler\/terapevtik-bolumler\/mammologiya\/","name":"Mammologiya - My CMS","isPartOf":{"@id":"https:\/\/modernhospital.az\/newsite\/#website"},"datePublished":"2019-03-11T14:44:17+00:00","dateModified":"2023-09-19T07:53:27+00:00","breadcrumb":{"@id":"https:\/\/modernhospital.az\/newsite\/bolumler\/terapevtik-bolumler\/mammologiya\/#breadcrumb"},"inLanguage":"en-US","potentialAction":[{"@type":"ReadAction","target":["https:\/\/modernhospital.az\/newsite\/bolumler\/terapevtik-bolumler\/mammologiya\/"]}]},{"@type":"BreadcrumbList","@id":"https:\/\/modernhospital.az\/newsite\/bolumler\/terapevtik-bolumler\/mammologiya\/#breadcrumb","itemListElement":[{"@type":"ListItem","position":1,"name":"Home","item":"https:\/\/modernhospital.az\/newsite\/"},{"@type":"ListItem","position":2,"name":"B\u00f6l\u00fcml\u0259rimiz","item":"https:\/\/modernhospital.az\/newsite\/bolumler\/"},{"@type":"ListItem","position":3,"name":"Terapevtik b\u00f6l\u00fcml\u0259r","item":"https:\/\/modernhospital.az\/newsite\/bolumler\/terapevtik-bolumler\/"},{"@type":"ListItem","position":4,"name":"Mammologiya"}]},{"@type":"WebSite","@id":"https:\/\/modernhospital.az\/newsite\/#website","url":"https:\/\/modernhospital.az\/newsite\/","name":"My CMS","description":"H\u0259yat\u0131n\u0131za d\u0259y\u0259r ver\u0259r\u0259k!","publisher":{"@id":"https:\/\/modernhospital.az\/newsite\/#organization"},"potentialAction":[{"@type":"SearchAction","target":{"@type":"EntryPoint","urlTemplate":"https:\/\/modernhospital.az\/newsite\/?s={search_term_string}"},"query-input":"required name=search_term_string"}],"inLanguage":"en-US"},{"@type":"Organization","@id":"https:\/\/modernhospital.az\/newsite\/#organization","name":"My CMS","url":"https:\/\/modernhospital.az\/newsite\/","logo":{"@type":"ImageObject","inLanguage":"en-US","@id":"https:\/\/modernhospital.az\/newsite\/#\/schema\/logo\/image\/","url":"https:\/\/modernhospital.az\/wp-content\/uploads\/2019\/04\/modern-hospital-logo-01.png","contentUrl":"https:\/\/modernhospital.az\/wp-content\/uploads\/2019\/04\/modern-hospital-logo-01.png","width":1772,"height":591,"caption":"My CMS"},"image":{"@id":"https:\/\/modernhospital.az\/newsite\/#\/schema\/logo\/image\/"}}]}},"jetpack_sharing_enabled":true,"_links":{"self":[{"href":"https:\/\/modernhospital.az\/newsite\/wp-json\/wp\/v2\/pages\/41"}],"collection":[{"href":"https:\/\/modernhospital.az\/newsite\/wp-json\/wp\/v2\/pages"}],"about":[{"href":"https:\/\/modernhospital.az\/newsite\/wp-json\/wp\/v2\/types\/page"}],"author":[{"embeddable":true,"href":"https:\/\/modernhospital.az\/newsite\/wp-json\/wp\/v2\/users\/1"}],"replies":[{"embeddable":true,"href":"https:\/\/modernhospital.az\/newsite\/wp-json\/wp\/v2\/comments?post=41"}],"version-history":[{"count":15,"href":"https:\/\/modernhospital.az\/newsite\/wp-json\/wp\/v2\/pages\/41\/revisions"}],"predecessor-version":[{"id":3761,"href":"https:\/\/modernhospital.az\/newsite\/wp-json\/wp\/v2\/pages\/41\/revisions\/3761"}],"up":[{"embeddable":true,"href":"https:\/\/modernhospital.az\/newsite\/wp-json\/wp\/v2\/pages\/7"}],"wp:attachment":[{"href":"https:\/\/modernhospital.az\/newsite\/wp-json\/wp\/v2\/media?parent=41"}],"curies":[{"name":"wp","href":"https:\/\/api.w.org\/{rel}","templated":true}]}}