{"id":57,"date":"2019-03-11T18:48:51","date_gmt":"2019-03-11T14:48:51","guid":{"rendered":"http:\/\/modernhospital.az\/newsite\/?page_id=57"},"modified":"2023-09-15T13:56:25","modified_gmt":"2023-09-15T09:56:25","slug":"otorinolorinqologiya","status":"publish","type":"page","link":"https:\/\/modernhospital.az\/newsite\/bolumler\/cerrahi-bolumler\/otorinolorinqologiya\/","title":{"rendered":"Otorinolorinqologiya"},"content":{"rendered":"<p>[vc_row css=&#8221;.vc_custom_1565939614422{padding-top: 150px !important;padding-bottom: 150px !important;background-image: url(http:\/\/modernhospital.az\/wp-content\/uploads\/2019\/08\/Tree-Top-Hospital-Otorhinolaryngology-ENT.jpg?id=2613) !important;background-position: center !important;background-repeat: no-repeat !important;background-size: cover !important;}&#8221;][vc_column]\n<div class=\"qodef-custom-font-holder\" style=\"font-family: Fira Sans;font-size: 55px;line-height: 55px;font-weight: 600;text-align: center;color: #ffffff\" data-font-size= 55 data-line-height= 55>\n    OTOR\u0130NOLOR\u0130NQOLOG\u0130YA    <\/div>[\/vc_column][\/vc_row][vc_row content_width=&#8221;grid&#8221;][vc_column width=&#8221;2\/3&#8243; css=&#8221;.vc_custom_1566050423240{padding-top: 50px !important;}&#8221;]\n<div class=\"qodef-custom-font-holder\" style=\"font-family: Fira Sans;font-size: 40px;line-height: 40px;font-weight: 500;letter-spacing: -1px\" data-font-size= 40 data-line-height= 40>\n    \u00dcmumi M\u0259lumat    <\/div>[vc_empty_space height=&#8221;10px&#8221;][vc_column_text]<strong>Otorinolorinqologiya(LOR)<\/strong>\u00a0\u015f\u00f6b\u0259mizd\u0259 burun v\u0259 bo\u011faz c\u0259rrahiyy\u0259si, h\u0259m\u00e7inin bu sah\u0259y\u0259 aid b\u00fct\u00fcn x\u0259st\u0259likl\u0259rinin h\u0259m konservativ, h\u0259m d\u0259 c\u0259rrahi m\u00fcalic\u0259si icra olunur.<\/p>\n<p>Otorinolorinqologiya \u015f\u00f6b\u0259mizd\u0259 b\u00fct\u00fcn ya\u015f qruplar\u0131ndaki pasiyentl\u0259rimizin xarici qulaq, orta qulaq, qulaq z\u0259ri, burun-bo\u011faz, s\u0259s tell\u0259ri, qida borusunun \u00fcst qismi il\u0259 birlikd\u0259 \u00fcz sinirl\u0259ri il\u0259 \u0259laq\u0259li olan x\u0259st\u0259likl\u0259rin v\u0259 daxili qulaq il\u0259 beyin aras\u0131nda olan hiss\u0259d\u0259 yaranan narahatl\u0131qlar \u015f\u00f6b\u0259mizin h\u0259kim m\u00fct\u0259x\u0259ssisl\u0259ri t\u0259r\u0259find\u0259n m\u00fcv\u0259ff\u0259qiyy\u0259tl\u0259 m\u00fcayin\u0259 v\u0259 m\u00fcalic\u0259si apar\u0131lmaqdad\u0131r.<\/p>\n<p><strong>M\u00fcayin\u0259\/diaqnostika metodlar\u0131:<\/strong><\/p>\n<ul>\n<li>Mikroskob il\u0259 qulaq m\u00fcayin\u0259si<\/li>\n<li>Endoskopik qulaq m\u00fcayin\u0259si<\/li>\n<li>Endoskopik burun m\u00fcayin\u0259si<\/li>\n<li>Endoskopik a\u011f\u0131z-q\u0131rtlaq m\u00fcayin\u0259si<\/li>\n<\/ul>\n<p>[\/vc_column_text][vc_empty_space][\/vc_column][vc_column width=&#8221;1\/3&#8243; css=&#8221;.vc_custom_1566046579992{padding-top: 30px !important;padding-bottom: 30px !important;padding-left: 30px !important;background-color: #efefef !important;}&#8221;]\n<div class=\"qodef-custom-font-holder\" style=\"font-family: Fira Sans;font-size: 25px;line-height: 25px;font-weight: 500;text-align: center;color: #dd3333\" data-font-size= 25 data-line-height= 25>\n    <strong>Sual\u0131n\u0131z var?<\/strong>    <\/div>[vc_empty_space height=&#8221;15px&#8221;][vc_column_text]<\/p>\n<div class=\"caldera-grid\" id=\"caldera_form_1\" data-cf-ver=\"1.9.3\" data-cf-form-id=\"CF5d57f1123a979\"><div id=\"caldera_notices_1\" data-spinner=\"https:\/\/modernhospital.az\/newsite\/wp-admin\/images\/spinner.gif\"><\/div><form data-instance=\"1\" class=\"CF5d57f1123a979 caldera_forms_form cfajax-trigger\" method=\"POST\" enctype=\"multipart\/form-data\" id=\"CF5d57f1123a979_1\" data-form-id=\"CF5d57f1123a979\" aria-label=\"Ki&ccedil;ik \u0259laq\u0259\" data-target=\"#caldera_notices_1\" data-template=\"#cfajax_CF5d57f1123a979-tmpl\" data-cfajax=\"CF5d57f1123a979\" data-load-element=\"_parent\" data-load-class=\"cf_processing\" data-post-disable=\"0\" data-action=\"cf_process_ajax_submit\" data-request=\"https:\/\/modernhospital.az\/newsite\/cf-api\/CF5d57f1123a979\" data-hiderows=\"true\">\r\n<input type=\"hidden\" id=\"_cf_verify_CF5d57f1123a979\" name=\"_cf_verify\" value=\"fe71bf05b9\"  data-nonce-time=\"1777538203\" \/><input type=\"hidden\" name=\"_wp_http_referer\" value=\"\/newsite\/wp-json\/wp\/v2\/pages\/57\" \/><div id=\"cf2-CF5d57f1123a979_1\"><\/div><input type=\"hidden\" name=\"_cf_frm_id\" value=\"CF5d57f1123a979\">\r\n<input type=\"hidden\" name=\"_cf_frm_ct\" value=\"1\">\r\n<input type=\"hidden\" name=\"cfajax\" value=\"CF5d57f1123a979\">\r\n<input type=\"hidden\" name=\"_cf_cr_pst\" value=\"57\">\r\n<div class=\"hide\" style=\"display:none; overflow:hidden;height:0;width:0;\">\r\n<label>Web Site<\/label><input type=\"text\" name=\"web_site\" value=\"\" autocomplete=\"off\">\r\n<\/div><div id=\"CF5d57f1123a979_1-row-1\"  class=\"row  first_row\"><div  class=\"col-sm-12  single\"><div data-field-wrapper=\"fld_8386081\" class=\"form-group\" id=\"fld_8386081_1-wrap\">\r\n\t<label id=\"fld_8386081Label\" for=\"fld_8386081_1\" class=\"control-label\">Ad Soyad <span aria-hidden=\"true\" role=\"presentation\" class=\"field_required\" style=\"color:#ee0000;\">*<\/span><\/label>\r\n\t<div class=\"\">\r\n\t\t<input   required type=\"text\" data-field=\"fld_8386081\" class=\" form-control\" id=\"fld_8386081_1\" name=\"fld_8386081\" value=\"\" data-type=\"text\" aria-required=\"true\"   aria-labelledby=\"fld_8386081Label\" >\t\t\t<\/div>\r\n<\/div>\r\n<\/div><\/div><div id=\"CF5d57f1123a979_1-row-2\"  class=\"row \"><div  class=\"col-sm-12  single\"><div data-field-wrapper=\"fld_7275611\" class=\"form-group\" id=\"fld_7275611_1-wrap\">\r\n\t<label id=\"fld_7275611Label\" for=\"fld_7275611_1\" class=\"control-label\">\u018flaq\u0259 telefonu <span aria-hidden=\"true\" role=\"presentation\" class=\"field_required\" style=\"color:#ee0000;\">*<\/span><\/label>\r\n\t<div class=\"\">\r\n\t\t<input  data-inputmask=\"'mask': '(999)999-9999'\"  required type=\"phone\" data-field=\"fld_7275611\" class=\" form-control\" id=\"fld_7275611_1\" name=\"fld_7275611\" value=\"\" data-type=\"phone\" aria-required=\"true\"   aria-labelledby=\"fld_7275611Label\" >\t\t\t<\/div>\r\n<\/div>\r\n<\/div><\/div><div id=\"CF5d57f1123a979_1-row-3\"  class=\"row \"><div  class=\"col-sm-12  single\"><div data-field-wrapper=\"fld_3892846\" class=\"form-group\" id=\"fld_3892846_1-wrap\">\r\n\t<label id=\"fld_3892846Label\" for=\"fld_3892846_1\" class=\"control-label\">Qeydl\u0259r <span aria-hidden=\"true\" role=\"presentation\" class=\"field_required\" style=\"color:#ee0000;\">*<\/span><\/label>\r\n\t<div class=\"\">\r\n\t\t<textarea name=\"fld_3892846\" value=\"\" data-field=\"fld_3892846\" class=\"form-control\" id=\"fld_3892846_1\" rows=\"4\"  required=\"required\"  aria-labelledby=\"fld_3892846Label\" ><\/textarea>\n\t\t\t<\/div>\r\n<\/div>\r\n<\/div><\/div><div id=\"CF5d57f1123a979_1-row-4\"  class=\"row  last_row\"><div  class=\"col-sm-12  single\"><div data-field-wrapper=\"fld_7951322\" class=\"form-group\" id=\"fld_7951322_1-wrap\">\r\n<div class=\"\">\r\n\t<input  class=\"btn btn-default\" type=\"submit\" name=\"fld_7951322\" id=\"fld_7951322_1\" value=\"G\u00f6nd\u0259r\" data-field=\"fld_7951322\"  >\n<\/div>\r\n<\/div>\r\n\t<input class=\"button_trigger_1\" type=\"hidden\" name=\"fld_7951322\" id=\"fld_7951322_1_btn\" value=\"\" data-field=\"fld_7951322\"  \/>\n<\/div><\/div><\/form>\r\n<\/div>\r\n\n<p>[\/vc_column_text][\/vc_column][\/vc_row][vc_row content_width=&#8221;grid&#8221;][vc_column][vc_empty_space]<div class=\"qodef-tabs qodef-horizontal-tab qodef-tab-without-icon qodef-tab-boxed clearfix\">\n\t<ul class=\"qodef-tabs-nav\">\n\t\t\t\t\t<li>\n\t\t\t\t<a href=\"#tab-x%c9%99st%c9%99likl%c9%99r\">\n\n\t\t\t\t\t\t\t\t\t\t\t<span class=\"qodef-tab-text-after-icon\">\n\t\t\t\t\t\t\tX\u0259st\u0259likl\u0259r\t\t\t\t\t\t<\/span>\n\t\t\t\t\t\n\t\t\t\t\t\t\t\t\t\t\t\n\t\t\t\t\t\t\t\t\t<\/a>\n\t\t\t <\/li>\n\t\t\t\t\t<li>\n\t\t\t\t<a href=\"#tab-simptomlar\">\n\n\t\t\t\t\t\t\t\t\t\t\t<span class=\"qodef-tab-text-after-icon\">\n\t\t\t\t\t\t\tSimptomlar\t\t\t\t\t\t<\/span>\n\t\t\t\t\t\n\t\t\t\t\t\t\t\t\t\t\t\n\t\t\t\t\t\t\t\t\t<\/a>\n\t\t\t <\/li>\n\t\t\t\t\t<li>\n\t\t\t\t<a href=\"#tab-xidm%c9%99tl%c9%99r\">\n\n\t\t\t\t\t\t\t\t\t\t\t<span class=\"qodef-tab-text-after-icon\">\n\t\t\t\t\t\t\tXidm\u0259tl\u0259r\t\t\t\t\t\t<\/span>\n\t\t\t\t\t\n\t\t\t\t\t\t\t\t\t\t\t\n\t\t\t\t\t\t\t\t\t<\/a>\n\t\t\t <\/li>\n\t\t\t<\/ul> \n\t<div class=\"qodef-tab-container\" id=\"tab-x%c9%99st%c9%99likl%c9%99r-973\" data-icon-pack=\"font_awesome\" data-icon-html=\"&lt;i class=&quot;qodef-icon-font-awesome fa  &quot; &gt;&lt;\/i&gt;\">[vc_column_text]<\/p>\n<ul>\n<li>Faringit<\/li>\n<li>Laringit<\/li>\n<li>Haymorit<\/li>\n<li>Traxeit<\/li>\n<li>Sinusit<\/li>\n<li>Burun \u00e7\u0259p\u0259r \u0259yriliyi<\/li>\n<li>K\u0259skin, xroniki rinit<\/li>\n<li>Allergik rinit<\/li>\n<li>Adenoid<\/li>\n<li>Angina<\/li>\n<li>Akustik travma<\/li>\n<li>Xarici v\u0259 daxili otit<\/li>\n<li>Tonzilit<\/li>\n<li>Yuxuda xorultu, n\u0259f\u0259s darl\u0131\u011f\u0131<\/li>\n<li>Yuxu Apnesi<\/li>\n<li>Burun qanaxmalar\u0131<\/li>\n<li>T\u00fcp\u00fcrc\u0259k v\u0259zi x\u0259st\u0259likl\u0259ri<\/li>\n<li>A\u011f\u0131zda xo\u015f v\u0259 b\u0259d xass\u0259li t\u00f6r\u0259m\u0259l\u0259r<\/li>\n<\/ul>\n<p>[\/vc_column_text]<\/div><div class=\"qodef-tab-container\" id=\"tab-simptomlar-801\" data-icon-pack=\"font_awesome\" data-icon-html=\"&lt;i class=&quot;qodef-icon-font-awesome fa  &quot; &gt;&lt;\/i&gt;\"><\/div><div class=\"qodef-tab-container\" id=\"tab-xidm%c9%99tl%c9%99r-809\" data-icon-pack=\"font_awesome\" data-icon-html=\"&lt;i class=&quot;qodef-icon-font-awesome fa  &quot; &gt;&lt;\/i&gt;\">[vc_column_text]<\/p>\n<ul>\n<li>Tonzillektomiya (bo\u011faz \u0259ti)<\/li>\n<li>Adenoidektomiya (burun \u0259ti)<\/li>\n<li>Otoplastika (b\u00f6y\u00fck qulaq)<\/li>\n<li>Septoplastika (burun \u00e7\u0259p\u0259rinin aradan qald\u0131r\u0131lmas\u0131)<\/li>\n<li>Rinoplastika (burun \u015f\u0259kill\u0259ndirm\u0259si)<\/li>\n<li>FESC (funksional endoskopik sinuslar\u0131n c\u0259rrahiyy\u0259si )<\/li>\n<li>Timpanoplastika (t\u0259bil p\u0259rd\u0259sinin plastikas\u0131)<\/li>\n<li>Mastoidektomiya (xroniki orta otitin c\u0259rrahi m\u00fcalic\u0259si )<\/li>\n<li>Xoruldama c\u0259rrahiy\u0259si<\/li>\n<li>Endoskopik sinuzit c\u0259rrahisi<\/li>\n<li>G\u00f6zya\u015f\u0131 kanal\u0131 t\u0131xan\u0131ql\u0131\u011f\u0131<\/li>\n<li>E\u015fitm\u0259 azl\u0131\u011f\u0131<\/li>\n<li>Qulaq iltihablar\u0131n\u0131n mualic\u0259sin\u0259 dair \u0259m\u0259liyyatlar<\/li>\n<li>Q\u0131rtlaq x\u0259st\u0259likl\u0259rind\u0259 c\u0259rrahi m\u00fcdaxil\u0259 (endoskopik mikrolarinqoloji \u0259m\u0259liyyatlar, s\u0259sin korreksiyas\u0131)<\/li>\n<li>Funksiyonal v\u0259 estetik burun \u0259m\u0259liyyatlar\u0131<\/li>\n<li>T\u0259n\u0259ff\u00fcs yollar\u0131n\u0131n v\u0259 qida borusunun yad cisiml\u0259rinin \u00e7\u0131xar\u0131lmas\u0131<\/li>\n<li>Xoana atreziyalar\u0131n\u0131n aradan qald\u0131r\u0131lmas\u0131<\/li>\n<\/ul>\n<p>[\/vc_column_text]<\/div><\/div>[\/vc_column][\/vc_row][vc_row content_width=&#8221;grid&#8221; content_aligment=&#8221;center&#8221;][vc_column width=&#8221;1\/4&#8243;][\/vc_column][vc_column width=&#8221;1\/2&#8243;]<a itemprop=\"url\" href=\"http:\/\/modernhospital.az\/e-xidmetler\/e-randevu\/\" target=\"_blank\"  class=\"qodef-btn qodef-btn-huge qodef-btn-outline qodef-btn-hover-scale\"  >\n    <span class=\"qodef-btn-text\">Randevu al<\/span>\n    <span class=\"qodef-btn-icon-normal\"><i class=\"qodef-icon-font-awesome fa  \" ><\/i><\/span>\n    <span class=\"qodef-btn-icon-flip\"><i class=\"qodef-icon-font-awesome fa  \" ><\/i><\/span>\n        \t<span class=\"qodef-hover-background\"><\/span>\n    \n    <\/a>[\/vc_column][vc_column width=&#8221;1\/4&#8243;][\/vc_column][\/vc_row][vc_row content_width=&#8221;grid&#8221;][vc_column][vc_text_separator title=&#8221;B\u00f6l\u00fcm\u0259 aid h\u0259kiml\u0259r&#8221; color=&#8221;custom&#8221; accent_color=&#8221;#dd3333&#8243; css=&#8221;.vc_custom_1694771782525{padding-top: 50px !important;padding-bottom: 50px !important;}&#8221;]<div class=\"qodef-blog-list-holder qodef-boxes qodef-four-columns\">\n    <ul class=\"qodef-blog-list\">\n\t\t<li class=\"qodef-blog-list-item\">\n    <div class=\"qodef-blog-list-item-inner\">\n                    <div class=\"qodef-item-image clearfix\">\n                <a itemprop=\"url\" href=\"https:\/\/modernhospital.az\/newsite\/sadiq-rzayev\/\">\n                    <img loading=\"lazy\" decoding=\"async\" width=\"1920\" height=\"980\" src=\"https:\/\/modernhospital.az\/newsite\/wp-content\/uploads\/2023\/05\/Sadiq-Rzayev-otorinolorinqoloq1-1-1.jpg\" class=\"attachment-full size-full wp-post-image\" alt=\"\" srcset=\"https:\/\/modernhospital.az\/newsite\/wp-content\/uploads\/2023\/05\/Sadiq-Rzayev-otorinolorinqoloq1-1-1.jpg 1920w, https:\/\/modernhospital.az\/newsite\/wp-content\/uploads\/2023\/05\/Sadiq-Rzayev-otorinolorinqoloq1-1-1-300x153.jpg 300w, https:\/\/modernhospital.az\/newsite\/wp-content\/uploads\/2023\/05\/Sadiq-Rzayev-otorinolorinqoloq1-1-1-1024x523.jpg 1024w, https:\/\/modernhospital.az\/newsite\/wp-content\/uploads\/2023\/05\/Sadiq-Rzayev-otorinolorinqoloq1-1-1-768x392.jpg 768w, https:\/\/modernhospital.az\/newsite\/wp-content\/uploads\/2023\/05\/Sadiq-Rzayev-otorinolorinqoloq1-1-1-1536x784.jpg 1536w\" sizes=\"(max-width: 1920px) 100vw, 1920px\" \/>                <\/a>\n            <\/div>\n                <div class=\"qodef-item-text-holder\">\n                        <h3 itemprop=\"name\" class=\"qodef-item-title entry-title\">\n            <a itemprop=\"url\" href=\"https:\/\/modernhospital.az\/newsite\/sadiq-rzayev\/\">\n                Sadiq Rzayev            <\/a>\n        <\/h3>\n                    <p itemprop=\"description\" class=\"qodef-excerpt\">[vc_row css=&#8221;.vc_custom_1565359873590{padding-top: 50px !important;padding-bottom: 5...<\/p>\n                            <\/div>\n    <\/div>\n<\/li>    <\/ul>\n<\/div>\n[\/vc_column][\/vc_row]<\/p>\n","protected":false},"excerpt":{"rendered":"<p>[vc_row css=&#8221;.vc_custom_1565939614422{padding-top: 150px !important;padding-bottom: 150px !important;background-image: url(http:\/\/modernhospital.az\/wp-content\/uploads\/2019\/08\/Tree-Top-Hospital-Otorhinolaryngology-ENT.jpg?id=2613) !important;background-position: center !important;background-repeat: no-repeat !important;background-size: cover !important;}&#8221;][vc_column][\/vc_column][\/vc_row][vc_row content_width=&#8221;grid&#8221;][vc_column width=&#8221;2\/3&#8243; css=&#8221;.vc_custom_1566050423240{padding-top: 50px !important;}&#8221;][vc_empty_space height=&#8221;10px&#8221;][vc_column_text]Otorinolorinqologiya(LOR)\u00a0\u015f\u00f6b\u0259mizd\u0259 burun v\u0259 bo\u011faz c\u0259rrahiyy\u0259si, h\u0259m\u00e7inin bu sah\u0259y\u0259 aid b\u00fct\u00fcn x\u0259st\u0259likl\u0259rinin h\u0259m konservativ, h\u0259m d\u0259 c\u0259rrahi m\u00fcalic\u0259si icra olunur. Otorinolorinqologiya \u015f\u00f6b\u0259mizd\u0259 b\u00fct\u00fcn ya\u015f qruplar\u0131ndaki pasiyentl\u0259rimizin xarici&#8230;<\/p>\n","protected":false},"author":1,"featured_media":0,"parent":11,"menu_order":0,"comment_status":"closed","ping_status":"closed","template":"full-width.php","meta":{"footnotes":""},"yoast_head":"<!-- This site is optimized with the Yoast SEO plugin v21.5 - https:\/\/yoast.com\/wordpress\/plugins\/seo\/ -->\r\n<title>Otorinolorinqologiya - My CMS<\/title>\r\n<meta name=\"robots\" content=\"index, follow, max-snippet:-1, max-image-preview:large, max-video-preview:-1\" \/>\r\n<link rel=\"canonical\" href=\"https:\/\/modernhospital.az\/newsite\/bolumler\/cerrahi-bolumler\/otorinolorinqologiya\/\" \/>\r\n<meta property=\"og:locale\" content=\"en_US\" \/>\r\n<meta property=\"og:type\" content=\"article\" \/>\r\n<meta property=\"og:title\" content=\"Otorinolorinqologiya - My CMS\" \/>\r\n<meta property=\"og:description\" content=\"[vc_row css=&#8221;.vc_custom_1565939614422{padding-top: 150px !important;padding-bottom: 150px !important;background-image: url(http:\/\/modernhospital.az\/wp-content\/uploads\/2019\/08\/Tree-Top-Hospital-Otorhinolaryngology-ENT.jpg?id=2613) !important;background-position: center !important;background-repeat: no-repeat !important;background-size: cover !important;}&#8221;][vc_column][\/vc_column][\/vc_row][vc_row content_width=&#8221;grid&#8221;][vc_column width=&#8221;2\/3&#8243; css=&#8221;.vc_custom_1566050423240{padding-top: 50px !important;}&#8221;][vc_empty_space height=&#8221;10px&#8221;][vc_column_text]Otorinolorinqologiya(LOR)\u00a0\u015f\u00f6b\u0259mizd\u0259 burun v\u0259 bo\u011faz c\u0259rrahiyy\u0259si, h\u0259m\u00e7inin bu sah\u0259y\u0259 aid b\u00fct\u00fcn x\u0259st\u0259likl\u0259rinin h\u0259m konservativ, h\u0259m d\u0259 c\u0259rrahi m\u00fcalic\u0259si icra olunur. Otorinolorinqologiya \u015f\u00f6b\u0259mizd\u0259 b\u00fct\u00fcn ya\u015f qruplar\u0131ndaki pasiyentl\u0259rimizin xarici...\" \/>\r\n<meta property=\"og:url\" content=\"https:\/\/modernhospital.az\/newsite\/bolumler\/cerrahi-bolumler\/otorinolorinqologiya\/\" \/>\r\n<meta property=\"og:site_name\" content=\"My CMS\" \/>\r\n<meta property=\"article:modified_time\" content=\"2023-09-15T09:56:25+00:00\" \/>\r\n<meta name=\"twitter:card\" content=\"summary_large_image\" \/>\r\n<meta name=\"twitter:label1\" content=\"Est. reading time\" \/>\n\t<meta name=\"twitter:data1\" content=\"4 minutes\" \/>\r\n<script type=\"application\/ld+json\" class=\"yoast-schema-graph\">{\"@context\":\"https:\/\/schema.org\",\"@graph\":[{\"@type\":\"WebPage\",\"@id\":\"https:\/\/modernhospital.az\/newsite\/bolumler\/cerrahi-bolumler\/otorinolorinqologiya\/\",\"url\":\"https:\/\/modernhospital.az\/newsite\/bolumler\/cerrahi-bolumler\/otorinolorinqologiya\/\",\"name\":\"Otorinolorinqologiya - My CMS\",\"isPartOf\":{\"@id\":\"https:\/\/modernhospital.az\/newsite\/#website\"},\"datePublished\":\"2019-03-11T14:48:51+00:00\",\"dateModified\":\"2023-09-15T09:56:25+00:00\",\"breadcrumb\":{\"@id\":\"https:\/\/modernhospital.az\/newsite\/bolumler\/cerrahi-bolumler\/otorinolorinqologiya\/#breadcrumb\"},\"inLanguage\":\"en-US\",\"potentialAction\":[{\"@type\":\"ReadAction\",\"target\":[\"https:\/\/modernhospital.az\/newsite\/bolumler\/cerrahi-bolumler\/otorinolorinqologiya\/\"]}]},{\"@type\":\"BreadcrumbList\",\"@id\":\"https:\/\/modernhospital.az\/newsite\/bolumler\/cerrahi-bolumler\/otorinolorinqologiya\/#breadcrumb\",\"itemListElement\":[{\"@type\":\"ListItem\",\"position\":1,\"name\":\"Home\",\"item\":\"https:\/\/modernhospital.az\/newsite\/\"},{\"@type\":\"ListItem\",\"position\":2,\"name\":\"B\u00f6l\u00fcml\u0259rimiz\",\"item\":\"https:\/\/modernhospital.az\/newsite\/bolumler\/\"},{\"@type\":\"ListItem\",\"position\":3,\"name\":\"C\u0259rrahi b\u00f6l\u00fcml\u0259r\",\"item\":\"https:\/\/modernhospital.az\/newsite\/bolumler\/cerrahi-bolumler\/\"},{\"@type\":\"ListItem\",\"position\":4,\"name\":\"Otorinolorinqologiya\"}]},{\"@type\":\"WebSite\",\"@id\":\"https:\/\/modernhospital.az\/newsite\/#website\",\"url\":\"https:\/\/modernhospital.az\/newsite\/\",\"name\":\"My CMS\",\"description\":\"H\u0259yat\u0131n\u0131za d\u0259y\u0259r ver\u0259r\u0259k!\",\"publisher\":{\"@id\":\"https:\/\/modernhospital.az\/newsite\/#organization\"},\"potentialAction\":[{\"@type\":\"SearchAction\",\"target\":{\"@type\":\"EntryPoint\",\"urlTemplate\":\"https:\/\/modernhospital.az\/newsite\/?s={search_term_string}\"},\"query-input\":\"required name=search_term_string\"}],\"inLanguage\":\"en-US\"},{\"@type\":\"Organization\",\"@id\":\"https:\/\/modernhospital.az\/newsite\/#organization\",\"name\":\"My CMS\",\"url\":\"https:\/\/modernhospital.az\/newsite\/\",\"logo\":{\"@type\":\"ImageObject\",\"inLanguage\":\"en-US\",\"@id\":\"https:\/\/modernhospital.az\/newsite\/#\/schema\/logo\/image\/\",\"url\":\"https:\/\/modernhospital.az\/wp-content\/uploads\/2019\/04\/modern-hospital-logo-01.png\",\"contentUrl\":\"https:\/\/modernhospital.az\/wp-content\/uploads\/2019\/04\/modern-hospital-logo-01.png\",\"width\":1772,\"height\":591,\"caption\":\"My CMS\"},\"image\":{\"@id\":\"https:\/\/modernhospital.az\/newsite\/#\/schema\/logo\/image\/\"}}]}<\/script>\r\n<!-- \/ Yoast SEO plugin. -->","yoast_head_json":{"title":"Otorinolorinqologiya - My CMS","robots":{"index":"index","follow":"follow","max-snippet":"max-snippet:-1","max-image-preview":"max-image-preview:large","max-video-preview":"max-video-preview:-1"},"canonical":"https:\/\/modernhospital.az\/newsite\/bolumler\/cerrahi-bolumler\/otorinolorinqologiya\/","og_locale":"en_US","og_type":"article","og_title":"Otorinolorinqologiya - My CMS","og_description":"[vc_row css=&#8221;.vc_custom_1565939614422{padding-top: 150px !important;padding-bottom: 150px !important;background-image: url(http:\/\/modernhospital.az\/wp-content\/uploads\/2019\/08\/Tree-Top-Hospital-Otorhinolaryngology-ENT.jpg?id=2613) !important;background-position: center !important;background-repeat: no-repeat !important;background-size: cover !important;}&#8221;][vc_column][\/vc_column][\/vc_row][vc_row content_width=&#8221;grid&#8221;][vc_column width=&#8221;2\/3&#8243; css=&#8221;.vc_custom_1566050423240{padding-top: 50px !important;}&#8221;][vc_empty_space height=&#8221;10px&#8221;][vc_column_text]Otorinolorinqologiya(LOR)\u00a0\u015f\u00f6b\u0259mizd\u0259 burun v\u0259 bo\u011faz c\u0259rrahiyy\u0259si, h\u0259m\u00e7inin bu sah\u0259y\u0259 aid b\u00fct\u00fcn x\u0259st\u0259likl\u0259rinin h\u0259m konservativ, h\u0259m d\u0259 c\u0259rrahi m\u00fcalic\u0259si icra olunur. Otorinolorinqologiya \u015f\u00f6b\u0259mizd\u0259 b\u00fct\u00fcn ya\u015f qruplar\u0131ndaki pasiyentl\u0259rimizin xarici...","og_url":"https:\/\/modernhospital.az\/newsite\/bolumler\/cerrahi-bolumler\/otorinolorinqologiya\/","og_site_name":"My CMS","article_modified_time":"2023-09-15T09:56:25+00:00","twitter_card":"summary_large_image","twitter_misc":{"Est. reading time":"4 minutes"},"schema":{"@context":"https:\/\/schema.org","@graph":[{"@type":"WebPage","@id":"https:\/\/modernhospital.az\/newsite\/bolumler\/cerrahi-bolumler\/otorinolorinqologiya\/","url":"https:\/\/modernhospital.az\/newsite\/bolumler\/cerrahi-bolumler\/otorinolorinqologiya\/","name":"Otorinolorinqologiya - My CMS","isPartOf":{"@id":"https:\/\/modernhospital.az\/newsite\/#website"},"datePublished":"2019-03-11T14:48:51+00:00","dateModified":"2023-09-15T09:56:25+00:00","breadcrumb":{"@id":"https:\/\/modernhospital.az\/newsite\/bolumler\/cerrahi-bolumler\/otorinolorinqologiya\/#breadcrumb"},"inLanguage":"en-US","potentialAction":[{"@type":"ReadAction","target":["https:\/\/modernhospital.az\/newsite\/bolumler\/cerrahi-bolumler\/otorinolorinqologiya\/"]}]},{"@type":"BreadcrumbList","@id":"https:\/\/modernhospital.az\/newsite\/bolumler\/cerrahi-bolumler\/otorinolorinqologiya\/#breadcrumb","itemListElement":[{"@type":"ListItem","position":1,"name":"Home","item":"https:\/\/modernhospital.az\/newsite\/"},{"@type":"ListItem","position":2,"name":"B\u00f6l\u00fcml\u0259rimiz","item":"https:\/\/modernhospital.az\/newsite\/bolumler\/"},{"@type":"ListItem","position":3,"name":"C\u0259rrahi b\u00f6l\u00fcml\u0259r","item":"https:\/\/modernhospital.az\/newsite\/bolumler\/cerrahi-bolumler\/"},{"@type":"ListItem","position":4,"name":"Otorinolorinqologiya"}]},{"@type":"WebSite","@id":"https:\/\/modernhospital.az\/newsite\/#website","url":"https:\/\/modernhospital.az\/newsite\/","name":"My CMS","description":"H\u0259yat\u0131n\u0131za d\u0259y\u0259r ver\u0259r\u0259k!","publisher":{"@id":"https:\/\/modernhospital.az\/newsite\/#organization"},"potentialAction":[{"@type":"SearchAction","target":{"@type":"EntryPoint","urlTemplate":"https:\/\/modernhospital.az\/newsite\/?s={search_term_string}"},"query-input":"required name=search_term_string"}],"inLanguage":"en-US"},{"@type":"Organization","@id":"https:\/\/modernhospital.az\/newsite\/#organization","name":"My CMS","url":"https:\/\/modernhospital.az\/newsite\/","logo":{"@type":"ImageObject","inLanguage":"en-US","@id":"https:\/\/modernhospital.az\/newsite\/#\/schema\/logo\/image\/","url":"https:\/\/modernhospital.az\/wp-content\/uploads\/2019\/04\/modern-hospital-logo-01.png","contentUrl":"https:\/\/modernhospital.az\/wp-content\/uploads\/2019\/04\/modern-hospital-logo-01.png","width":1772,"height":591,"caption":"My CMS"},"image":{"@id":"https:\/\/modernhospital.az\/newsite\/#\/schema\/logo\/image\/"}}]}},"jetpack_sharing_enabled":true,"_links":{"self":[{"href":"https:\/\/modernhospital.az\/newsite\/wp-json\/wp\/v2\/pages\/57"}],"collection":[{"href":"https:\/\/modernhospital.az\/newsite\/wp-json\/wp\/v2\/pages"}],"about":[{"href":"https:\/\/modernhospital.az\/newsite\/wp-json\/wp\/v2\/types\/page"}],"author":[{"embeddable":true,"href":"https:\/\/modernhospital.az\/newsite\/wp-json\/wp\/v2\/users\/1"}],"replies":[{"embeddable":true,"href":"https:\/\/modernhospital.az\/newsite\/wp-json\/wp\/v2\/comments?post=57"}],"version-history":[{"count":9,"href":"https:\/\/modernhospital.az\/newsite\/wp-json\/wp\/v2\/pages\/57\/revisions"}],"predecessor-version":[{"id":3622,"href":"https:\/\/modernhospital.az\/newsite\/wp-json\/wp\/v2\/pages\/57\/revisions\/3622"}],"up":[{"embeddable":true,"href":"https:\/\/modernhospital.az\/newsite\/wp-json\/wp\/v2\/pages\/11"}],"wp:attachment":[{"href":"https:\/\/modernhospital.az\/newsite\/wp-json\/wp\/v2\/media?parent=57"}],"curies":[{"name":"wp","href":"https:\/\/api.w.org\/{rel}","templated":true}]}}