{"id":61,"date":"2019-03-11T19:03:54","date_gmt":"2019-03-11T15:03:54","guid":{"rendered":"http:\/\/modernhospital.az\/newsite\/?page_id=61"},"modified":"2023-10-08T15:34:10","modified_gmt":"2023-10-08T11:34:10","slug":"proktologiya","status":"publish","type":"page","link":"https:\/\/modernhospital.az\/newsite\/bolumler\/cerrahi-bolumler\/proktologiya\/","title":{"rendered":"Kolo proktoloji c\u0259rrahiyy\u0259"},"content":{"rendered":"<p>[vc_row css=&#8221;.vc_custom_1565940082454{padding-top: 150px !important;padding-bottom: 150px !important;background-image: url(http:\/\/modernhospital.az\/wp-content\/uploads\/2019\/08\/proktologji-1170&#215;480.jpg?id=2620) !important;background-position: center !important;background-repeat: no-repeat !important;background-size: cover !important;}&#8221;][vc_column]\n<div class=\"qodef-custom-font-holder\" style=\"font-family: Fira Sans;font-size: 55px;line-height: 55px;font-weight: 600;text-align: center;color: #ffffff\" data-font-size= 55 data-line-height= 55>\n    Kolo proktoloji c\u0259rrahiyy\u0259    <\/div>[\/vc_column][\/vc_row][vc_row content_width=&#8221;grid&#8221;][vc_column width=&#8221;2\/3&#8243; css=&#8221;.vc_custom_1566050423240{padding-top: 50px !important;}&#8221;]\n<div class=\"qodef-custom-font-holder\" style=\"font-family: Fira Sans;font-size: 40px;line-height: 40px;font-weight: 500;letter-spacing: -1px\" data-font-size= 40 data-line-height= 40>\n    \u00dcmumi m\u0259lumat    <\/div>[vc_empty_space height=&#8221;10px&#8221;][vc_column_text]M\u00fcxt\u0259lif n\u00f6v yo\u011fun ba\u011f\u0131rsaq, d\u00fcz ba\u011f\u0131rsaq, anal v\u0259 perianal b\u00f6lg\u0259 x\u0259st\u0259likl\u0259rinin m\u00fcalic\u0259 olundu\u011fu Kolo proktologiya \u015f\u00f6b\u0259miz professional h\u0259kiml\u0259rimizl\u0259 xidm\u0259tinizd\u0259dir. Babasil, anal \u00e7at, fistul v\u0259 tez-tez rastla\u015f\u0131lan dig\u0259r proktoloji x\u0259st\u0259likl\u0259rin effektiv m\u00fcalic\u0259si v\u0259 \u0259n m\u00fcasir \u00fcsullarla c\u0259rrahiyy\u0259 \u0259m\u0259liyyatlar\u0131 h\u0259m ki\u015fi, h\u0259m qad\u0131n proktoloqlar\u0131m\u0131z t\u0259r\u0259find\u0259n icra olunur. Ehtiyac oldu\u011fu t\u0259qdird\u0259 pasiyentl\u0259rimiz qastroenteroloq, proktoloq, \u00fcmumi c\u0259rrah, dermatoloq bax\u0131\u015f\u0131ndan ke\u00e7irilir v\u0259 multidisiplinar yana\u015f\u0131laraq diaqnoz qoyulur v\u0259 m\u00fcalic\u0259 olunur.[\/vc_column_text][vc_empty_space][\/vc_column][vc_column width=&#8221;1\/3&#8243; css=&#8221;.vc_custom_1566046579992{padding-top: 30px !important;padding-bottom: 30px !important;padding-left: 30px !important;background-color: #efefef !important;}&#8221;]\n<div class=\"qodef-custom-font-holder\" style=\"font-family: Fira Sans;font-size: 25px;line-height: 25px;font-weight: 500;text-align: center;color: #dd3333\" data-font-size= 25 data-line-height= 25>\n    <strong>Sual\u0131n\u0131z var?<\/strong>    <\/div>[vc_empty_space height=&#8221;15px&#8221;][vc_column_text]<\/p>\n<div class=\"caldera-grid\" id=\"caldera_form_1\" data-cf-ver=\"1.9.3\" data-cf-form-id=\"CF5d57f1123a979\"><div id=\"caldera_notices_1\" data-spinner=\"https:\/\/modernhospital.az\/newsite\/wp-admin\/images\/spinner.gif\"><\/div><form data-instance=\"1\" class=\"CF5d57f1123a979 caldera_forms_form cfajax-trigger\" method=\"POST\" enctype=\"multipart\/form-data\" id=\"CF5d57f1123a979_1\" data-form-id=\"CF5d57f1123a979\" aria-label=\"Ki&ccedil;ik \u0259laq\u0259\" data-target=\"#caldera_notices_1\" data-template=\"#cfajax_CF5d57f1123a979-tmpl\" data-cfajax=\"CF5d57f1123a979\" data-load-element=\"_parent\" data-load-class=\"cf_processing\" data-post-disable=\"0\" data-action=\"cf_process_ajax_submit\" data-request=\"https:\/\/modernhospital.az\/newsite\/cf-api\/CF5d57f1123a979\" data-hiderows=\"true\">\r\n<input type=\"hidden\" id=\"_cf_verify_CF5d57f1123a979\" name=\"_cf_verify\" value=\"35e1d97452\"  data-nonce-time=\"1778761576\" \/><input type=\"hidden\" name=\"_wp_http_referer\" value=\"\/newsite\/wp-json\/wp\/v2\/pages\/61\" \/><div id=\"cf2-CF5d57f1123a979_1\"><\/div><input type=\"hidden\" name=\"_cf_frm_id\" value=\"CF5d57f1123a979\">\r\n<input type=\"hidden\" name=\"_cf_frm_ct\" value=\"1\">\r\n<input type=\"hidden\" name=\"cfajax\" value=\"CF5d57f1123a979\">\r\n<input type=\"hidden\" name=\"_cf_cr_pst\" value=\"61\">\r\n<div class=\"hide\" style=\"display:none; overflow:hidden;height:0;width:0;\">\r\n<label>Twitter<\/label><input type=\"text\" name=\"twitter\" value=\"\" autocomplete=\"off\">\r\n<\/div><div id=\"CF5d57f1123a979_1-row-1\"  class=\"row  first_row\"><div  class=\"col-sm-12  single\"><div data-field-wrapper=\"fld_8386081\" class=\"form-group\" id=\"fld_8386081_1-wrap\">\r\n\t<label id=\"fld_8386081Label\" for=\"fld_8386081_1\" class=\"control-label\">Ad Soyad <span aria-hidden=\"true\" role=\"presentation\" class=\"field_required\" style=\"color:#ee0000;\">*<\/span><\/label>\r\n\t<div class=\"\">\r\n\t\t<input   required type=\"text\" data-field=\"fld_8386081\" class=\" form-control\" id=\"fld_8386081_1\" name=\"fld_8386081\" value=\"\" data-type=\"text\" aria-required=\"true\"   aria-labelledby=\"fld_8386081Label\" >\t\t\t<\/div>\r\n<\/div>\r\n<\/div><\/div><div id=\"CF5d57f1123a979_1-row-2\"  class=\"row \"><div  class=\"col-sm-12  single\"><div data-field-wrapper=\"fld_7275611\" class=\"form-group\" id=\"fld_7275611_1-wrap\">\r\n\t<label id=\"fld_7275611Label\" for=\"fld_7275611_1\" class=\"control-label\">\u018flaq\u0259 telefonu <span aria-hidden=\"true\" role=\"presentation\" class=\"field_required\" style=\"color:#ee0000;\">*<\/span><\/label>\r\n\t<div class=\"\">\r\n\t\t<input  data-inputmask=\"'mask': '(999)999-9999'\"  required type=\"phone\" data-field=\"fld_7275611\" class=\" form-control\" id=\"fld_7275611_1\" name=\"fld_7275611\" value=\"\" data-type=\"phone\" aria-required=\"true\"   aria-labelledby=\"fld_7275611Label\" >\t\t\t<\/div>\r\n<\/div>\r\n<\/div><\/div><div id=\"CF5d57f1123a979_1-row-3\"  class=\"row \"><div  class=\"col-sm-12  single\"><div data-field-wrapper=\"fld_3892846\" class=\"form-group\" id=\"fld_3892846_1-wrap\">\r\n\t<label id=\"fld_3892846Label\" for=\"fld_3892846_1\" class=\"control-label\">Qeydl\u0259r <span aria-hidden=\"true\" role=\"presentation\" class=\"field_required\" style=\"color:#ee0000;\">*<\/span><\/label>\r\n\t<div class=\"\">\r\n\t\t<textarea name=\"fld_3892846\" value=\"\" data-field=\"fld_3892846\" class=\"form-control\" id=\"fld_3892846_1\" rows=\"4\"  required=\"required\"  aria-labelledby=\"fld_3892846Label\" ><\/textarea>\n\t\t\t<\/div>\r\n<\/div>\r\n<\/div><\/div><div id=\"CF5d57f1123a979_1-row-4\"  class=\"row  last_row\"><div  class=\"col-sm-12  single\"><div data-field-wrapper=\"fld_7951322\" class=\"form-group\" id=\"fld_7951322_1-wrap\">\r\n<div class=\"\">\r\n\t<input  class=\"btn btn-default\" type=\"submit\" name=\"fld_7951322\" id=\"fld_7951322_1\" value=\"G\u00f6nd\u0259r\" data-field=\"fld_7951322\"  >\n<\/div>\r\n<\/div>\r\n\t<input class=\"button_trigger_1\" type=\"hidden\" name=\"fld_7951322\" id=\"fld_7951322_1_btn\" value=\"\" data-field=\"fld_7951322\"  \/>\n<\/div><\/div><\/form>\r\n<\/div>\r\n\n<p>[\/vc_column_text][\/vc_column][\/vc_row][vc_row content_width=&#8221;grid&#8221;][vc_column][vc_empty_space]<div class=\"qodef-tabs qodef-horizontal-tab qodef-tab-without-icon qodef-tab-boxed clearfix\">\n\t<ul class=\"qodef-tabs-nav\">\n\t\t\t\t\t<li>\n\t\t\t\t<a href=\"#tab-x%c9%99st%c9%99likl%c9%99r\">\n\n\t\t\t\t\t\t\t\t\t\t\t<span class=\"qodef-tab-text-after-icon\">\n\t\t\t\t\t\t\tX\u0259st\u0259likl\u0259r\t\t\t\t\t\t<\/span>\n\t\t\t\t\t\n\t\t\t\t\t\t\t\t\t\t\t\n\t\t\t\t\t\t\t\t\t<\/a>\n\t\t\t <\/li>\n\t\t\t\t\t<li>\n\t\t\t\t<a href=\"#tab-simptomlar\">\n\n\t\t\t\t\t\t\t\t\t\t\t<span class=\"qodef-tab-text-after-icon\">\n\t\t\t\t\t\t\tSimptomlar\t\t\t\t\t\t<\/span>\n\t\t\t\t\t\n\t\t\t\t\t\t\t\t\t\t\t\n\t\t\t\t\t\t\t\t\t<\/a>\n\t\t\t <\/li>\n\t\t\t\t\t<li>\n\t\t\t\t<a href=\"#tab-xidm%c9%99tl%c9%99r\">\n\n\t\t\t\t\t\t\t\t\t\t\t<span class=\"qodef-tab-text-after-icon\">\n\t\t\t\t\t\t\tXidm\u0259tl\u0259r\t\t\t\t\t\t<\/span>\n\t\t\t\t\t\n\t\t\t\t\t\t\t\t\t\t\t\n\t\t\t\t\t\t\t\t\t<\/a>\n\t\t\t <\/li>\n\t\t\t<\/ul> \n\t<div class=\"qodef-tab-container\" id=\"tab-x%c9%99st%c9%99likl%c9%99r-846\" data-icon-pack=\"font_awesome\" data-icon-html=\"&lt;i class=&quot;qodef-icon-font-awesome fa  &quot; &gt;&lt;\/i&gt;\">[vc_column_text]<\/p>\n<ul>\n<li>Babasil (Hemarroid)<\/li>\n<li>Qar\u0131nda k\u00f6p (Anal \u0130nkontinens)<\/li>\n<li>Ba\u011f\u0131rsaq sindromu<\/li>\n<li>Q\u0259bizlik<\/li>\n<li>Hidroadenit<\/li>\n<li>Qad\u0131nlarda \u00e7at x\u0259st\u0259liyi<\/li>\n<li>Rektosele (ba\u011f\u0131rsaq y\u0131rt\u0131\u011f\u0131)<\/li>\n<li>Anal \u00e7atlar<\/li>\n<li>Perianal fistulalar<\/li>\n<li>Dermoid kistl\u0259rin<\/li>\n<li>Pilonidal Sinus (q\u0131l d\u00f6nm\u0259si)<\/li>\n<\/ul>\n<p>[\/vc_column_text]<\/div><div class=\"qodef-tab-container\" id=\"tab-simptomlar-165\" data-icon-pack=\"font_awesome\" data-icon-html=\"&lt;i class=&quot;qodef-icon-font-awesome fa  &quot; &gt;&lt;\/i&gt;\"><\/div><div class=\"qodef-tab-container\" id=\"tab-xidm%c9%99tl%c9%99r-565\" data-icon-pack=\"font_awesome\" data-icon-html=\"&lt;i class=&quot;qodef-icon-font-awesome fa  &quot; &gt;&lt;\/i&gt;\">[vc_column_text]<\/p>\n<ul>\n<li>Babasilin lazerl\u0259 minimal invaziv \u0259m\u0259liyyat\u0131<\/li>\n<li>K\u00f6p x\u0259st\u0259liyinin m\u00fcalic\u0259si<\/li>\n<li>Q\u0259bizlik v\u0259 \u0130shal hallar\u0131n\u0131n m\u00fcalic\u0259si<\/li>\n<li>Rektosel(Ba\u011f\u0131rsaq y\u0131rt\u0131\u011f\u0131) \u0259m\u0259liyyat\u0131<\/li>\n<li>Anal \u00e7at \u0259m\u0259liyyat\u0131<\/li>\n<li>Perianal fistullar\u0131n g\u00f6t\u00fcr\u00fclm\u0259si<\/li>\n<li>Dermoid kistl\u0259rin m\u00fcalic\u0259si<\/li>\n<li>Pilonidal Sinus (q\u0131l d\u00f6nm\u0259si) \u0259m\u0259liyyat\u0131<\/li>\n<li>Ba\u011f\u0131rsaq sindromunun m\u00fcalic\u0259si<\/li>\n<li>Kolonoskopiya<\/li>\n<\/ul>\n<p>[\/vc_column_text]<\/div><\/div>[\/vc_column][\/vc_row][vc_row content_width=&#8221;grid&#8221; content_aligment=&#8221;center&#8221;][vc_column width=&#8221;1\/4&#8243;][\/vc_column][vc_column width=&#8221;1\/2&#8243;]<a itemprop=\"url\" href=\"http:\/\/modernhospital.az\/e-xidmetler\/e-randevu\/\" target=\"_blank\"  class=\"qodef-btn qodef-btn-huge qodef-btn-outline qodef-btn-hover-scale\"  >\n    <span class=\"qodef-btn-text\">Randevu al<\/span>\n    <span class=\"qodef-btn-icon-normal\"><i class=\"qodef-icon-font-awesome fa  \" ><\/i><\/span>\n    <span class=\"qodef-btn-icon-flip\"><i class=\"qodef-icon-font-awesome fa  \" ><\/i><\/span>\n        \t<span class=\"qodef-hover-background\"><\/span>\n    \n    <\/a>[\/vc_column][vc_column width=&#8221;1\/4&#8243;][\/vc_column][\/vc_row][vc_row content_width=&#8221;grid&#8221;][vc_column][vc_empty_space][vc_video link=&#8221;https:\/\/www.youtube.com\/watch?v=Gj6eFtZ37f0&#8243; el_width=&#8221;50&#8243; el_aspect=&#8221;43&#8243;][vc_empty_space][\/vc_column][\/vc_row][vc_row content_width=&#8221;grid&#8221;][vc_column][vc_text_separator title=&#8221;B\u00f6l\u00fcm\u0259 aid h\u0259kiml\u0259r&#8221; color=&#8221;custom&#8221; accent_color=&#8221;#dd3333&#8243; css=&#8221;.vc_custom_1694771778793{padding-top: 50px !important;padding-bottom: 50px !important;}&#8221;]<div class=\"qodef-blog-list-holder qodef-boxes qodef-four-columns\">\n    <ul class=\"qodef-blog-list\">\n\t\t<li class=\"qodef-blog-list-item\">\n    <div class=\"qodef-blog-list-item-inner\">\n                    <div class=\"qodef-item-image clearfix\">\n                <a itemprop=\"url\" href=\"https:\/\/modernhospital.az\/newsite\/dilare-hesenova\/\">\n                    <img loading=\"lazy\" decoding=\"async\" width=\"1920\" height=\"980\" src=\"https:\/\/modernhospital.az\/newsite\/wp-content\/uploads\/2023\/10\/Dilar\u0259-H\u0259s\u0259nova1-1.jpg\" class=\"attachment-full size-full wp-post-image\" alt=\"\" srcset=\"https:\/\/modernhospital.az\/newsite\/wp-content\/uploads\/2023\/10\/Dilar\u0259-H\u0259s\u0259nova1-1.jpg 1920w, https:\/\/modernhospital.az\/newsite\/wp-content\/uploads\/2023\/10\/Dilar\u0259-H\u0259s\u0259nova1-1-300x153.jpg 300w, https:\/\/modernhospital.az\/newsite\/wp-content\/uploads\/2023\/10\/Dilar\u0259-H\u0259s\u0259nova1-1-1024x523.jpg 1024w, https:\/\/modernhospital.az\/newsite\/wp-content\/uploads\/2023\/10\/Dilar\u0259-H\u0259s\u0259nova1-1-768x392.jpg 768w, https:\/\/modernhospital.az\/newsite\/wp-content\/uploads\/2023\/10\/Dilar\u0259-H\u0259s\u0259nova1-1-1536x784.jpg 1536w\" sizes=\"(max-width: 1920px) 100vw, 1920px\" \/>                <\/a>\n            <\/div>\n                <div class=\"qodef-item-text-holder\">\n                        <h3 itemprop=\"name\" class=\"qodef-item-title entry-title\">\n            <a itemprop=\"url\" href=\"https:\/\/modernhospital.az\/newsite\/dilare-hesenova\/\">\n                Dilar\u0259 H\u0259s\u0259nova            <\/a>\n        <\/h3>\n                    <p itemprop=\"description\" class=\"qodef-excerpt\">[vc_row css=&#8221;.vc_custom_1565356393536{padding-top: 50px !important;padding-bottom: 5...<\/p>\n                            <\/div>\n    <\/div>\n<\/li><li class=\"qodef-blog-list-item\">\n    <div class=\"qodef-blog-list-item-inner\">\n                    <div class=\"qodef-item-image clearfix\">\n                <a itemprop=\"url\" href=\"https:\/\/modernhospital.az\/newsite\/qudret-qehremanov\/\">\n                    <img loading=\"lazy\" decoding=\"async\" width=\"1920\" height=\"980\" src=\"https:\/\/modernhospital.az\/newsite\/wp-content\/uploads\/2019\/05\/Qudret-Qehremenov-Umumi-cerrah.jpg\" class=\"attachment-full size-full wp-post-image wpsmartcrop-image wpsmartcrop-image\" alt=\"\" focus=\"[50,50]\" data-smartcrop-focus=\"[50,50]\" \/>                <\/a>\n            <\/div>\n                <div class=\"qodef-item-text-holder\">\n                        <h3 itemprop=\"name\" class=\"qodef-item-title entry-title\">\n            <a itemprop=\"url\" href=\"https:\/\/modernhospital.az\/newsite\/qudret-qehremanov\/\">\n                Q\u00fcdr\u0259t Q\u0259hr\u0259manov            <\/a>\n        <\/h3>\n                    <p itemprop=\"description\" class=\"qodef-excerpt\">[vc_row css=&#8221;.vc_custom_1565356321009{padding-top: 50px !important;padding-bottom: 5...<\/p>\n                            <\/div>\n    <\/div>\n<\/li><li class=\"qodef-blog-list-item\">\n    <div class=\"qodef-blog-list-item-inner\">\n                    <div class=\"qodef-item-image clearfix\">\n                <a itemprop=\"url\" href=\"https:\/\/modernhospital.az\/newsite\/elvina-selimova\/\">\n                    <img loading=\"lazy\" decoding=\"async\" width=\"1920\" height=\"980\" src=\"https:\/\/modernhospital.az\/newsite\/wp-content\/uploads\/2019\/05\/Elvina-Selimova-Umumi-cerrah-proktolog.jpg\" class=\"attachment-full size-full wp-post-image wpsmartcrop-image wpsmartcrop-image\" alt=\"\" focus=\"[50,50]\" data-smartcrop-focus=\"[50,50]\" \/>                <\/a>\n            <\/div>\n                <div class=\"qodef-item-text-holder\">\n                        <h3 itemprop=\"name\" class=\"qodef-item-title entry-title\">\n            <a itemprop=\"url\" href=\"https:\/\/modernhospital.az\/newsite\/elvina-selimova\/\">\n                Elvina S\u0259limova            <\/a>\n        <\/h3>\n                    <p itemprop=\"description\" class=\"qodef-excerpt\">[vc_row css=&#8221;.vc_custom_1565356393536{padding-top: 50px !important;padding-bottom: 5...<\/p>\n                            <\/div>\n    <\/div>\n<\/li>    <\/ul>\n<\/div>\n[\/vc_column][\/vc_row]<\/p>\n","protected":false},"excerpt":{"rendered":"<p>[vc_row css=&#8221;.vc_custom_1565940082454{padding-top: 150px !important;padding-bottom: 150px !important;background-image: url(http:\/\/modernhospital.az\/wp-content\/uploads\/2019\/08\/proktologji-1170&#215;480.jpg?id=2620) !important;background-position: center !important;background-repeat: no-repeat !important;background-size: cover !important;}&#8221;][vc_column][\/vc_column][\/vc_row][vc_row content_width=&#8221;grid&#8221;][vc_column width=&#8221;2\/3&#8243; css=&#8221;.vc_custom_1566050423240{padding-top: 50px !important;}&#8221;][vc_empty_space height=&#8221;10px&#8221;][vc_column_text]M\u00fcxt\u0259lif n\u00f6v yo\u011fun ba\u011f\u0131rsaq, d\u00fcz ba\u011f\u0131rsaq, anal v\u0259 perianal b\u00f6lg\u0259 x\u0259st\u0259likl\u0259rinin m\u00fcalic\u0259 olundu\u011fu Kolo proktologiya \u015f\u00f6b\u0259miz professional h\u0259kiml\u0259rimizl\u0259 xidm\u0259tinizd\u0259dir. Babasil, anal \u00e7at, fistul v\u0259 tez-tez rastla\u015f\u0131lan&#8230;<\/p>\n","protected":false},"author":1,"featured_media":0,"parent":11,"menu_order":0,"comment_status":"closed","ping_status":"closed","template":"full-width.php","meta":{"footnotes":""},"yoast_head":"<!-- This site is optimized with the Yoast SEO plugin v21.5 - https:\/\/yoast.com\/wordpress\/plugins\/seo\/ -->\r\n<title>Kolo proktoloji c\u0259rrahiyy\u0259 - My CMS<\/title>\r\n<meta name=\"robots\" content=\"index, follow, max-snippet:-1, max-image-preview:large, max-video-preview:-1\" \/>\r\n<link rel=\"canonical\" href=\"https:\/\/modernhospital.az\/newsite\/bolumler\/cerrahi-bolumler\/proktologiya\/\" \/>\r\n<meta property=\"og:locale\" content=\"en_US\" \/>\r\n<meta property=\"og:type\" content=\"article\" \/>\r\n<meta property=\"og:title\" content=\"Kolo proktoloji c\u0259rrahiyy\u0259 - My CMS\" \/>\r\n<meta property=\"og:description\" content=\"[vc_row css=&#8221;.vc_custom_1565940082454{padding-top: 150px !important;padding-bottom: 150px !important;background-image: url(http:\/\/modernhospital.az\/wp-content\/uploads\/2019\/08\/proktologji-1170&#215;480.jpg?id=2620) !important;background-position: center !important;background-repeat: no-repeat !important;background-size: cover !important;}&#8221;][vc_column][\/vc_column][\/vc_row][vc_row content_width=&#8221;grid&#8221;][vc_column width=&#8221;2\/3&#8243; css=&#8221;.vc_custom_1566050423240{padding-top: 50px !important;}&#8221;][vc_empty_space height=&#8221;10px&#8221;][vc_column_text]M\u00fcxt\u0259lif n\u00f6v yo\u011fun ba\u011f\u0131rsaq, d\u00fcz ba\u011f\u0131rsaq, anal v\u0259 perianal b\u00f6lg\u0259 x\u0259st\u0259likl\u0259rinin m\u00fcalic\u0259 olundu\u011fu Kolo proktologiya \u015f\u00f6b\u0259miz professional h\u0259kiml\u0259rimizl\u0259 xidm\u0259tinizd\u0259dir. Babasil, anal \u00e7at, fistul v\u0259 tez-tez rastla\u015f\u0131lan...\" \/>\r\n<meta property=\"og:url\" content=\"https:\/\/modernhospital.az\/newsite\/bolumler\/cerrahi-bolumler\/proktologiya\/\" \/>\r\n<meta property=\"og:site_name\" content=\"My CMS\" \/>\r\n<meta property=\"article:modified_time\" content=\"2023-10-08T11:34:10+00:00\" \/>\r\n<meta name=\"twitter:card\" content=\"summary_large_image\" \/>\r\n<meta name=\"twitter:label1\" content=\"Est. reading time\" \/>\n\t<meta name=\"twitter:data1\" content=\"3 minutes\" \/>\r\n<script type=\"application\/ld+json\" class=\"yoast-schema-graph\">{\"@context\":\"https:\/\/schema.org\",\"@graph\":[{\"@type\":\"WebPage\",\"@id\":\"https:\/\/modernhospital.az\/newsite\/bolumler\/cerrahi-bolumler\/proktologiya\/\",\"url\":\"https:\/\/modernhospital.az\/newsite\/bolumler\/cerrahi-bolumler\/proktologiya\/\",\"name\":\"Kolo proktoloji c\u0259rrahiyy\u0259 - My CMS\",\"isPartOf\":{\"@id\":\"https:\/\/modernhospital.az\/newsite\/#website\"},\"datePublished\":\"2019-03-11T15:03:54+00:00\",\"dateModified\":\"2023-10-08T11:34:10+00:00\",\"breadcrumb\":{\"@id\":\"https:\/\/modernhospital.az\/newsite\/bolumler\/cerrahi-bolumler\/proktologiya\/#breadcrumb\"},\"inLanguage\":\"en-US\",\"potentialAction\":[{\"@type\":\"ReadAction\",\"target\":[\"https:\/\/modernhospital.az\/newsite\/bolumler\/cerrahi-bolumler\/proktologiya\/\"]}]},{\"@type\":\"BreadcrumbList\",\"@id\":\"https:\/\/modernhospital.az\/newsite\/bolumler\/cerrahi-bolumler\/proktologiya\/#breadcrumb\",\"itemListElement\":[{\"@type\":\"ListItem\",\"position\":1,\"name\":\"Home\",\"item\":\"https:\/\/modernhospital.az\/newsite\/\"},{\"@type\":\"ListItem\",\"position\":2,\"name\":\"B\u00f6l\u00fcml\u0259rimiz\",\"item\":\"https:\/\/modernhospital.az\/newsite\/bolumler\/\"},{\"@type\":\"ListItem\",\"position\":3,\"name\":\"C\u0259rrahi b\u00f6l\u00fcml\u0259r\",\"item\":\"https:\/\/modernhospital.az\/newsite\/bolumler\/cerrahi-bolumler\/\"},{\"@type\":\"ListItem\",\"position\":4,\"name\":\"Kolo proktoloji c\u0259rrahiyy\u0259\"}]},{\"@type\":\"WebSite\",\"@id\":\"https:\/\/modernhospital.az\/newsite\/#website\",\"url\":\"https:\/\/modernhospital.az\/newsite\/\",\"name\":\"My CMS\",\"description\":\"H\u0259yat\u0131n\u0131za d\u0259y\u0259r ver\u0259r\u0259k!\",\"publisher\":{\"@id\":\"https:\/\/modernhospital.az\/newsite\/#organization\"},\"potentialAction\":[{\"@type\":\"SearchAction\",\"target\":{\"@type\":\"EntryPoint\",\"urlTemplate\":\"https:\/\/modernhospital.az\/newsite\/?s={search_term_string}\"},\"query-input\":\"required name=search_term_string\"}],\"inLanguage\":\"en-US\"},{\"@type\":\"Organization\",\"@id\":\"https:\/\/modernhospital.az\/newsite\/#organization\",\"name\":\"My CMS\",\"url\":\"https:\/\/modernhospital.az\/newsite\/\",\"logo\":{\"@type\":\"ImageObject\",\"inLanguage\":\"en-US\",\"@id\":\"https:\/\/modernhospital.az\/newsite\/#\/schema\/logo\/image\/\",\"url\":\"https:\/\/modernhospital.az\/wp-content\/uploads\/2019\/04\/modern-hospital-logo-01.png\",\"contentUrl\":\"https:\/\/modernhospital.az\/wp-content\/uploads\/2019\/04\/modern-hospital-logo-01.png\",\"width\":1772,\"height\":591,\"caption\":\"My CMS\"},\"image\":{\"@id\":\"https:\/\/modernhospital.az\/newsite\/#\/schema\/logo\/image\/\"}}]}<\/script>\r\n<!-- \/ Yoast SEO plugin. -->","yoast_head_json":{"title":"Kolo proktoloji c\u0259rrahiyy\u0259 - My CMS","robots":{"index":"index","follow":"follow","max-snippet":"max-snippet:-1","max-image-preview":"max-image-preview:large","max-video-preview":"max-video-preview:-1"},"canonical":"https:\/\/modernhospital.az\/newsite\/bolumler\/cerrahi-bolumler\/proktologiya\/","og_locale":"en_US","og_type":"article","og_title":"Kolo proktoloji c\u0259rrahiyy\u0259 - My CMS","og_description":"[vc_row css=&#8221;.vc_custom_1565940082454{padding-top: 150px !important;padding-bottom: 150px !important;background-image: url(http:\/\/modernhospital.az\/wp-content\/uploads\/2019\/08\/proktologji-1170&#215;480.jpg?id=2620) !important;background-position: center !important;background-repeat: no-repeat !important;background-size: cover !important;}&#8221;][vc_column][\/vc_column][\/vc_row][vc_row content_width=&#8221;grid&#8221;][vc_column width=&#8221;2\/3&#8243; css=&#8221;.vc_custom_1566050423240{padding-top: 50px !important;}&#8221;][vc_empty_space height=&#8221;10px&#8221;][vc_column_text]M\u00fcxt\u0259lif n\u00f6v yo\u011fun ba\u011f\u0131rsaq, d\u00fcz ba\u011f\u0131rsaq, anal v\u0259 perianal b\u00f6lg\u0259 x\u0259st\u0259likl\u0259rinin m\u00fcalic\u0259 olundu\u011fu Kolo proktologiya \u015f\u00f6b\u0259miz professional h\u0259kiml\u0259rimizl\u0259 xidm\u0259tinizd\u0259dir. Babasil, anal \u00e7at, fistul v\u0259 tez-tez rastla\u015f\u0131lan...","og_url":"https:\/\/modernhospital.az\/newsite\/bolumler\/cerrahi-bolumler\/proktologiya\/","og_site_name":"My CMS","article_modified_time":"2023-10-08T11:34:10+00:00","twitter_card":"summary_large_image","twitter_misc":{"Est. reading time":"3 minutes"},"schema":{"@context":"https:\/\/schema.org","@graph":[{"@type":"WebPage","@id":"https:\/\/modernhospital.az\/newsite\/bolumler\/cerrahi-bolumler\/proktologiya\/","url":"https:\/\/modernhospital.az\/newsite\/bolumler\/cerrahi-bolumler\/proktologiya\/","name":"Kolo proktoloji c\u0259rrahiyy\u0259 - My CMS","isPartOf":{"@id":"https:\/\/modernhospital.az\/newsite\/#website"},"datePublished":"2019-03-11T15:03:54+00:00","dateModified":"2023-10-08T11:34:10+00:00","breadcrumb":{"@id":"https:\/\/modernhospital.az\/newsite\/bolumler\/cerrahi-bolumler\/proktologiya\/#breadcrumb"},"inLanguage":"en-US","potentialAction":[{"@type":"ReadAction","target":["https:\/\/modernhospital.az\/newsite\/bolumler\/cerrahi-bolumler\/proktologiya\/"]}]},{"@type":"BreadcrumbList","@id":"https:\/\/modernhospital.az\/newsite\/bolumler\/cerrahi-bolumler\/proktologiya\/#breadcrumb","itemListElement":[{"@type":"ListItem","position":1,"name":"Home","item":"https:\/\/modernhospital.az\/newsite\/"},{"@type":"ListItem","position":2,"name":"B\u00f6l\u00fcml\u0259rimiz","item":"https:\/\/modernhospital.az\/newsite\/bolumler\/"},{"@type":"ListItem","position":3,"name":"C\u0259rrahi b\u00f6l\u00fcml\u0259r","item":"https:\/\/modernhospital.az\/newsite\/bolumler\/cerrahi-bolumler\/"},{"@type":"ListItem","position":4,"name":"Kolo proktoloji c\u0259rrahiyy\u0259"}]},{"@type":"WebSite","@id":"https:\/\/modernhospital.az\/newsite\/#website","url":"https:\/\/modernhospital.az\/newsite\/","name":"My CMS","description":"H\u0259yat\u0131n\u0131za d\u0259y\u0259r ver\u0259r\u0259k!","publisher":{"@id":"https:\/\/modernhospital.az\/newsite\/#organization"},"potentialAction":[{"@type":"SearchAction","target":{"@type":"EntryPoint","urlTemplate":"https:\/\/modernhospital.az\/newsite\/?s={search_term_string}"},"query-input":"required name=search_term_string"}],"inLanguage":"en-US"},{"@type":"Organization","@id":"https:\/\/modernhospital.az\/newsite\/#organization","name":"My CMS","url":"https:\/\/modernhospital.az\/newsite\/","logo":{"@type":"ImageObject","inLanguage":"en-US","@id":"https:\/\/modernhospital.az\/newsite\/#\/schema\/logo\/image\/","url":"https:\/\/modernhospital.az\/wp-content\/uploads\/2019\/04\/modern-hospital-logo-01.png","contentUrl":"https:\/\/modernhospital.az\/wp-content\/uploads\/2019\/04\/modern-hospital-logo-01.png","width":1772,"height":591,"caption":"My CMS"},"image":{"@id":"https:\/\/modernhospital.az\/newsite\/#\/schema\/logo\/image\/"}}]}},"jetpack_sharing_enabled":true,"_links":{"self":[{"href":"https:\/\/modernhospital.az\/newsite\/wp-json\/wp\/v2\/pages\/61"}],"collection":[{"href":"https:\/\/modernhospital.az\/newsite\/wp-json\/wp\/v2\/pages"}],"about":[{"href":"https:\/\/modernhospital.az\/newsite\/wp-json\/wp\/v2\/types\/page"}],"author":[{"embeddable":true,"href":"https:\/\/modernhospital.az\/newsite\/wp-json\/wp\/v2\/users\/1"}],"replies":[{"embeddable":true,"href":"https:\/\/modernhospital.az\/newsite\/wp-json\/wp\/v2\/comments?post=61"}],"version-history":[{"count":15,"href":"https:\/\/modernhospital.az\/newsite\/wp-json\/wp\/v2\/pages\/61\/revisions"}],"predecessor-version":[{"id":4020,"href":"https:\/\/modernhospital.az\/newsite\/wp-json\/wp\/v2\/pages\/61\/revisions\/4020"}],"up":[{"embeddable":true,"href":"https:\/\/modernhospital.az\/newsite\/wp-json\/wp\/v2\/pages\/11"}],"wp:attachment":[{"href":"https:\/\/modernhospital.az\/newsite\/wp-json\/wp\/v2\/media?parent=61"}],"curies":[{"name":"wp","href":"https:\/\/api.w.org\/{rel}","templated":true}]}}