{"id":73,"date":"2019-03-11T19:07:00","date_gmt":"2019-03-11T15:07:00","guid":{"rendered":"http:\/\/modernhospital.az\/newsite\/?page_id=73"},"modified":"2023-09-15T14:01:46","modified_gmt":"2023-09-15T10:01:46","slug":"bel-yirtigi-emeliyyatlari","status":"publish","type":"page","link":"https:\/\/modernhospital.az\/newsite\/bolumler\/cerrahi-bolumler\/bel-yirtigi-emeliyyatlari\/","title":{"rendered":"Bel y\u0131rt\u0131\u011f\u0131 \u0259m\u0259liyyatlar\u0131"},"content":{"rendered":"<p>[vc_row css=&#8221;.vc_custom_1565938050375{padding-top: 150px !important;padding-bottom: 150px !important;background-image: url(http:\/\/modernhospital.az\/wp-content\/uploads\/2019\/08\/healthcare-hospital-lamp-1250655-1.jpg?id=2599) !important;background-position: center !important;background-repeat: no-repeat !important;background-size: cover !important;}&#8221;][vc_column]\n<div class=\"qodef-custom-font-holder\" style=\"font-family: Fira Sans;font-size: 55px;line-height: 55px;font-weight: 600;text-align: center;color: #ffffff\" data-font-size= 55 data-line-height= 55>\n    \u00dcmumi M\u0259lumat    <\/div>[\/vc_column][\/vc_row][vc_row][vc_column][vc_empty_space][\/vc_column][\/vc_row][vc_row content_width=&#8221;grid&#8221;][vc_column][vc_column_text]Konservativ m\u00fcalic\u0259y\u0259 baxmayaraq simptomlar\u0131 davam ed\u0259n, ciddi radikulopatiyas\u0131 olan v\u0259 miyelopatiya il\u0259 m\u00fc\u015fahid\u0259 edil\u0259n d\u00f6\u015f f\u0259q\u0259r\u0259l\u0259raras\u0131 disk y\u0131rt\u0131\u011f\u0131 olan x\u0259st\u0259l\u0259r operativ m\u00fcdaxil\u0259 \u00fc\u00e7\u00fcn g\u00f6nd\u0259ri\u015f almal\u0131d\u0131r.<\/p>\n<p>Lumbar Bel F\u0259q\u0259r\u0259l\u0259raras\u0131 disk y\u0131rt\u0131\u011f\u0131n\u0131n c\u0259rrahi m\u00fcalic\u0259si microdiskektomiya v\u0259 minimal invaziv perkutan artroskopik diskektomiya daxildir.<\/p>\n<p>Lumbar birl\u0259\u015fm\u0259 (f\u00fczion) bel F\u0259q\u0259r\u0259l\u0259raras\u0131 disk y\u0131rt\u0131\u011f\u0131n\u0131n t\u0259krar oldu\u011fu hallarda v\u0259 \u0259vv\u0259l c\u0259rrahi diskektomiya alan x\u0259st\u0259l\u0259r\u0259 t\u00f6vsiyy\u0259 edilir.<\/p>\n<p>Boyun F\u0259q\u0259r\u0259l\u0259raras\u0131 disk y\u0131rt\u0131\u011f\u0131n\u0131n c\u0259rrahi m\u00fcalic\u0259si \u00d6n Boyun Diskektomiyas\u0131 v\u0259 Birl\u0259\u015fm\u0259 (F\u00fczion) v\u0259 Boyun F\u0259q\u0259r\u0259l\u0259raras\u0131 diskin tam d\u0259yi\u015fdirilm\u0259si (\u0259v\u0259zedilm\u0259si, protezl\u0259\u015fdirilm\u0259si) v\u0259 Arxa Boyun laminoforaminotomiyadan [\/vc_column_text][\/vc_column][\/vc_row][vc_row content_width=&#8221;grid&#8221;][vc_column][vc_empty_space][vc_video link=&#8221;https:\/\/www.youtube.com\/watch?v=s2RwbkLqnLQ&#8221; el_width=&#8221;50&#8243; el_aspect=&#8221;43&#8243;][vc_empty_space][vc_video link=&#8221;https:\/\/www.youtube.com\/watch?v=6H9MasSCnEo&#8221; el_width=&#8221;50&#8243; el_aspect=&#8221;43&#8243;][vc_empty_space][\/vc_column][\/vc_row]<\/p>\n","protected":false},"excerpt":{"rendered":"<p>[vc_row css=&#8221;.vc_custom_1565938050375{padding-top: 150px !important;padding-bottom: 150px !important;background-image: url(http:\/\/modernhospital.az\/wp-content\/uploads\/2019\/08\/healthcare-hospital-lamp-1250655-1.jpg?id=2599) !important;background-position: center !important;background-repeat: no-repeat !important;background-size: cover !important;}&#8221;][vc_column][\/vc_column][\/vc_row][vc_row][vc_column][vc_empty_space][\/vc_column][\/vc_row][vc_row content_width=&#8221;grid&#8221;][vc_column][vc_column_text]Konservativ m\u00fcalic\u0259y\u0259 baxmayaraq simptomlar\u0131 davam ed\u0259n, ciddi radikulopatiyas\u0131 olan v\u0259 miyelopatiya il\u0259 m\u00fc\u015fahid\u0259 edil\u0259n d\u00f6\u015f f\u0259q\u0259r\u0259l\u0259raras\u0131 disk y\u0131rt\u0131\u011f\u0131 olan x\u0259st\u0259l\u0259r operativ m\u00fcdaxil\u0259 \u00fc\u00e7\u00fcn g\u00f6nd\u0259ri\u015f almal\u0131d\u0131r. Lumbar Bel F\u0259q\u0259r\u0259l\u0259raras\u0131 disk y\u0131rt\u0131\u011f\u0131n\u0131n c\u0259rrahi&#8230;<\/p>\n","protected":false},"author":1,"featured_media":0,"parent":11,"menu_order":0,"comment_status":"closed","ping_status":"closed","template":"full-width.php","meta":{"footnotes":""},"yoast_head":"<!-- This site is optimized with the Yoast SEO plugin v21.5 - https:\/\/yoast.com\/wordpress\/plugins\/seo\/ -->\r\n<title>Bel y\u0131rt\u0131\u011f\u0131 \u0259m\u0259liyyatlar\u0131 - My CMS<\/title>\r\n<meta name=\"robots\" content=\"index, follow, max-snippet:-1, max-image-preview:large, max-video-preview:-1\" \/>\r\n<link rel=\"canonical\" href=\"https:\/\/modernhospital.az\/newsite\/bolumler\/cerrahi-bolumler\/bel-yirtigi-emeliyyatlari\/\" \/>\r\n<meta property=\"og:locale\" content=\"en_US\" \/>\r\n<meta property=\"og:type\" content=\"article\" \/>\r\n<meta property=\"og:title\" content=\"Bel y\u0131rt\u0131\u011f\u0131 \u0259m\u0259liyyatlar\u0131 - My CMS\" \/>\r\n<meta property=\"og:description\" content=\"[vc_row css=&#8221;.vc_custom_1565938050375{padding-top: 150px !important;padding-bottom: 150px !important;background-image: url(http:\/\/modernhospital.az\/wp-content\/uploads\/2019\/08\/healthcare-hospital-lamp-1250655-1.jpg?id=2599) !important;background-position: center !important;background-repeat: no-repeat !important;background-size: cover !important;}&#8221;][vc_column][\/vc_column][\/vc_row][vc_row][vc_column][vc_empty_space][\/vc_column][\/vc_row][vc_row content_width=&#8221;grid&#8221;][vc_column][vc_column_text]Konservativ m\u00fcalic\u0259y\u0259 baxmayaraq simptomlar\u0131 davam ed\u0259n, ciddi radikulopatiyas\u0131 olan v\u0259 miyelopatiya il\u0259 m\u00fc\u015fahid\u0259 edil\u0259n d\u00f6\u015f f\u0259q\u0259r\u0259l\u0259raras\u0131 disk y\u0131rt\u0131\u011f\u0131 olan x\u0259st\u0259l\u0259r operativ m\u00fcdaxil\u0259 \u00fc\u00e7\u00fcn g\u00f6nd\u0259ri\u015f almal\u0131d\u0131r. Lumbar Bel F\u0259q\u0259r\u0259l\u0259raras\u0131 disk y\u0131rt\u0131\u011f\u0131n\u0131n c\u0259rrahi...\" \/>\r\n<meta property=\"og:url\" content=\"https:\/\/modernhospital.az\/newsite\/bolumler\/cerrahi-bolumler\/bel-yirtigi-emeliyyatlari\/\" \/>\r\n<meta property=\"og:site_name\" content=\"My CMS\" \/>\r\n<meta property=\"article:modified_time\" content=\"2023-09-15T10:01:46+00:00\" \/>\r\n<meta name=\"twitter:card\" content=\"summary_large_image\" \/>\r\n<meta name=\"twitter:label1\" content=\"Est. reading time\" \/>\n\t<meta name=\"twitter:data1\" content=\"1 minute\" \/>\r\n<script type=\"application\/ld+json\" class=\"yoast-schema-graph\">{\"@context\":\"https:\/\/schema.org\",\"@graph\":[{\"@type\":\"WebPage\",\"@id\":\"https:\/\/modernhospital.az\/newsite\/bolumler\/cerrahi-bolumler\/bel-yirtigi-emeliyyatlari\/\",\"url\":\"https:\/\/modernhospital.az\/newsite\/bolumler\/cerrahi-bolumler\/bel-yirtigi-emeliyyatlari\/\",\"name\":\"Bel y\u0131rt\u0131\u011f\u0131 \u0259m\u0259liyyatlar\u0131 - My CMS\",\"isPartOf\":{\"@id\":\"https:\/\/modernhospital.az\/newsite\/#website\"},\"datePublished\":\"2019-03-11T15:07:00+00:00\",\"dateModified\":\"2023-09-15T10:01:46+00:00\",\"breadcrumb\":{\"@id\":\"https:\/\/modernhospital.az\/newsite\/bolumler\/cerrahi-bolumler\/bel-yirtigi-emeliyyatlari\/#breadcrumb\"},\"inLanguage\":\"en-US\",\"potentialAction\":[{\"@type\":\"ReadAction\",\"target\":[\"https:\/\/modernhospital.az\/newsite\/bolumler\/cerrahi-bolumler\/bel-yirtigi-emeliyyatlari\/\"]}]},{\"@type\":\"BreadcrumbList\",\"@id\":\"https:\/\/modernhospital.az\/newsite\/bolumler\/cerrahi-bolumler\/bel-yirtigi-emeliyyatlari\/#breadcrumb\",\"itemListElement\":[{\"@type\":\"ListItem\",\"position\":1,\"name\":\"Home\",\"item\":\"https:\/\/modernhospital.az\/newsite\/\"},{\"@type\":\"ListItem\",\"position\":2,\"name\":\"B\u00f6l\u00fcml\u0259rimiz\",\"item\":\"https:\/\/modernhospital.az\/newsite\/bolumler\/\"},{\"@type\":\"ListItem\",\"position\":3,\"name\":\"C\u0259rrahi b\u00f6l\u00fcml\u0259r\",\"item\":\"https:\/\/modernhospital.az\/newsite\/bolumler\/cerrahi-bolumler\/\"},{\"@type\":\"ListItem\",\"position\":4,\"name\":\"Bel y\u0131rt\u0131\u011f\u0131 \u0259m\u0259liyyatlar\u0131\"}]},{\"@type\":\"WebSite\",\"@id\":\"https:\/\/modernhospital.az\/newsite\/#website\",\"url\":\"https:\/\/modernhospital.az\/newsite\/\",\"name\":\"My CMS\",\"description\":\"H\u0259yat\u0131n\u0131za d\u0259y\u0259r ver\u0259r\u0259k!\",\"publisher\":{\"@id\":\"https:\/\/modernhospital.az\/newsite\/#organization\"},\"potentialAction\":[{\"@type\":\"SearchAction\",\"target\":{\"@type\":\"EntryPoint\",\"urlTemplate\":\"https:\/\/modernhospital.az\/newsite\/?s={search_term_string}\"},\"query-input\":\"required name=search_term_string\"}],\"inLanguage\":\"en-US\"},{\"@type\":\"Organization\",\"@id\":\"https:\/\/modernhospital.az\/newsite\/#organization\",\"name\":\"My CMS\",\"url\":\"https:\/\/modernhospital.az\/newsite\/\",\"logo\":{\"@type\":\"ImageObject\",\"inLanguage\":\"en-US\",\"@id\":\"https:\/\/modernhospital.az\/newsite\/#\/schema\/logo\/image\/\",\"url\":\"https:\/\/modernhospital.az\/wp-content\/uploads\/2019\/04\/modern-hospital-logo-01.png\",\"contentUrl\":\"https:\/\/modernhospital.az\/wp-content\/uploads\/2019\/04\/modern-hospital-logo-01.png\",\"width\":1772,\"height\":591,\"caption\":\"My CMS\"},\"image\":{\"@id\":\"https:\/\/modernhospital.az\/newsite\/#\/schema\/logo\/image\/\"}}]}<\/script>\r\n<!-- \/ Yoast SEO plugin. -->","yoast_head_json":{"title":"Bel y\u0131rt\u0131\u011f\u0131 \u0259m\u0259liyyatlar\u0131 - My CMS","robots":{"index":"index","follow":"follow","max-snippet":"max-snippet:-1","max-image-preview":"max-image-preview:large","max-video-preview":"max-video-preview:-1"},"canonical":"https:\/\/modernhospital.az\/newsite\/bolumler\/cerrahi-bolumler\/bel-yirtigi-emeliyyatlari\/","og_locale":"en_US","og_type":"article","og_title":"Bel y\u0131rt\u0131\u011f\u0131 \u0259m\u0259liyyatlar\u0131 - My CMS","og_description":"[vc_row css=&#8221;.vc_custom_1565938050375{padding-top: 150px !important;padding-bottom: 150px !important;background-image: url(http:\/\/modernhospital.az\/wp-content\/uploads\/2019\/08\/healthcare-hospital-lamp-1250655-1.jpg?id=2599) !important;background-position: center !important;background-repeat: no-repeat !important;background-size: cover !important;}&#8221;][vc_column][\/vc_column][\/vc_row][vc_row][vc_column][vc_empty_space][\/vc_column][\/vc_row][vc_row content_width=&#8221;grid&#8221;][vc_column][vc_column_text]Konservativ m\u00fcalic\u0259y\u0259 baxmayaraq simptomlar\u0131 davam ed\u0259n, ciddi radikulopatiyas\u0131 olan v\u0259 miyelopatiya il\u0259 m\u00fc\u015fahid\u0259 edil\u0259n d\u00f6\u015f f\u0259q\u0259r\u0259l\u0259raras\u0131 disk y\u0131rt\u0131\u011f\u0131 olan x\u0259st\u0259l\u0259r operativ m\u00fcdaxil\u0259 \u00fc\u00e7\u00fcn g\u00f6nd\u0259ri\u015f almal\u0131d\u0131r. Lumbar Bel F\u0259q\u0259r\u0259l\u0259raras\u0131 disk y\u0131rt\u0131\u011f\u0131n\u0131n c\u0259rrahi...","og_url":"https:\/\/modernhospital.az\/newsite\/bolumler\/cerrahi-bolumler\/bel-yirtigi-emeliyyatlari\/","og_site_name":"My CMS","article_modified_time":"2023-09-15T10:01:46+00:00","twitter_card":"summary_large_image","twitter_misc":{"Est. reading time":"1 minute"},"schema":{"@context":"https:\/\/schema.org","@graph":[{"@type":"WebPage","@id":"https:\/\/modernhospital.az\/newsite\/bolumler\/cerrahi-bolumler\/bel-yirtigi-emeliyyatlari\/","url":"https:\/\/modernhospital.az\/newsite\/bolumler\/cerrahi-bolumler\/bel-yirtigi-emeliyyatlari\/","name":"Bel y\u0131rt\u0131\u011f\u0131 \u0259m\u0259liyyatlar\u0131 - My CMS","isPartOf":{"@id":"https:\/\/modernhospital.az\/newsite\/#website"},"datePublished":"2019-03-11T15:07:00+00:00","dateModified":"2023-09-15T10:01:46+00:00","breadcrumb":{"@id":"https:\/\/modernhospital.az\/newsite\/bolumler\/cerrahi-bolumler\/bel-yirtigi-emeliyyatlari\/#breadcrumb"},"inLanguage":"en-US","potentialAction":[{"@type":"ReadAction","target":["https:\/\/modernhospital.az\/newsite\/bolumler\/cerrahi-bolumler\/bel-yirtigi-emeliyyatlari\/"]}]},{"@type":"BreadcrumbList","@id":"https:\/\/modernhospital.az\/newsite\/bolumler\/cerrahi-bolumler\/bel-yirtigi-emeliyyatlari\/#breadcrumb","itemListElement":[{"@type":"ListItem","position":1,"name":"Home","item":"https:\/\/modernhospital.az\/newsite\/"},{"@type":"ListItem","position":2,"name":"B\u00f6l\u00fcml\u0259rimiz","item":"https:\/\/modernhospital.az\/newsite\/bolumler\/"},{"@type":"ListItem","position":3,"name":"C\u0259rrahi b\u00f6l\u00fcml\u0259r","item":"https:\/\/modernhospital.az\/newsite\/bolumler\/cerrahi-bolumler\/"},{"@type":"ListItem","position":4,"name":"Bel y\u0131rt\u0131\u011f\u0131 \u0259m\u0259liyyatlar\u0131"}]},{"@type":"WebSite","@id":"https:\/\/modernhospital.az\/newsite\/#website","url":"https:\/\/modernhospital.az\/newsite\/","name":"My CMS","description":"H\u0259yat\u0131n\u0131za d\u0259y\u0259r ver\u0259r\u0259k!","publisher":{"@id":"https:\/\/modernhospital.az\/newsite\/#organization"},"potentialAction":[{"@type":"SearchAction","target":{"@type":"EntryPoint","urlTemplate":"https:\/\/modernhospital.az\/newsite\/?s={search_term_string}"},"query-input":"required name=search_term_string"}],"inLanguage":"en-US"},{"@type":"Organization","@id":"https:\/\/modernhospital.az\/newsite\/#organization","name":"My CMS","url":"https:\/\/modernhospital.az\/newsite\/","logo":{"@type":"ImageObject","inLanguage":"en-US","@id":"https:\/\/modernhospital.az\/newsite\/#\/schema\/logo\/image\/","url":"https:\/\/modernhospital.az\/wp-content\/uploads\/2019\/04\/modern-hospital-logo-01.png","contentUrl":"https:\/\/modernhospital.az\/wp-content\/uploads\/2019\/04\/modern-hospital-logo-01.png","width":1772,"height":591,"caption":"My CMS"},"image":{"@id":"https:\/\/modernhospital.az\/newsite\/#\/schema\/logo\/image\/"}}]}},"jetpack_sharing_enabled":true,"_links":{"self":[{"href":"https:\/\/modernhospital.az\/newsite\/wp-json\/wp\/v2\/pages\/73"}],"collection":[{"href":"https:\/\/modernhospital.az\/newsite\/wp-json\/wp\/v2\/pages"}],"about":[{"href":"https:\/\/modernhospital.az\/newsite\/wp-json\/wp\/v2\/types\/page"}],"author":[{"embeddable":true,"href":"https:\/\/modernhospital.az\/newsite\/wp-json\/wp\/v2\/users\/1"}],"replies":[{"embeddable":true,"href":"https:\/\/modernhospital.az\/newsite\/wp-json\/wp\/v2\/comments?post=73"}],"version-history":[{"count":13,"href":"https:\/\/modernhospital.az\/newsite\/wp-json\/wp\/v2\/pages\/73\/revisions"}],"predecessor-version":[{"id":3629,"href":"https:\/\/modernhospital.az\/newsite\/wp-json\/wp\/v2\/pages\/73\/revisions\/3629"}],"up":[{"embeddable":true,"href":"https:\/\/modernhospital.az\/newsite\/wp-json\/wp\/v2\/pages\/11"}],"wp:attachment":[{"href":"https:\/\/modernhospital.az\/newsite\/wp-json\/wp\/v2\/media?parent=73"}],"curies":[{"name":"wp","href":"https:\/\/api.w.org\/{rel}","templated":true}]}}