{"id":761,"date":"2019-03-13T15:36:09","date_gmt":"2019-03-13T11:36:09","guid":{"rendered":"http:\/\/modernhospital.az\/newsite\/?page_id=761"},"modified":"2023-10-08T15:11:22","modified_gmt":"2023-10-08T11:11:22","slug":"eeq","status":"publish","type":"page","link":"https:\/\/modernhospital.az\/newsite\/bolumler\/diaqnostka-sobesi\/sua-diaqnostikasi\/eeq\/","title":{"rendered":"EEQ"},"content":{"rendered":"<p>[vc_row content_aligment=&#8221;center&#8221; css=&#8221;.vc_custom_1565942142014{padding-top: 150px !important;padding-bottom: 150px !important;background-image: url(http:\/\/modernhospital.az\/wp-content\/uploads\/2019\/08\/eeg-elektroensefalografi.jpg?id=2637) !important;background-position: center !important;background-repeat: no-repeat !important;background-size: cover !important;}&#8221;][vc_column]\n<div class=\"qodef-custom-font-holder\" style=\"font-family: Fira Sans;font-size: 55px;line-height: 55px;font-weight: 600;text-align: center;color: #ffffff\" data-font-size= 55 data-line-height= 55>\n    EEQ (ELEKTROENSEFALOQRAF\u0130YA)    <\/div>[\/vc_column][\/vc_row][vc_row content_width=&#8221;grid&#8221;][vc_column width=&#8221;2\/3&#8243; css=&#8221;.vc_custom_1566050423240{padding-top: 50px !important;}&#8221;]\n<div class=\"qodef-custom-font-holder\" style=\"font-family: Fira Sans;font-size: 40px;line-height: 40px;font-weight: 500;letter-spacing: -1px\" data-font-size= 40 data-line-height= 40>\n    \u00dcmumi M\u0259lumat    <\/div>[vc_empty_space height=&#8221;10px&#8221;][vc_column_text]Elektroensefaloqrafiya (EEQ) \u2013 y\u00fcks\u0259k h\u0259ssasl\u0131\u011fa malik, ba\u015f beyin\u0259 elektrik impulslar\u0131n t\u0259siri vasit\u0259sil\u0259 beyin funksiyalar\u0131n\u0131n t\u0259dqiqat\u0131n\u0131 ed\u0259n funksional diaqnostika metodudur.<\/p>\n<p>Elektroensefaloqrafiya (EEQ) \u2013 elektrofiziologiyan\u0131n bir b\u00f6lm\u0259si olub, ba\u015f s\u0259thind\u0259n ba\u015f beynin \u00fcmumi elektrik f\u0259aliyy\u0259tinin qanunauy\u011funluqlar\u0131n\u0131\u00a0 \u00f6yr\u0259n\u0259n m\u00fcayin\u0259 metodudur. EEQ\u00a0 h\u0259m\u00e7inin, ba\u015f\u00a0 beynin funksional v\u0259ziyy\u0259tini, onun\u00a0 bioelektrik f\u0259all\u0131\u011f\u0131n\u0131n qeyd\u0259 al\u0131nmas\u0131\u00a0 yolu\u00a0 il\u0259\u00a0 t\u0259dqiqinin qeyri-invaziv\u00a0 bir\u00a0 metodudur.<\/p>\n<p>EEQ-nin qeydiyyat\u0131, diaqnostik v\u0259\u00a0 terapevtik\u00a0 sah\u0259d\u0259 (x\u00fcsusil\u0259 d\u0259 epilepsiyada), anesteziologiyada, el\u0259c\u0259\u00a0 d\u0259\u00a0 qavrama, yadda\u015f, adaptasiya v\u0259\u00a0 s.\u00a0 kimi\u00a0 funksiyalar\u0131n\u00a0 h\u0259yata\u00a0 ke\u00e7irilm\u0259si\u00a0 il\u0259\u00a0 ba\u011fl\u0131\u00a0 beyin\u00a0 f\u0259aliyy\u0259tinin\u00a0 \u00f6yr\u0259nilm\u0259sind\u0259\u00a0 geni\u015f\u00a0 \u015f\u0259kild\u0259\u00a0 istifad\u0259 olunur.<\/p>\n<p>EEQ nevroloqlar t\u0259r\u0259find\u0259n epilepsiyan\u0131n erk\u0259n \u0259lam\u0259tl\u0259ri, ba\u015f beyind\u0259 iltihab prosesl\u0259rinin v\u0259 qan d\u00f6vran\u0131n\u0131n pozulmas\u0131n\u0131n \u0259lam\u0259tl\u0259ri, \u015fi\u015f a\u015fkarlanmas\u0131, insultun n\u0259tic\u0259l\u0259ri v\u0259 s. t\u0259yin etm\u0259k \u00fc\u00e7\u00fcn t\u0259tbiq olunur. H\u0259m\u00e7inin Pediatrik t\u0259cr\u00fcb\u0259d\u0259 EEQ ba\u015f beyinin inki\u015faf d\u0259r\u0259c\u0259sini d\u0259y\u0259rl\u0259ndirm\u0259k \u00fc\u00e7\u00fcn t\u0259tbiq edilir.<\/p>\n<p>EEQ-n\u0131n m\u00fcxt\u0259lif n\u00f6vl\u0259ri var:<\/p>\n<ul>\n<li>Sad\u0259 EEQ (10-15 d\u0259qiq\u0259 \u0259rzind\u0259 apar\u0131l\u0131r),<\/li>\n<li>Provaktiv s\u0131naqlar il\u0259 ke\u00e7iril\u0259n EEQ,<\/li>\n<li>EEQ monitorinqi(24 saat \u0259rzind\u0259),<\/li>\n<li>EEQ monitorinqi(sad\u0259c\u0259 gec\u0259).<\/li>\n<\/ul>\n<p>Pasiyentin hans\u0131 m\u00fcayin\u0259d\u0259n ke\u00e7irilm\u0259si g\u0259r\u0259ktiyini h\u0259r bir halda h\u0259kim t\u0259r\u0259find\u0259n t\u0259yin edilir.<\/p>\n<p>M\u00fcayin\u0259 zaman\u0131 pasiyent g\u00f6zl\u0259ri qapal\u0131 v\u0259ziyy\u0259td\u0259 oturur. M\u00fcayin\u0259 bu \u015f\u0259kild\u0259 apar\u0131l\u0131r.<\/p>\n<p>Ensefaloqrafiya Modern Hospitalda, t\u0259cr\u00fcb\u0259li nevroloqlar\u0131m\u0131z t\u0259r\u0259find\u0259n modern EEQ aparatlar\u0131nda apar\u0131l\u0131r. Hospital\u0131m\u0131zda ki\u00e7ik pasiyentl\u0259rimiz \u00fc\u00e7\u00fcn d\u0259 EEQ m\u00fcayin\u0259sinin apar\u0131lmas\u0131 m\u00fcmk\u00fcnd\u00fcr.<\/p>\n<p>EEQ tamamil\u0259 z\u0259r\u0259rsiz v\u0259 \u015f\u00fcas\u0131z bir m\u00fcayin\u0259 \u00fcsuludur. H\u0259r ya\u015fda insan \u00fc\u00e7\u00fcn EEQ m\u00fcayin\u0259si uygundur.[\/vc_column_text][vc_empty_space][\/vc_column][vc_column width=&#8221;1\/3&#8243; css=&#8221;.vc_custom_1566046579992{padding-top: 30px !important;padding-bottom: 30px !important;padding-left: 30px !important;background-color: #efefef !important;}&#8221;]\n<div class=\"qodef-custom-font-holder\" style=\"font-family: Fira Sans;font-size: 25px;line-height: 25px;font-weight: 500;text-align: center;color: #dd3333\" data-font-size= 25 data-line-height= 25>\n    <strong>Sual\u0131n\u0131z var?<\/strong>    <\/div>[vc_empty_space height=&#8221;15px&#8221;][vc_column_text]<\/p>\n<div class=\"caldera-grid\" id=\"caldera_form_1\" data-cf-ver=\"1.9.3\" data-cf-form-id=\"CF5d57f1123a979\"><div id=\"caldera_notices_1\" data-spinner=\"https:\/\/modernhospital.az\/newsite\/wp-admin\/images\/spinner.gif\"><\/div><form data-instance=\"1\" class=\"CF5d57f1123a979 caldera_forms_form cfajax-trigger\" method=\"POST\" enctype=\"multipart\/form-data\" id=\"CF5d57f1123a979_1\" data-form-id=\"CF5d57f1123a979\" aria-label=\"Ki&ccedil;ik \u0259laq\u0259\" data-target=\"#caldera_notices_1\" data-template=\"#cfajax_CF5d57f1123a979-tmpl\" data-cfajax=\"CF5d57f1123a979\" data-load-element=\"_parent\" data-load-class=\"cf_processing\" data-post-disable=\"0\" data-action=\"cf_process_ajax_submit\" data-request=\"https:\/\/modernhospital.az\/newsite\/cf-api\/CF5d57f1123a979\" data-hiderows=\"true\">\r\n<input type=\"hidden\" id=\"_cf_verify_CF5d57f1123a979\" name=\"_cf_verify\" value=\"35e1d97452\"  data-nonce-time=\"1778760956\" \/><input type=\"hidden\" name=\"_wp_http_referer\" value=\"\/newsite\/wp-json\/wp\/v2\/pages\/761\" \/><div id=\"cf2-CF5d57f1123a979_1\"><\/div><input type=\"hidden\" name=\"_cf_frm_id\" value=\"CF5d57f1123a979\">\r\n<input type=\"hidden\" name=\"_cf_frm_ct\" value=\"1\">\r\n<input type=\"hidden\" name=\"cfajax\" value=\"CF5d57f1123a979\">\r\n<input type=\"hidden\" name=\"_cf_cr_pst\" value=\"761\">\r\n<div class=\"hide\" style=\"display:none; overflow:hidden;height:0;width:0;\">\r\n<label>Name<\/label><input type=\"text\" name=\"name\" value=\"\" autocomplete=\"off\">\r\n<\/div><div id=\"CF5d57f1123a979_1-row-1\"  class=\"row  first_row\"><div  class=\"col-sm-12  single\"><div data-field-wrapper=\"fld_8386081\" class=\"form-group\" id=\"fld_8386081_1-wrap\">\r\n\t<label id=\"fld_8386081Label\" for=\"fld_8386081_1\" class=\"control-label\">Ad Soyad <span aria-hidden=\"true\" role=\"presentation\" class=\"field_required\" style=\"color:#ee0000;\">*<\/span><\/label>\r\n\t<div class=\"\">\r\n\t\t<input   required type=\"text\" data-field=\"fld_8386081\" class=\" form-control\" id=\"fld_8386081_1\" name=\"fld_8386081\" value=\"\" data-type=\"text\" aria-required=\"true\"   aria-labelledby=\"fld_8386081Label\" >\t\t\t<\/div>\r\n<\/div>\r\n<\/div><\/div><div id=\"CF5d57f1123a979_1-row-2\"  class=\"row \"><div  class=\"col-sm-12  single\"><div data-field-wrapper=\"fld_7275611\" class=\"form-group\" id=\"fld_7275611_1-wrap\">\r\n\t<label id=\"fld_7275611Label\" for=\"fld_7275611_1\" class=\"control-label\">\u018flaq\u0259 telefonu <span aria-hidden=\"true\" role=\"presentation\" class=\"field_required\" style=\"color:#ee0000;\">*<\/span><\/label>\r\n\t<div class=\"\">\r\n\t\t<input  data-inputmask=\"'mask': '(999)999-9999'\"  required type=\"phone\" data-field=\"fld_7275611\" class=\" form-control\" id=\"fld_7275611_1\" name=\"fld_7275611\" value=\"\" data-type=\"phone\" aria-required=\"true\"   aria-labelledby=\"fld_7275611Label\" >\t\t\t<\/div>\r\n<\/div>\r\n<\/div><\/div><div id=\"CF5d57f1123a979_1-row-3\"  class=\"row \"><div  class=\"col-sm-12  single\"><div data-field-wrapper=\"fld_3892846\" class=\"form-group\" id=\"fld_3892846_1-wrap\">\r\n\t<label id=\"fld_3892846Label\" for=\"fld_3892846_1\" class=\"control-label\">Qeydl\u0259r <span aria-hidden=\"true\" role=\"presentation\" class=\"field_required\" style=\"color:#ee0000;\">*<\/span><\/label>\r\n\t<div class=\"\">\r\n\t\t<textarea name=\"fld_3892846\" value=\"\" data-field=\"fld_3892846\" class=\"form-control\" id=\"fld_3892846_1\" rows=\"4\"  required=\"required\"  aria-labelledby=\"fld_3892846Label\" ><\/textarea>\n\t\t\t<\/div>\r\n<\/div>\r\n<\/div><\/div><div id=\"CF5d57f1123a979_1-row-4\"  class=\"row  last_row\"><div  class=\"col-sm-12  single\"><div data-field-wrapper=\"fld_7951322\" class=\"form-group\" id=\"fld_7951322_1-wrap\">\r\n<div class=\"\">\r\n\t<input  class=\"btn btn-default\" type=\"submit\" name=\"fld_7951322\" id=\"fld_7951322_1\" value=\"G\u00f6nd\u0259r\" data-field=\"fld_7951322\"  >\n<\/div>\r\n<\/div>\r\n\t<input class=\"button_trigger_1\" type=\"hidden\" name=\"fld_7951322\" id=\"fld_7951322_1_btn\" value=\"\" data-field=\"fld_7951322\"  \/>\n<\/div><\/div><\/form>\r\n<\/div>\r\n\n<p>[\/vc_column_text][\/vc_column][\/vc_row][vc_row content_width=&#8221;grid&#8221;][vc_column][vc_empty_space]<div class=\"qodef-tabs qodef-horizontal-tab qodef-tab-without-icon qodef-tab-boxed clearfix\">\n\t<ul class=\"qodef-tabs-nav\">\n\t\t\t\t\t<li>\n\t\t\t\t<a href=\"#tab-x%c9%99st%c9%99likl%c9%99r\">\n\n\t\t\t\t\t\t\t\t\t\t\t<span class=\"qodef-tab-text-after-icon\">\n\t\t\t\t\t\t\tX\u0259st\u0259likl\u0259r\t\t\t\t\t\t<\/span>\n\t\t\t\t\t\n\t\t\t\t\t\t\t\t\t\t\t\n\t\t\t\t\t\t\t\t\t<\/a>\n\t\t\t <\/li>\n\t\t\t\t\t<li>\n\t\t\t\t<a href=\"#tab-simptomlar\">\n\n\t\t\t\t\t\t\t\t\t\t\t<span class=\"qodef-tab-text-after-icon\">\n\t\t\t\t\t\t\tSimptomlar\t\t\t\t\t\t<\/span>\n\t\t\t\t\t\n\t\t\t\t\t\t\t\t\t\t\t\n\t\t\t\t\t\t\t\t\t<\/a>\n\t\t\t <\/li>\n\t\t\t\t\t<li>\n\t\t\t\t<a href=\"#tab-xidm%c9%99tl%c9%99r\">\n\n\t\t\t\t\t\t\t\t\t\t\t<span class=\"qodef-tab-text-after-icon\">\n\t\t\t\t\t\t\tXidm\u0259tl\u0259r\t\t\t\t\t\t<\/span>\n\t\t\t\t\t\n\t\t\t\t\t\t\t\t\t\t\t\n\t\t\t\t\t\t\t\t\t<\/a>\n\t\t\t <\/li>\n\t\t\t<\/ul> \n\t<div class=\"qodef-tab-container\" id=\"tab-x%c9%99st%c9%99likl%c9%99r-310\" data-icon-pack=\"font_awesome\" data-icon-html=\"&lt;i class=&quot;qodef-icon-font-awesome fa  &quot; &gt;&lt;\/i&gt;\">[vc_column_text]<\/p>\n<ul>\n<li>epilepsiya<\/li>\n<li>beynin iltihabi x\u0259st\u0259likl\u0259rind\u0259 (ensefalit)<\/li>\n<li>yuxu v\u0259 davran\u0131\u015f pozulmalar\u0131<\/li>\n<li>sinir sistemi x\u0259st\u0259likl\u0259rind\u0259<\/li>\n<li>ba\u015f a\u011fr\u0131lar\u0131<\/li>\n<li>q\u0131colma tutmalar\u0131<\/li>\n<li>a\u015fkar olunmu\u015f endokrin\u00a0 x\u0259st\u0259likl\u0259r<\/li>\n<li>k\u0259ll\u0259-beyin travmalar\u0131<\/li>\n<li>serebrovaskulyar x\u0259st\u0259likl\u0259r<\/li>\n<li>do\u011fu\u015fdan \u0259vv\u0259l v\u0259 ya sonra olan ist\u0259nil\u0259n beyin z\u0259d\u0259l\u0259nm\u0259si<\/li>\n<li>beyin funksiyalar\u0131n\u0131n d\u0259y\u0259rl\u0259ndirilm\u0259si<\/li>\n<\/ul>\n<p>[\/vc_column_text]<\/div><div class=\"qodef-tab-container\" id=\"tab-simptomlar-772\" data-icon-pack=\"font_awesome\" data-icon-html=\"&lt;i class=&quot;qodef-icon-font-awesome fa  &quot; &gt;&lt;\/i&gt;\"><\/div><div class=\"qodef-tab-container\" id=\"tab-xidm%c9%99tl%c9%99r-810\" data-icon-pack=\"font_awesome\" data-icon-html=\"&lt;i class=&quot;qodef-icon-font-awesome fa  &quot; &gt;&lt;\/i&gt;\">[vc_column_text]<\/p>\n<ul>\n<li>Potensiallar b\u00f6lm\u0259si(aparmas\u0131). (Rezin \u015flem vasit\u0259sil\u0259 ba\u015f nahiy\u0259sin\u0259 ki\u00e7ik elektrodlar b\u0259rkidilir. Elektrodlar \u00f6t\u00fcr\u00fcc\u00fcl\u0259r vasit\u0259sil\u0259 elektroensefaloqrafa birl\u0259\u015fdirilir)<\/li>\n<\/ul>\n<ul>\n<li>Bu potensiallar\u0131n g\u00fccl\u0259nm\u0259si. ( Elektroensefaloqraf onlardan al\u0131nm\u0131\u015f siqnallar\u0131 g\u00fccl\u0259ndirir)<\/li>\n<\/ul>\n<ul>\n<li>Onlar\u0131n qrafik qeydiyyat\u0131. (Elektroensefaloqraf g\u00f6st\u0259ricil\u0259ri komp\u00fcter\u0259 daxil edir).<\/li>\n<\/ul>\n<p>[\/vc_column_text]<\/div><\/div>[\/vc_column][\/vc_row][vc_row content_width=&#8221;grid&#8221; content_aligment=&#8221;center&#8221;][vc_column width=&#8221;1\/4&#8243;][\/vc_column][vc_column width=&#8221;1\/2&#8243;]<a itemprop=\"url\" href=\"http:\/\/modernhospital.az\/e-xidmetler\/e-randevu\/\" target=\"_blank\"  class=\"qodef-btn qodef-btn-huge qodef-btn-outline qodef-btn-hover-scale\"  >\n    <span class=\"qodef-btn-text\">Randevu al<\/span>\n    <span class=\"qodef-btn-icon-normal\"><i class=\"qodef-icon-font-awesome fa  \" ><\/i><\/span>\n    <span class=\"qodef-btn-icon-flip\"><i class=\"qodef-icon-font-awesome fa  \" ><\/i><\/span>\n        \t<span class=\"qodef-hover-background\"><\/span>\n    \n    <\/a>[vc_empty_space][\/vc_column][vc_column width=&#8221;1\/4&#8243;][\/vc_column][\/vc_row][vc_row][vc_column][vc_empty_space][\/vc_column][\/vc_row][vc_row content_width=&#8221;grid&#8221;][vc_column][vc_text_separator title=&#8221;B\u00f6l\u00fcm\u0259 aid h\u0259kiml\u0259r&#8221; color=&#8221;custom&#8221; accent_color=&#8221;#dd3333&#8243; css=&#8221;.vc_custom_1694771778793{padding-top: 50px !important;padding-bottom: 50px !important;}&#8221;]<div class=\"qodef-blog-list-holder qodef-boxes qodef-four-columns\">\n    <ul class=\"qodef-blog-list\">\n\t\t<li class=\"qodef-blog-list-item\">\n    <div class=\"qodef-blog-list-item-inner\">\n                    <div class=\"qodef-item-image clearfix\">\n                <a itemprop=\"url\" href=\"https:\/\/modernhospital.az\/newsite\/gunel-suleymanli\/\">\n                    <img loading=\"lazy\" decoding=\"async\" width=\"1920\" height=\"980\" src=\"https:\/\/modernhospital.az\/newsite\/wp-content\/uploads\/2019\/07\/Gunel-Suleymanli-nevropatoloq1-1-1-1.jpg\" class=\"attachment-full size-full wp-post-image\" alt=\"\" srcset=\"https:\/\/modernhospital.az\/newsite\/wp-content\/uploads\/2019\/07\/Gunel-Suleymanli-nevropatoloq1-1-1-1.jpg 1920w, https:\/\/modernhospital.az\/newsite\/wp-content\/uploads\/2019\/07\/Gunel-Suleymanli-nevropatoloq1-1-1-1-300x153.jpg 300w, https:\/\/modernhospital.az\/newsite\/wp-content\/uploads\/2019\/07\/Gunel-Suleymanli-nevropatoloq1-1-1-1-1024x523.jpg 1024w, https:\/\/modernhospital.az\/newsite\/wp-content\/uploads\/2019\/07\/Gunel-Suleymanli-nevropatoloq1-1-1-1-768x392.jpg 768w, https:\/\/modernhospital.az\/newsite\/wp-content\/uploads\/2019\/07\/Gunel-Suleymanli-nevropatoloq1-1-1-1-1536x784.jpg 1536w\" sizes=\"(max-width: 1920px) 100vw, 1920px\" \/>                <\/a>\n            <\/div>\n                <div class=\"qodef-item-text-holder\">\n                        <h3 itemprop=\"name\" class=\"qodef-item-title entry-title\">\n            <a itemprop=\"url\" href=\"https:\/\/modernhospital.az\/newsite\/gunel-suleymanli\/\">\n                Gu\u0308nel Su\u0308leymanl\u0131            <\/a>\n        <\/h3>\n                    <p itemprop=\"description\" class=\"qodef-excerpt\">[vc_row css=&#8221;.vc_custom_1565349125258{padding-top: 50px !important;padding-bottom: 5...<\/p>\n                            <\/div>\n    <\/div>\n<\/li>    <\/ul>\n<\/div>\n[\/vc_column][\/vc_row]<\/p>\n","protected":false},"excerpt":{"rendered":"<p>[vc_row content_aligment=&#8221;center&#8221; css=&#8221;.vc_custom_1565942142014{padding-top: 150px !important;padding-bottom: 150px !important;background-image: url(http:\/\/modernhospital.az\/wp-content\/uploads\/2019\/08\/eeg-elektroensefalografi.jpg?id=2637) !important;background-position: center !important;background-repeat: no-repeat !important;background-size: cover !important;}&#8221;][vc_column][\/vc_column][\/vc_row][vc_row content_width=&#8221;grid&#8221;][vc_column width=&#8221;2\/3&#8243; css=&#8221;.vc_custom_1566050423240{padding-top: 50px !important;}&#8221;][vc_empty_space height=&#8221;10px&#8221;][vc_column_text]Elektroensefaloqrafiya (EEQ) \u2013 y\u00fcks\u0259k h\u0259ssasl\u0131\u011fa malik, ba\u015f beyin\u0259 elektrik impulslar\u0131n t\u0259siri vasit\u0259sil\u0259 beyin funksiyalar\u0131n\u0131n t\u0259dqiqat\u0131n\u0131 ed\u0259n funksional diaqnostika metodudur. Elektroensefaloqrafiya (EEQ) \u2013 elektrofiziologiyan\u0131n bir b\u00f6lm\u0259si&#8230;<\/p>\n","protected":false},"author":1,"featured_media":0,"parent":81,"menu_order":0,"comment_status":"closed","ping_status":"closed","template":"full-width.php","meta":{"footnotes":""},"yoast_head":"<!-- This site is optimized with the Yoast SEO plugin v21.5 - https:\/\/yoast.com\/wordpress\/plugins\/seo\/ -->\r\n<title>EEQ - My CMS<\/title>\r\n<meta name=\"robots\" content=\"index, follow, max-snippet:-1, max-image-preview:large, max-video-preview:-1\" \/>\r\n<link rel=\"canonical\" href=\"https:\/\/modernhospital.az\/newsite\/bolumler\/diaqnostka-sobesi\/sua-diaqnostikasi\/eeq\/\" \/>\r\n<meta property=\"og:locale\" content=\"en_US\" \/>\r\n<meta property=\"og:type\" content=\"article\" \/>\r\n<meta property=\"og:title\" content=\"EEQ - My CMS\" \/>\r\n<meta property=\"og:description\" content=\"[vc_row content_aligment=&#8221;center&#8221; css=&#8221;.vc_custom_1565942142014{padding-top: 150px !important;padding-bottom: 150px !important;background-image: url(http:\/\/modernhospital.az\/wp-content\/uploads\/2019\/08\/eeg-elektroensefalografi.jpg?id=2637) !important;background-position: center !important;background-repeat: no-repeat !important;background-size: cover !important;}&#8221;][vc_column][\/vc_column][\/vc_row][vc_row content_width=&#8221;grid&#8221;][vc_column width=&#8221;2\/3&#8243; css=&#8221;.vc_custom_1566050423240{padding-top: 50px !important;}&#8221;][vc_empty_space height=&#8221;10px&#8221;][vc_column_text]Elektroensefaloqrafiya (EEQ) \u2013 y\u00fcks\u0259k h\u0259ssasl\u0131\u011fa malik, ba\u015f beyin\u0259 elektrik impulslar\u0131n t\u0259siri vasit\u0259sil\u0259 beyin funksiyalar\u0131n\u0131n t\u0259dqiqat\u0131n\u0131 ed\u0259n funksional diaqnostika metodudur. Elektroensefaloqrafiya (EEQ) \u2013 elektrofiziologiyan\u0131n bir b\u00f6lm\u0259si...\" \/>\r\n<meta property=\"og:url\" content=\"https:\/\/modernhospital.az\/newsite\/bolumler\/diaqnostka-sobesi\/sua-diaqnostikasi\/eeq\/\" \/>\r\n<meta property=\"og:site_name\" content=\"My CMS\" \/>\r\n<meta property=\"article:modified_time\" content=\"2023-10-08T11:11:22+00:00\" \/>\r\n<meta name=\"twitter:card\" content=\"summary_large_image\" \/>\r\n<meta name=\"twitter:label1\" content=\"Est. reading time\" \/>\n\t<meta name=\"twitter:data1\" content=\"4 minutes\" \/>\r\n<script type=\"application\/ld+json\" class=\"yoast-schema-graph\">{\"@context\":\"https:\/\/schema.org\",\"@graph\":[{\"@type\":\"WebPage\",\"@id\":\"https:\/\/modernhospital.az\/newsite\/bolumler\/diaqnostka-sobesi\/sua-diaqnostikasi\/eeq\/\",\"url\":\"https:\/\/modernhospital.az\/newsite\/bolumler\/diaqnostka-sobesi\/sua-diaqnostikasi\/eeq\/\",\"name\":\"EEQ - My CMS\",\"isPartOf\":{\"@id\":\"https:\/\/modernhospital.az\/newsite\/#website\"},\"datePublished\":\"2019-03-13T11:36:09+00:00\",\"dateModified\":\"2023-10-08T11:11:22+00:00\",\"breadcrumb\":{\"@id\":\"https:\/\/modernhospital.az\/newsite\/bolumler\/diaqnostka-sobesi\/sua-diaqnostikasi\/eeq\/#breadcrumb\"},\"inLanguage\":\"en-US\",\"potentialAction\":[{\"@type\":\"ReadAction\",\"target\":[\"https:\/\/modernhospital.az\/newsite\/bolumler\/diaqnostka-sobesi\/sua-diaqnostikasi\/eeq\/\"]}]},{\"@type\":\"BreadcrumbList\",\"@id\":\"https:\/\/modernhospital.az\/newsite\/bolumler\/diaqnostka-sobesi\/sua-diaqnostikasi\/eeq\/#breadcrumb\",\"itemListElement\":[{\"@type\":\"ListItem\",\"position\":1,\"name\":\"Home\",\"item\":\"https:\/\/modernhospital.az\/newsite\/\"},{\"@type\":\"ListItem\",\"position\":2,\"name\":\"B\u00f6l\u00fcml\u0259rimiz\",\"item\":\"https:\/\/modernhospital.az\/newsite\/bolumler\/\"},{\"@type\":\"ListItem\",\"position\":3,\"name\":\"Radiologiya v\u0259 \u015e\u00fca Diaqnostikas\u0131\",\"item\":\"https:\/\/modernhospital.az\/newsite\/bolumler\/diaqnostka-sobesi\/\"},{\"@type\":\"ListItem\",\"position\":4,\"name\":\"Radiologiya v\u0259 \u015f\u00fca diaqnostika \u015f\u00f6b\u0259si\",\"item\":\"https:\/\/modernhospital.az\/newsite\/bolumler\/diaqnostka-sobesi\/sua-diaqnostikasi\/\"},{\"@type\":\"ListItem\",\"position\":5,\"name\":\"EEQ\"}]},{\"@type\":\"WebSite\",\"@id\":\"https:\/\/modernhospital.az\/newsite\/#website\",\"url\":\"https:\/\/modernhospital.az\/newsite\/\",\"name\":\"My CMS\",\"description\":\"H\u0259yat\u0131n\u0131za d\u0259y\u0259r ver\u0259r\u0259k!\",\"publisher\":{\"@id\":\"https:\/\/modernhospital.az\/newsite\/#organization\"},\"potentialAction\":[{\"@type\":\"SearchAction\",\"target\":{\"@type\":\"EntryPoint\",\"urlTemplate\":\"https:\/\/modernhospital.az\/newsite\/?s={search_term_string}\"},\"query-input\":\"required name=search_term_string\"}],\"inLanguage\":\"en-US\"},{\"@type\":\"Organization\",\"@id\":\"https:\/\/modernhospital.az\/newsite\/#organization\",\"name\":\"My CMS\",\"url\":\"https:\/\/modernhospital.az\/newsite\/\",\"logo\":{\"@type\":\"ImageObject\",\"inLanguage\":\"en-US\",\"@id\":\"https:\/\/modernhospital.az\/newsite\/#\/schema\/logo\/image\/\",\"url\":\"https:\/\/modernhospital.az\/wp-content\/uploads\/2019\/04\/modern-hospital-logo-01.png\",\"contentUrl\":\"https:\/\/modernhospital.az\/wp-content\/uploads\/2019\/04\/modern-hospital-logo-01.png\",\"width\":1772,\"height\":591,\"caption\":\"My CMS\"},\"image\":{\"@id\":\"https:\/\/modernhospital.az\/newsite\/#\/schema\/logo\/image\/\"}}]}<\/script>\r\n<!-- \/ Yoast SEO plugin. -->","yoast_head_json":{"title":"EEQ - My CMS","robots":{"index":"index","follow":"follow","max-snippet":"max-snippet:-1","max-image-preview":"max-image-preview:large","max-video-preview":"max-video-preview:-1"},"canonical":"https:\/\/modernhospital.az\/newsite\/bolumler\/diaqnostka-sobesi\/sua-diaqnostikasi\/eeq\/","og_locale":"en_US","og_type":"article","og_title":"EEQ - My CMS","og_description":"[vc_row content_aligment=&#8221;center&#8221; css=&#8221;.vc_custom_1565942142014{padding-top: 150px !important;padding-bottom: 150px !important;background-image: url(http:\/\/modernhospital.az\/wp-content\/uploads\/2019\/08\/eeg-elektroensefalografi.jpg?id=2637) !important;background-position: center !important;background-repeat: no-repeat !important;background-size: cover !important;}&#8221;][vc_column][\/vc_column][\/vc_row][vc_row content_width=&#8221;grid&#8221;][vc_column width=&#8221;2\/3&#8243; css=&#8221;.vc_custom_1566050423240{padding-top: 50px !important;}&#8221;][vc_empty_space height=&#8221;10px&#8221;][vc_column_text]Elektroensefaloqrafiya (EEQ) \u2013 y\u00fcks\u0259k h\u0259ssasl\u0131\u011fa malik, ba\u015f beyin\u0259 elektrik impulslar\u0131n t\u0259siri vasit\u0259sil\u0259 beyin funksiyalar\u0131n\u0131n t\u0259dqiqat\u0131n\u0131 ed\u0259n funksional diaqnostika metodudur. Elektroensefaloqrafiya (EEQ) \u2013 elektrofiziologiyan\u0131n bir b\u00f6lm\u0259si...","og_url":"https:\/\/modernhospital.az\/newsite\/bolumler\/diaqnostka-sobesi\/sua-diaqnostikasi\/eeq\/","og_site_name":"My CMS","article_modified_time":"2023-10-08T11:11:22+00:00","twitter_card":"summary_large_image","twitter_misc":{"Est. reading time":"4 minutes"},"schema":{"@context":"https:\/\/schema.org","@graph":[{"@type":"WebPage","@id":"https:\/\/modernhospital.az\/newsite\/bolumler\/diaqnostka-sobesi\/sua-diaqnostikasi\/eeq\/","url":"https:\/\/modernhospital.az\/newsite\/bolumler\/diaqnostka-sobesi\/sua-diaqnostikasi\/eeq\/","name":"EEQ - My CMS","isPartOf":{"@id":"https:\/\/modernhospital.az\/newsite\/#website"},"datePublished":"2019-03-13T11:36:09+00:00","dateModified":"2023-10-08T11:11:22+00:00","breadcrumb":{"@id":"https:\/\/modernhospital.az\/newsite\/bolumler\/diaqnostka-sobesi\/sua-diaqnostikasi\/eeq\/#breadcrumb"},"inLanguage":"en-US","potentialAction":[{"@type":"ReadAction","target":["https:\/\/modernhospital.az\/newsite\/bolumler\/diaqnostka-sobesi\/sua-diaqnostikasi\/eeq\/"]}]},{"@type":"BreadcrumbList","@id":"https:\/\/modernhospital.az\/newsite\/bolumler\/diaqnostka-sobesi\/sua-diaqnostikasi\/eeq\/#breadcrumb","itemListElement":[{"@type":"ListItem","position":1,"name":"Home","item":"https:\/\/modernhospital.az\/newsite\/"},{"@type":"ListItem","position":2,"name":"B\u00f6l\u00fcml\u0259rimiz","item":"https:\/\/modernhospital.az\/newsite\/bolumler\/"},{"@type":"ListItem","position":3,"name":"Radiologiya v\u0259 \u015e\u00fca Diaqnostikas\u0131","item":"https:\/\/modernhospital.az\/newsite\/bolumler\/diaqnostka-sobesi\/"},{"@type":"ListItem","position":4,"name":"Radiologiya v\u0259 \u015f\u00fca diaqnostika \u015f\u00f6b\u0259si","item":"https:\/\/modernhospital.az\/newsite\/bolumler\/diaqnostka-sobesi\/sua-diaqnostikasi\/"},{"@type":"ListItem","position":5,"name":"EEQ"}]},{"@type":"WebSite","@id":"https:\/\/modernhospital.az\/newsite\/#website","url":"https:\/\/modernhospital.az\/newsite\/","name":"My CMS","description":"H\u0259yat\u0131n\u0131za d\u0259y\u0259r ver\u0259r\u0259k!","publisher":{"@id":"https:\/\/modernhospital.az\/newsite\/#organization"},"potentialAction":[{"@type":"SearchAction","target":{"@type":"EntryPoint","urlTemplate":"https:\/\/modernhospital.az\/newsite\/?s={search_term_string}"},"query-input":"required name=search_term_string"}],"inLanguage":"en-US"},{"@type":"Organization","@id":"https:\/\/modernhospital.az\/newsite\/#organization","name":"My CMS","url":"https:\/\/modernhospital.az\/newsite\/","logo":{"@type":"ImageObject","inLanguage":"en-US","@id":"https:\/\/modernhospital.az\/newsite\/#\/schema\/logo\/image\/","url":"https:\/\/modernhospital.az\/wp-content\/uploads\/2019\/04\/modern-hospital-logo-01.png","contentUrl":"https:\/\/modernhospital.az\/wp-content\/uploads\/2019\/04\/modern-hospital-logo-01.png","width":1772,"height":591,"caption":"My CMS"},"image":{"@id":"https:\/\/modernhospital.az\/newsite\/#\/schema\/logo\/image\/"}}]}},"jetpack_sharing_enabled":true,"_links":{"self":[{"href":"https:\/\/modernhospital.az\/newsite\/wp-json\/wp\/v2\/pages\/761"}],"collection":[{"href":"https:\/\/modernhospital.az\/newsite\/wp-json\/wp\/v2\/pages"}],"about":[{"href":"https:\/\/modernhospital.az\/newsite\/wp-json\/wp\/v2\/types\/page"}],"author":[{"embeddable":true,"href":"https:\/\/modernhospital.az\/newsite\/wp-json\/wp\/v2\/users\/1"}],"replies":[{"embeddable":true,"href":"https:\/\/modernhospital.az\/newsite\/wp-json\/wp\/v2\/comments?post=761"}],"version-history":[{"count":10,"href":"https:\/\/modernhospital.az\/newsite\/wp-json\/wp\/v2\/pages\/761\/revisions"}],"predecessor-version":[{"id":4005,"href":"https:\/\/modernhospital.az\/newsite\/wp-json\/wp\/v2\/pages\/761\/revisions\/4005"}],"up":[{"embeddable":true,"href":"https:\/\/modernhospital.az\/newsite\/wp-json\/wp\/v2\/pages\/81"}],"wp:attachment":[{"href":"https:\/\/modernhospital.az\/newsite\/wp-json\/wp\/v2\/media?parent=761"}],"curies":[{"name":"wp","href":"https:\/\/api.w.org\/{rel}","templated":true}]}}