{"id":763,"date":"2019-03-13T15:36:49","date_gmt":"2019-03-13T11:36:49","guid":{"rendered":"http:\/\/modernhospital.az\/newsite\/?page_id=763"},"modified":"2023-10-08T15:39:36","modified_gmt":"2023-10-08T11:39:36","slug":"emq","status":"publish","type":"page","link":"https:\/\/modernhospital.az\/newsite\/bolumler\/diaqnostka-sobesi\/sua-diaqnostikasi\/emq\/","title":{"rendered":"EMQ"},"content":{"rendered":"<p>[vc_row content_aligment=&#8221;center&#8221; css=&#8221;.vc_custom_1565942430106{padding-top: 150px !important;padding-bottom: 150px !important;background-image: url(http:\/\/modernhospital.az\/wp-content\/uploads\/2019\/08\/shutterstock_788436526.jpg?id=2641) !important;background-position: center !important;background-repeat: no-repeat !important;background-size: cover !important;}&#8221;][vc_column]\n<div class=\"qodef-custom-font-holder\" style=\"font-family: Fira Sans;font-size: 55px;line-height: 55px;font-weight: 600;text-align: center;color: #ffffff\" data-font-size= 55 data-line-height= 55>\n    EMQ<\/p>\n    <\/div>[\/vc_column][\/vc_row][vc_row content_width=&#8221;grid&#8221;][vc_column width=&#8221;2\/3&#8243; css=&#8221;.vc_custom_1566050423240{padding-top: 50px !important;}&#8221;]\n<div class=\"qodef-custom-font-holder\" style=\"font-family: Fira Sans;font-size: 40px;line-height: 40px;font-weight: 500;letter-spacing: -1px\" data-font-size= 40 data-line-height= 40>\n    \u00dcmumi M\u0259lumat    <\/div>[vc_empty_space height=&#8221;10px&#8221;][vc_column_text]Elektroneyromioqrafiya (ENMQ) &#8211; \u0259z\u0259l\u0259l\u0259rin v\u0259 periferik sinirl\u0259rin bioelektrik aktivliyinin qeydiyyata al\u0131nmas\u0131na \u0259saslanan funksional diaqnostika metodudur. ENMQ elektrik impulslar\u0131n periferik sinirl\u0259r il\u0259 \u00f6t\u00fcr\u00fclm\u0259sini, \u0259z\u0259l\u0259l\u0259rin elektrik aktivliyini v\u0259 sinir-\u0259z\u0259l\u0259 \u00f6t\u00fcr\u00fcc\u00fcl\u00fcy\u00fcn\u00fc t\u0259sbit edir.<\/p>\n<p>EMQ (Elektromioqrafiya) v\u00fccudumuzun sinir v\u0259 \u0259z\u0259l\u0259l\u0259rini d\u0259y\u0259rl\u0259ndir\u0259n bir m\u00fcayin\u0259dir.<\/p>\n<p>M\u00fcayin\u0259 zaman\u0131 sinirl\u0259rin taml\u0131\u011f\u0131 v\u0259 funksiyalar\u0131 kontrol edilir. Ehtiyac duyulduqda bird\u0259f\u0259lik iyn\u0259l\u0259rl\u0259 \u0259z\u0259l\u0259l\u0259rin durumu yoxlan\u0131l\u0131r.<\/p>\n<p>Modern hospitalda ENMQ komp\u00fcter elektroneyromioqraf\u0131ya vasit\u0259sil\u0259 ke\u00e7irilir.<\/p>\n<p>A\u015fa\u011f\u0131dak\u0131 m\u00fcayin\u0259l\u0259r m\u00f6vcuddur:<\/p>\n<ul>\n<li>s\u0259thi ENMQ;<\/li>\n<li>iyn\u0259li ENMQ;<\/li>\n<li>stimulyasiya ENMQ.<\/li>\n<\/ul>\n<p>EMQ m\u00fcayin\u0259l\u0259ri u\u015faqlar, yeniyetm\u0259l\u0259r v\u0259 b\u00f6y\u00fckl\u0259r\u0259 t\u0259tbiq olunabil\u0259n m\u00fcayin\u0259 vasit\u0259sitidir.<\/p>\n<p>EMQ iki m\u0259rh\u0259l\u0259d\u0259 h\u0259yata ke\u00e7irilir:<\/p>\n<p>1-ci m\u0259rh\u0259l\u0259d\u0259 sinirl\u0259r\u0259 impluslar \u00f6t\u00fcr\u00fcl\u0259r\u0259k sinirl\u0259rd\u0259 h\u0259r hans\u0131 pozulmalar olub olmad\u0131\u011f\u0131 ara\u015fd\u0131r\u0131l\u0131r.<\/p>\n<p>2-ci m\u0259rh\u0259l\u0259d\u0259 \u0259z\u0259l\u0259rin problemli nahiy\u0259sin\u0259 x\u00fcsusi iyn\u0259l\u0259r bat\u0131r\u0131l\u0131r, \u0259ld\u0259 edil\u0259n n\u0259tic\u0259l\u0259r avtomatik olaraq komputer\u0259 \u00f6t\u00fcr\u00fcl\u00fcr.[\/vc_column_text][vc_empty_space][\/vc_column][vc_column width=&#8221;1\/3&#8243; css=&#8221;.vc_custom_1566046579992{padding-top: 30px !important;padding-bottom: 30px !important;padding-left: 30px !important;background-color: #efefef !important;}&#8221;]\n<div class=\"qodef-custom-font-holder\" style=\"font-family: Fira Sans;font-size: 25px;line-height: 25px;font-weight: 500;text-align: center;color: #dd3333\" data-font-size= 25 data-line-height= 25>\n    <strong>Sual\u0131n\u0131z var?<\/strong>    <\/div>[vc_empty_space height=&#8221;15px&#8221;][vc_column_text]<\/p>\n<div class=\"caldera-grid\" id=\"caldera_form_1\" data-cf-ver=\"1.9.3\" data-cf-form-id=\"CF5d57f1123a979\"><div id=\"caldera_notices_1\" data-spinner=\"https:\/\/modernhospital.az\/newsite\/wp-admin\/images\/spinner.gif\"><\/div><form data-instance=\"1\" class=\"CF5d57f1123a979 caldera_forms_form cfajax-trigger\" method=\"POST\" enctype=\"multipart\/form-data\" id=\"CF5d57f1123a979_1\" data-form-id=\"CF5d57f1123a979\" aria-label=\"Ki&ccedil;ik \u0259laq\u0259\" data-target=\"#caldera_notices_1\" data-template=\"#cfajax_CF5d57f1123a979-tmpl\" data-cfajax=\"CF5d57f1123a979\" data-load-element=\"_parent\" data-load-class=\"cf_processing\" data-post-disable=\"0\" data-action=\"cf_process_ajax_submit\" data-request=\"https:\/\/modernhospital.az\/newsite\/cf-api\/CF5d57f1123a979\" data-hiderows=\"true\">\r\n<input type=\"hidden\" id=\"_cf_verify_CF5d57f1123a979\" name=\"_cf_verify\" value=\"35e1d97452\"  data-nonce-time=\"1778760976\" \/><input type=\"hidden\" name=\"_wp_http_referer\" value=\"\/newsite\/wp-json\/wp\/v2\/pages\/763\" \/><div id=\"cf2-CF5d57f1123a979_1\"><\/div><input type=\"hidden\" name=\"_cf_frm_id\" value=\"CF5d57f1123a979\">\r\n<input type=\"hidden\" name=\"_cf_frm_ct\" value=\"1\">\r\n<input type=\"hidden\" name=\"cfajax\" value=\"CF5d57f1123a979\">\r\n<input type=\"hidden\" name=\"_cf_cr_pst\" value=\"763\">\r\n<div class=\"hide\" style=\"display:none; overflow:hidden;height:0;width:0;\">\r\n<label>Twitter<\/label><input type=\"text\" name=\"twitter\" value=\"\" autocomplete=\"off\">\r\n<\/div><div id=\"CF5d57f1123a979_1-row-1\"  class=\"row  first_row\"><div  class=\"col-sm-12  single\"><div data-field-wrapper=\"fld_8386081\" class=\"form-group\" id=\"fld_8386081_1-wrap\">\r\n\t<label id=\"fld_8386081Label\" for=\"fld_8386081_1\" class=\"control-label\">Ad Soyad <span aria-hidden=\"true\" role=\"presentation\" class=\"field_required\" style=\"color:#ee0000;\">*<\/span><\/label>\r\n\t<div class=\"\">\r\n\t\t<input   required type=\"text\" data-field=\"fld_8386081\" class=\" form-control\" id=\"fld_8386081_1\" name=\"fld_8386081\" value=\"\" data-type=\"text\" aria-required=\"true\"   aria-labelledby=\"fld_8386081Label\" >\t\t\t<\/div>\r\n<\/div>\r\n<\/div><\/div><div id=\"CF5d57f1123a979_1-row-2\"  class=\"row \"><div  class=\"col-sm-12  single\"><div data-field-wrapper=\"fld_7275611\" class=\"form-group\" id=\"fld_7275611_1-wrap\">\r\n\t<label id=\"fld_7275611Label\" for=\"fld_7275611_1\" class=\"control-label\">\u018flaq\u0259 telefonu <span aria-hidden=\"true\" role=\"presentation\" class=\"field_required\" style=\"color:#ee0000;\">*<\/span><\/label>\r\n\t<div class=\"\">\r\n\t\t<input  data-inputmask=\"'mask': '(999)999-9999'\"  required type=\"phone\" data-field=\"fld_7275611\" class=\" form-control\" id=\"fld_7275611_1\" name=\"fld_7275611\" value=\"\" data-type=\"phone\" aria-required=\"true\"   aria-labelledby=\"fld_7275611Label\" >\t\t\t<\/div>\r\n<\/div>\r\n<\/div><\/div><div id=\"CF5d57f1123a979_1-row-3\"  class=\"row \"><div  class=\"col-sm-12  single\"><div data-field-wrapper=\"fld_3892846\" class=\"form-group\" id=\"fld_3892846_1-wrap\">\r\n\t<label id=\"fld_3892846Label\" for=\"fld_3892846_1\" class=\"control-label\">Qeydl\u0259r <span aria-hidden=\"true\" role=\"presentation\" class=\"field_required\" style=\"color:#ee0000;\">*<\/span><\/label>\r\n\t<div class=\"\">\r\n\t\t<textarea name=\"fld_3892846\" value=\"\" data-field=\"fld_3892846\" class=\"form-control\" id=\"fld_3892846_1\" rows=\"4\"  required=\"required\"  aria-labelledby=\"fld_3892846Label\" ><\/textarea>\n\t\t\t<\/div>\r\n<\/div>\r\n<\/div><\/div><div id=\"CF5d57f1123a979_1-row-4\"  class=\"row  last_row\"><div  class=\"col-sm-12  single\"><div data-field-wrapper=\"fld_7951322\" class=\"form-group\" id=\"fld_7951322_1-wrap\">\r\n<div class=\"\">\r\n\t<input  class=\"btn btn-default\" type=\"submit\" name=\"fld_7951322\" id=\"fld_7951322_1\" value=\"G\u00f6nd\u0259r\" data-field=\"fld_7951322\"  >\n<\/div>\r\n<\/div>\r\n\t<input class=\"button_trigger_1\" type=\"hidden\" name=\"fld_7951322\" id=\"fld_7951322_1_btn\" value=\"\" data-field=\"fld_7951322\"  \/>\n<\/div><\/div><\/form>\r\n<\/div>\r\n\n<p>[\/vc_column_text][\/vc_column][\/vc_row][vc_row content_width=&#8221;grid&#8221;][vc_column][vc_empty_space]<div class=\"qodef-tabs qodef-horizontal-tab qodef-tab-without-icon qodef-tab-standard clearfix\">\n\t<ul class=\"qodef-tabs-nav\">\n\t\t\t\t\t<li>\n\t\t\t\t<a href=\"#tab-x%c9%99st%c9%99likl%c9%99r\">\n\n\t\t\t\t\t\t\t\t\t\t\t<span class=\"qodef-tab-text-after-icon\">\n\t\t\t\t\t\t\tX\u0259st\u0259likl\u0259r\t\t\t\t\t\t<\/span>\n\t\t\t\t\t\n\t\t\t\t\t\t\t\t\t\t\t\n\t\t\t\t\t\t\t\t\t<\/a>\n\t\t\t <\/li>\n\t\t\t\t\t<li>\n\t\t\t\t<a href=\"#tab-simptomlar\">\n\n\t\t\t\t\t\t\t\t\t\t\t<span class=\"qodef-tab-text-after-icon\">\n\t\t\t\t\t\t\tSimptomlar\t\t\t\t\t\t<\/span>\n\t\t\t\t\t\n\t\t\t\t\t\t\t\t\t\t\t\n\t\t\t\t\t\t\t\t\t<\/a>\n\t\t\t <\/li>\n\t\t\t\t\t<li>\n\t\t\t\t<a href=\"#tab-xidm%c9%99tl%c9%99r\">\n\n\t\t\t\t\t\t\t\t\t\t\t<span class=\"qodef-tab-text-after-icon\">\n\t\t\t\t\t\t\tXidm\u0259tl\u0259r\t\t\t\t\t\t<\/span>\n\t\t\t\t\t\n\t\t\t\t\t\t\t\t\t\t\t\n\t\t\t\t\t\t\t\t\t<\/a>\n\t\t\t <\/li>\n\t\t\t<\/ul> \n\t<div class=\"qodef-tab-container\" id=\"tab-x%c9%99st%c9%99likl%c9%99r-77\" data-icon-pack=\"font_awesome\" data-icon-html=\"&lt;i class=&quot;qodef-icon-font-awesome fa  &quot; &gt;&lt;\/i&gt;\">[vc_column_text]<\/p>\n<ul>\n<li>Sinirs\u0131x\u0131\u015fmalar\u0131<\/li>\n<li>\u018fl barmaqlar\u0131nda uyu\u015fmalar<\/li>\n<li>\u018fl v\u0259 ayaqlarda z\u0259iflilik<\/li>\n<li>Hiss etm\u0259 qabiliyy\u0259tinin itm\u0259si<\/li>\n<li>Bel v\u0259 boyun y\u0131rt\u0131qlar\u0131nda \u0259m\u0259l\u0259 g\u0259l\u0259n sinir z\u0259d\u0259l\u0259nm\u0259l\u0259ri<\/li>\n<li>\u018fl v\u0259 dirs\u0259kd\u0259 sinir s\u0131x\u0131\u015fmas\u0131<\/li>\n<li>Ayaqlarda sinir s\u0131x\u0131\u015fmas\u0131<\/li>\n<li>Bud v\u0259 \u00e7anaqda sinir s\u0131x\u0131\u015fmalar\u0131<\/li>\n<li>Bel v\u0259 boyun y\u0131rt\u0131qlar\u0131 zaman\u0131 \u0259m\u0259l\u0259 g\u0259l\u0259n sinir k\u00f6k\u00fc z\u0259d\u0259l\u0259nm\u0259l\u0259ri<\/li>\n<li>Sinir sisteminin regenarativ x\u0259st\u0259likl\u0259ri<\/li>\n<li>X\u00fcsusi il\u0259 bel v\u0259 boyun y\u0131rt\u0131qlar\u0131 zaman\u0131 sinir z\u0259d\u0259l\u0259nm\u0259m\u0259l\u0259rin olmas\u0131 ehtimal\u0131<\/li>\n<\/ul>\n<p>[\/vc_column_text]<\/div><div class=\"qodef-tab-container\" id=\"tab-simptomlar-330\" data-icon-pack=\"font_awesome\" data-icon-html=\"&lt;i class=&quot;qodef-icon-font-awesome fa  &quot; &gt;&lt;\/i&gt;\"><\/div><div class=\"qodef-tab-container\" id=\"tab-xidm%c9%99tl%c9%99r-948\" data-icon-pack=\"font_awesome\" data-icon-html=\"&lt;i class=&quot;qodef-icon-font-awesome fa  &quot; &gt;&lt;\/i&gt;\">[vc_column_text]<\/p>\n<ul>\n<li>Sinir yaralanmalar\u0131 (k\u0259sik,travma) sinir z\u0259d\u0259l\u0259nm\u0259sinin d\u0259r\u0259c\u0259sini t\u0259sbit edilm\u0259si;<\/li>\n<li>Sinir s\u0131x\u0131lmas\u0131 (karpal tunel,kubital v\u0259 tarsal tunel sindromu), periferik sinir sistemi z\u0259d\u0259l\u0259nm\u0259l\u0259rinin a\u015fkar olunmas\u0131;<\/li>\n<li>Boyun v\u0259 bel y\u0131rt\u0131\u011f\u0131n\u0131n diaqnozuna istiqam\u0259t;<\/li>\n<li>Polineyropatiyalarla n\u0259tic\u0259l\u0259n\u0259n x\u0259st\u0259likl\u0259r zaman\u0131 (\u015e\u0259k\u0259r x\u0259st\u0259liyi) sinirl\u0259rin z\u0259d\u0259l\u0259nm\u0259sinin t\u0259yin olunmas\u0131;<\/li>\n<li>\u018fz\u0259l\u0259 v\u0259 sinir-\u0259z\u0259l\u0259 sinapslar\u0131ndak\u0131 x\u0259st\u0259likl\u0259rin (miopatiya, miasteniya) t\u0259yin olunmas\u0131;<\/li>\n<li>\u018fz\u0259l\u0259 \u0259rim\u0259l\u0259ri il\u0259 ged\u0259n x\u0259st\u0259likl\u0259r motoneyron x\u0259st\u0259likl\u0259rind\u0259 (poliomiyelit, ALS) \u0259z\u0259l\u0259 disfunksiyalar\u0131n\u0131n t\u0259yini;<\/li>\n<\/ul>\n<p>[\/vc_column_text]<\/div><\/div>[\/vc_column][\/vc_row][vc_row content_width=&#8221;grid&#8221; content_aligment=&#8221;center&#8221;][vc_column width=&#8221;1\/4&#8243;][\/vc_column][vc_column width=&#8221;1\/2&#8243;]<a itemprop=\"url\" href=\"http:\/\/modernhospital.az\/e-xidmetler\/e-randevu\/\" target=\"_blank\"  class=\"qodef-btn qodef-btn-huge qodef-btn-outline qodef-btn-hover-scale\"  >\n    <span class=\"qodef-btn-text\">Randevu al<\/span>\n    <span class=\"qodef-btn-icon-normal\"><i class=\"qodef-icon-font-awesome fa  \" ><\/i><\/span>\n    <span class=\"qodef-btn-icon-flip\"><i class=\"qodef-icon-font-awesome fa  \" ><\/i><\/span>\n        \t<span class=\"qodef-hover-background\"><\/span>\n    \n    <\/a>[vc_empty_space][\/vc_column][vc_column width=&#8221;1\/4&#8243;][\/vc_column][\/vc_row][vc_row content_width=&#8221;grid&#8221;][vc_column][vc_text_separator title=&#8221;B\u00f6l\u00fcm\u0259 aid h\u0259kiml\u0259r&#8221; color=&#8221;custom&#8221; accent_color=&#8221;#dd3333&#8243; css=&#8221;.vc_custom_1694773264856{padding-top: 50px !important;padding-bottom: 50px !important;}&#8221;]<div class=\"qodef-blog-list-holder qodef-boxes qodef-four-columns\">\n    <ul class=\"qodef-blog-list\">\n\t\t<li class=\"qodef-blog-list-item\">\n    <div class=\"qodef-blog-list-item-inner\">\n                    <div class=\"qodef-item-image clearfix\">\n                <a itemprop=\"url\" href=\"https:\/\/modernhospital.az\/newsite\/sevinc-salamova\/\">\n                    <img loading=\"lazy\" decoding=\"async\" width=\"1920\" height=\"980\" src=\"https:\/\/modernhospital.az\/newsite\/wp-content\/uploads\/2023\/10\/Sevinc-S\u0259limova-nevropatoloq1-1.jpg\" class=\"attachment-full size-full wp-post-image\" alt=\"\" srcset=\"https:\/\/modernhospital.az\/newsite\/wp-content\/uploads\/2023\/10\/Sevinc-S\u0259limova-nevropatoloq1-1.jpg 1920w, https:\/\/modernhospital.az\/newsite\/wp-content\/uploads\/2023\/10\/Sevinc-S\u0259limova-nevropatoloq1-1-300x153.jpg 300w, https:\/\/modernhospital.az\/newsite\/wp-content\/uploads\/2023\/10\/Sevinc-S\u0259limova-nevropatoloq1-1-1024x523.jpg 1024w, https:\/\/modernhospital.az\/newsite\/wp-content\/uploads\/2023\/10\/Sevinc-S\u0259limova-nevropatoloq1-1-768x392.jpg 768w, https:\/\/modernhospital.az\/newsite\/wp-content\/uploads\/2023\/10\/Sevinc-S\u0259limova-nevropatoloq1-1-1536x784.jpg 1536w\" sizes=\"(max-width: 1920px) 100vw, 1920px\" \/>                <\/a>\n            <\/div>\n                <div class=\"qodef-item-text-holder\">\n                        <h3 itemprop=\"name\" class=\"qodef-item-title entry-title\">\n            <a itemprop=\"url\" href=\"https:\/\/modernhospital.az\/newsite\/sevinc-salamova\/\">\n                Sevinc Salamova            <\/a>\n        <\/h3>\n                    <p itemprop=\"description\" class=\"qodef-excerpt\">[vc_row css=&#8221;.vc_custom_1565356393536{padding-top: 50px !important;padding-bottom: 5...<\/p>\n                            <\/div>\n    <\/div>\n<\/li>    <\/ul>\n<\/div>\n[\/vc_column][\/vc_row]<\/p>\n","protected":false},"excerpt":{"rendered":"<p>[vc_row content_aligment=&#8221;center&#8221; css=&#8221;.vc_custom_1565942430106{padding-top: 150px !important;padding-bottom: 150px !important;background-image: url(http:\/\/modernhospital.az\/wp-content\/uploads\/2019\/08\/shutterstock_788436526.jpg?id=2641) !important;background-position: center !important;background-repeat: no-repeat !important;background-size: cover !important;}&#8221;][vc_column][\/vc_column][\/vc_row][vc_row content_width=&#8221;grid&#8221;][vc_column width=&#8221;2\/3&#8243; css=&#8221;.vc_custom_1566050423240{padding-top: 50px !important;}&#8221;][vc_empty_space height=&#8221;10px&#8221;][vc_column_text]Elektroneyromioqrafiya (ENMQ) &#8211; \u0259z\u0259l\u0259l\u0259rin v\u0259 periferik sinirl\u0259rin bioelektrik aktivliyinin qeydiyyata al\u0131nmas\u0131na \u0259saslanan funksional diaqnostika metodudur. ENMQ elektrik impulslar\u0131n periferik sinirl\u0259r il\u0259 \u00f6t\u00fcr\u00fclm\u0259sini, \u0259z\u0259l\u0259l\u0259rin elektrik aktivliyini&#8230;<\/p>\n","protected":false},"author":1,"featured_media":0,"parent":81,"menu_order":0,"comment_status":"closed","ping_status":"closed","template":"full-width.php","meta":{"footnotes":""},"yoast_head":"<!-- This site is optimized with the Yoast SEO plugin v21.5 - https:\/\/yoast.com\/wordpress\/plugins\/seo\/ -->\r\n<title>EMQ - My CMS<\/title>\r\n<meta name=\"robots\" content=\"index, follow, max-snippet:-1, max-image-preview:large, max-video-preview:-1\" \/>\r\n<link rel=\"canonical\" href=\"https:\/\/modernhospital.az\/newsite\/bolumler\/diaqnostka-sobesi\/sua-diaqnostikasi\/emq\/\" \/>\r\n<meta property=\"og:locale\" content=\"en_US\" \/>\r\n<meta property=\"og:type\" content=\"article\" \/>\r\n<meta property=\"og:title\" content=\"EMQ - My CMS\" \/>\r\n<meta property=\"og:description\" content=\"[vc_row content_aligment=&#8221;center&#8221; css=&#8221;.vc_custom_1565942430106{padding-top: 150px !important;padding-bottom: 150px !important;background-image: url(http:\/\/modernhospital.az\/wp-content\/uploads\/2019\/08\/shutterstock_788436526.jpg?id=2641) !important;background-position: center !important;background-repeat: no-repeat !important;background-size: cover !important;}&#8221;][vc_column][\/vc_column][\/vc_row][vc_row content_width=&#8221;grid&#8221;][vc_column width=&#8221;2\/3&#8243; css=&#8221;.vc_custom_1566050423240{padding-top: 50px !important;}&#8221;][vc_empty_space height=&#8221;10px&#8221;][vc_column_text]Elektroneyromioqrafiya (ENMQ) &#8211; \u0259z\u0259l\u0259l\u0259rin v\u0259 periferik sinirl\u0259rin bioelektrik aktivliyinin qeydiyyata al\u0131nmas\u0131na \u0259saslanan funksional diaqnostika metodudur. ENMQ elektrik impulslar\u0131n periferik sinirl\u0259r il\u0259 \u00f6t\u00fcr\u00fclm\u0259sini, \u0259z\u0259l\u0259l\u0259rin elektrik aktivliyini...\" \/>\r\n<meta property=\"og:url\" content=\"https:\/\/modernhospital.az\/newsite\/bolumler\/diaqnostka-sobesi\/sua-diaqnostikasi\/emq\/\" \/>\r\n<meta property=\"og:site_name\" content=\"My CMS\" \/>\r\n<meta property=\"article:modified_time\" content=\"2023-10-08T11:39:36+00:00\" \/>\r\n<meta name=\"twitter:card\" content=\"summary_large_image\" \/>\r\n<meta name=\"twitter:label1\" content=\"Est. reading time\" \/>\n\t<meta name=\"twitter:data1\" content=\"4 minutes\" \/>\r\n<script type=\"application\/ld+json\" class=\"yoast-schema-graph\">{\"@context\":\"https:\/\/schema.org\",\"@graph\":[{\"@type\":\"WebPage\",\"@id\":\"https:\/\/modernhospital.az\/newsite\/bolumler\/diaqnostka-sobesi\/sua-diaqnostikasi\/emq\/\",\"url\":\"https:\/\/modernhospital.az\/newsite\/bolumler\/diaqnostka-sobesi\/sua-diaqnostikasi\/emq\/\",\"name\":\"EMQ - My CMS\",\"isPartOf\":{\"@id\":\"https:\/\/modernhospital.az\/newsite\/#website\"},\"datePublished\":\"2019-03-13T11:36:49+00:00\",\"dateModified\":\"2023-10-08T11:39:36+00:00\",\"breadcrumb\":{\"@id\":\"https:\/\/modernhospital.az\/newsite\/bolumler\/diaqnostka-sobesi\/sua-diaqnostikasi\/emq\/#breadcrumb\"},\"inLanguage\":\"en-US\",\"potentialAction\":[{\"@type\":\"ReadAction\",\"target\":[\"https:\/\/modernhospital.az\/newsite\/bolumler\/diaqnostka-sobesi\/sua-diaqnostikasi\/emq\/\"]}]},{\"@type\":\"BreadcrumbList\",\"@id\":\"https:\/\/modernhospital.az\/newsite\/bolumler\/diaqnostka-sobesi\/sua-diaqnostikasi\/emq\/#breadcrumb\",\"itemListElement\":[{\"@type\":\"ListItem\",\"position\":1,\"name\":\"Home\",\"item\":\"https:\/\/modernhospital.az\/newsite\/\"},{\"@type\":\"ListItem\",\"position\":2,\"name\":\"B\u00f6l\u00fcml\u0259rimiz\",\"item\":\"https:\/\/modernhospital.az\/newsite\/bolumler\/\"},{\"@type\":\"ListItem\",\"position\":3,\"name\":\"Radiologiya v\u0259 \u015e\u00fca Diaqnostikas\u0131\",\"item\":\"https:\/\/modernhospital.az\/newsite\/bolumler\/diaqnostka-sobesi\/\"},{\"@type\":\"ListItem\",\"position\":4,\"name\":\"Radiologiya v\u0259 \u015f\u00fca diaqnostika \u015f\u00f6b\u0259si\",\"item\":\"https:\/\/modernhospital.az\/newsite\/bolumler\/diaqnostka-sobesi\/sua-diaqnostikasi\/\"},{\"@type\":\"ListItem\",\"position\":5,\"name\":\"EMQ\"}]},{\"@type\":\"WebSite\",\"@id\":\"https:\/\/modernhospital.az\/newsite\/#website\",\"url\":\"https:\/\/modernhospital.az\/newsite\/\",\"name\":\"My CMS\",\"description\":\"H\u0259yat\u0131n\u0131za d\u0259y\u0259r ver\u0259r\u0259k!\",\"publisher\":{\"@id\":\"https:\/\/modernhospital.az\/newsite\/#organization\"},\"potentialAction\":[{\"@type\":\"SearchAction\",\"target\":{\"@type\":\"EntryPoint\",\"urlTemplate\":\"https:\/\/modernhospital.az\/newsite\/?s={search_term_string}\"},\"query-input\":\"required name=search_term_string\"}],\"inLanguage\":\"en-US\"},{\"@type\":\"Organization\",\"@id\":\"https:\/\/modernhospital.az\/newsite\/#organization\",\"name\":\"My CMS\",\"url\":\"https:\/\/modernhospital.az\/newsite\/\",\"logo\":{\"@type\":\"ImageObject\",\"inLanguage\":\"en-US\",\"@id\":\"https:\/\/modernhospital.az\/newsite\/#\/schema\/logo\/image\/\",\"url\":\"https:\/\/modernhospital.az\/wp-content\/uploads\/2019\/04\/modern-hospital-logo-01.png\",\"contentUrl\":\"https:\/\/modernhospital.az\/wp-content\/uploads\/2019\/04\/modern-hospital-logo-01.png\",\"width\":1772,\"height\":591,\"caption\":\"My CMS\"},\"image\":{\"@id\":\"https:\/\/modernhospital.az\/newsite\/#\/schema\/logo\/image\/\"}}]}<\/script>\r\n<!-- \/ Yoast SEO plugin. -->","yoast_head_json":{"title":"EMQ - My CMS","robots":{"index":"index","follow":"follow","max-snippet":"max-snippet:-1","max-image-preview":"max-image-preview:large","max-video-preview":"max-video-preview:-1"},"canonical":"https:\/\/modernhospital.az\/newsite\/bolumler\/diaqnostka-sobesi\/sua-diaqnostikasi\/emq\/","og_locale":"en_US","og_type":"article","og_title":"EMQ - My CMS","og_description":"[vc_row content_aligment=&#8221;center&#8221; css=&#8221;.vc_custom_1565942430106{padding-top: 150px !important;padding-bottom: 150px !important;background-image: url(http:\/\/modernhospital.az\/wp-content\/uploads\/2019\/08\/shutterstock_788436526.jpg?id=2641) !important;background-position: center !important;background-repeat: no-repeat !important;background-size: cover !important;}&#8221;][vc_column][\/vc_column][\/vc_row][vc_row content_width=&#8221;grid&#8221;][vc_column width=&#8221;2\/3&#8243; css=&#8221;.vc_custom_1566050423240{padding-top: 50px !important;}&#8221;][vc_empty_space height=&#8221;10px&#8221;][vc_column_text]Elektroneyromioqrafiya (ENMQ) &#8211; \u0259z\u0259l\u0259l\u0259rin v\u0259 periferik sinirl\u0259rin bioelektrik aktivliyinin qeydiyyata al\u0131nmas\u0131na \u0259saslanan funksional diaqnostika metodudur. ENMQ elektrik impulslar\u0131n periferik sinirl\u0259r il\u0259 \u00f6t\u00fcr\u00fclm\u0259sini, \u0259z\u0259l\u0259l\u0259rin elektrik aktivliyini...","og_url":"https:\/\/modernhospital.az\/newsite\/bolumler\/diaqnostka-sobesi\/sua-diaqnostikasi\/emq\/","og_site_name":"My CMS","article_modified_time":"2023-10-08T11:39:36+00:00","twitter_card":"summary_large_image","twitter_misc":{"Est. reading time":"4 minutes"},"schema":{"@context":"https:\/\/schema.org","@graph":[{"@type":"WebPage","@id":"https:\/\/modernhospital.az\/newsite\/bolumler\/diaqnostka-sobesi\/sua-diaqnostikasi\/emq\/","url":"https:\/\/modernhospital.az\/newsite\/bolumler\/diaqnostka-sobesi\/sua-diaqnostikasi\/emq\/","name":"EMQ - My CMS","isPartOf":{"@id":"https:\/\/modernhospital.az\/newsite\/#website"},"datePublished":"2019-03-13T11:36:49+00:00","dateModified":"2023-10-08T11:39:36+00:00","breadcrumb":{"@id":"https:\/\/modernhospital.az\/newsite\/bolumler\/diaqnostka-sobesi\/sua-diaqnostikasi\/emq\/#breadcrumb"},"inLanguage":"en-US","potentialAction":[{"@type":"ReadAction","target":["https:\/\/modernhospital.az\/newsite\/bolumler\/diaqnostka-sobesi\/sua-diaqnostikasi\/emq\/"]}]},{"@type":"BreadcrumbList","@id":"https:\/\/modernhospital.az\/newsite\/bolumler\/diaqnostka-sobesi\/sua-diaqnostikasi\/emq\/#breadcrumb","itemListElement":[{"@type":"ListItem","position":1,"name":"Home","item":"https:\/\/modernhospital.az\/newsite\/"},{"@type":"ListItem","position":2,"name":"B\u00f6l\u00fcml\u0259rimiz","item":"https:\/\/modernhospital.az\/newsite\/bolumler\/"},{"@type":"ListItem","position":3,"name":"Radiologiya v\u0259 \u015e\u00fca Diaqnostikas\u0131","item":"https:\/\/modernhospital.az\/newsite\/bolumler\/diaqnostka-sobesi\/"},{"@type":"ListItem","position":4,"name":"Radiologiya v\u0259 \u015f\u00fca diaqnostika \u015f\u00f6b\u0259si","item":"https:\/\/modernhospital.az\/newsite\/bolumler\/diaqnostka-sobesi\/sua-diaqnostikasi\/"},{"@type":"ListItem","position":5,"name":"EMQ"}]},{"@type":"WebSite","@id":"https:\/\/modernhospital.az\/newsite\/#website","url":"https:\/\/modernhospital.az\/newsite\/","name":"My CMS","description":"H\u0259yat\u0131n\u0131za d\u0259y\u0259r ver\u0259r\u0259k!","publisher":{"@id":"https:\/\/modernhospital.az\/newsite\/#organization"},"potentialAction":[{"@type":"SearchAction","target":{"@type":"EntryPoint","urlTemplate":"https:\/\/modernhospital.az\/newsite\/?s={search_term_string}"},"query-input":"required name=search_term_string"}],"inLanguage":"en-US"},{"@type":"Organization","@id":"https:\/\/modernhospital.az\/newsite\/#organization","name":"My CMS","url":"https:\/\/modernhospital.az\/newsite\/","logo":{"@type":"ImageObject","inLanguage":"en-US","@id":"https:\/\/modernhospital.az\/newsite\/#\/schema\/logo\/image\/","url":"https:\/\/modernhospital.az\/wp-content\/uploads\/2019\/04\/modern-hospital-logo-01.png","contentUrl":"https:\/\/modernhospital.az\/wp-content\/uploads\/2019\/04\/modern-hospital-logo-01.png","width":1772,"height":591,"caption":"My CMS"},"image":{"@id":"https:\/\/modernhospital.az\/newsite\/#\/schema\/logo\/image\/"}}]}},"jetpack_sharing_enabled":true,"_links":{"self":[{"href":"https:\/\/modernhospital.az\/newsite\/wp-json\/wp\/v2\/pages\/763"}],"collection":[{"href":"https:\/\/modernhospital.az\/newsite\/wp-json\/wp\/v2\/pages"}],"about":[{"href":"https:\/\/modernhospital.az\/newsite\/wp-json\/wp\/v2\/types\/page"}],"author":[{"embeddable":true,"href":"https:\/\/modernhospital.az\/newsite\/wp-json\/wp\/v2\/users\/1"}],"replies":[{"embeddable":true,"href":"https:\/\/modernhospital.az\/newsite\/wp-json\/wp\/v2\/comments?post=763"}],"version-history":[{"count":10,"href":"https:\/\/modernhospital.az\/newsite\/wp-json\/wp\/v2\/pages\/763\/revisions"}],"predecessor-version":[{"id":4021,"href":"https:\/\/modernhospital.az\/newsite\/wp-json\/wp\/v2\/pages\/763\/revisions\/4021"}],"up":[{"embeddable":true,"href":"https:\/\/modernhospital.az\/newsite\/wp-json\/wp\/v2\/pages\/81"}],"wp:attachment":[{"href":"https:\/\/modernhospital.az\/newsite\/wp-json\/wp\/v2\/media?parent=763"}],"curies":[{"name":"wp","href":"https:\/\/api.w.org\/{rel}","templated":true}]}}