{"id":770,"date":"2019-03-13T15:38:41","date_gmt":"2019-03-13T11:38:41","guid":{"rendered":"http:\/\/modernhospital.az\/newsite\/?page_id=770"},"modified":"2023-10-08T15:48:29","modified_gmt":"2023-10-08T11:48:29","slug":"rentgen","status":"publish","type":"page","link":"https:\/\/modernhospital.az\/newsite\/bolumler\/diaqnostka-sobesi\/sua-diaqnostikasi\/rentgen\/","title":{"rendered":"Rentgen"},"content":{"rendered":"<p>[vc_row css=&#8221;.vc_custom_1565943858944{padding-top: 150px !important;padding-bottom: 150px !important;background-image: url(http:\/\/modernhospital.az\/wp-content\/uploads\/2019\/08\/xrays-banner.jpg?id=2656) !important;background-position: center !important;background-repeat: no-repeat !important;background-size: cover !important;}&#8221;][vc_column]\n<div class=\"qodef-custom-font-holder\" style=\"font-family: Fira Sans;font-size: 55px;line-height: 55px;font-weight: 600;text-align: center;color: #ffffff\" data-font-size= 55 data-line-height= 55>\n    RENTGEN    <\/div>[\/vc_column][\/vc_row][vc_row content_width=&#8221;grid&#8221;][vc_column width=&#8221;2\/3&#8243; css=&#8221;.vc_custom_1566050423240{padding-top: 50px !important;}&#8221;]\n<div class=\"qodef-custom-font-holder\" style=\"font-family: Fira Sans;font-size: 40px;line-height: 40px;font-weight: 500;letter-spacing: -1px\" data-font-size= 40 data-line-height= 40>\n    \u00dcmumi M\u0259lumat    <\/div>[vc_empty_space height=&#8221;10px&#8221;][vc_column_text]Rentgenoqrafiya a\u011fciy\u0259r x\u0259st\u0259likl\u0259rinin m\u00fcayin\u0259si \u00fc\u00e7\u00fcn m\u00fch\u00fcm diaqnostik vasit\u0259dir. Rentgenoqrafiya vasit\u0259si il\u0259 b\u00f6y\u00fck \u00f6l\u00e7\u00fcl\u00fc rentgen \u015f\u0259kill\u0259r \u0259ld\u0259 etm\u0259k olur ki, bu da skelet travmalar\u0131nda, s\u0131n\u0131qlar v\u0259 \u00e7atlar\u0131n a\u015fkar edilm\u0259sind\u0259, h\u0259m\u00e7inin onur\u011fan\u0131n m\u00fcxt\u0259lif nahiyy\u0259l\u0259rinin degenerativ d\u0259yi\u015fiklikl\u0259rinin, t\u00f6r\u0259m\u0259l\u0259rin a\u015fkar edilm\u0259sind\u0259 istifad\u0259 olunur. H\u0259m\u00e7inin anadang\u0259lm\u0259 skelet patologiyalar\u0131nda geni\u015f t\u0259tbiq olunur. Bu g\u00fcn diaqnostika v\u0259 m\u00fcalic\u0259 sah\u0259sind\u0259 rentgen m\u00fcayin\u0259 metodu olmasa fizioterapiya, urologiya, ginekologiya, otorinolaringologiya, nevrologiya, onkologiya, c\u0259rrahiyy\u0259, ortopediya, travmatologiya v\u0259 oftamologiya kimi tibb sah\u0259l\u0259rind\u0259 x\u0259t\u0259likl\u0259r\u0259 diaqnoz qoyulmas\u0131nda xeyli \u00e7\u0259tinlikl\u0259 \u00fczl\u0259\u015fil\u0259rdi.<\/p>\n<p>Rentgen m\u00fcayin\u0259\u00a0metodu y\u00fcz ild\u0259n art\u0131qd\u0131r ki, tibbd\u0259 istifad\u0259 olunmas\u0131na baxmayaraq h\u0259l\u0259 d\u0259 \u00f6z aktuall\u0131\u011f\u0131n\u0131 v\u0259 dioqnostik \u0259h\u0259miyy\u0259tini saxlam\u0131\u015fd\u0131r.<\/p>\n<p>M\u00fcasir komp\u00fcter texnologiyalar\u0131n\u0131n t\u0259tbiqi say\u0259sind\u0259 bu metodun diaqnostik imkanlar\u0131 dahada artm\u0131\u015f, m\u00fcayin\u0259 zaman\u0131 \u015f\u00fcalanman\u0131n dozas\u0131 qat-qat azalm\u0131\u015fd\u0131r.[\/vc_column_text][vc_empty_space][\/vc_column][vc_column width=&#8221;1\/3&#8243; css=&#8221;.vc_custom_1566046579992{padding-top: 30px !important;padding-bottom: 30px !important;padding-left: 30px !important;background-color: #efefef !important;}&#8221;]\n<div class=\"qodef-custom-font-holder\" style=\"font-family: Fira Sans;font-size: 25px;line-height: 25px;font-weight: 500;text-align: center;color: #dd3333\" data-font-size= 25 data-line-height= 25>\n    <strong>Sual\u0131n\u0131z var?<\/strong>    <\/div>[vc_empty_space height=&#8221;15px&#8221;][vc_column_text]<\/p>\n<div class=\"caldera-grid\" id=\"caldera_form_1\" data-cf-ver=\"1.9.3\" data-cf-form-id=\"CF5d57f1123a979\"><div id=\"caldera_notices_1\" data-spinner=\"https:\/\/modernhospital.az\/newsite\/wp-admin\/images\/spinner.gif\"><\/div><form data-instance=\"1\" class=\"CF5d57f1123a979 caldera_forms_form cfajax-trigger\" method=\"POST\" enctype=\"multipart\/form-data\" id=\"CF5d57f1123a979_1\" data-form-id=\"CF5d57f1123a979\" aria-label=\"Ki&ccedil;ik \u0259laq\u0259\" data-target=\"#caldera_notices_1\" data-template=\"#cfajax_CF5d57f1123a979-tmpl\" data-cfajax=\"CF5d57f1123a979\" data-load-element=\"_parent\" data-load-class=\"cf_processing\" data-post-disable=\"0\" data-action=\"cf_process_ajax_submit\" data-request=\"https:\/\/modernhospital.az\/newsite\/cf-api\/CF5d57f1123a979\" data-hiderows=\"true\">\r\n<input type=\"hidden\" id=\"_cf_verify_CF5d57f1123a979\" name=\"_cf_verify\" value=\"4d5482183b\"  data-nonce-time=\"1776035549\" \/><input type=\"hidden\" name=\"_wp_http_referer\" value=\"\/newsite\/wp-json\/wp\/v2\/pages\/770\" \/><div id=\"cf2-CF5d57f1123a979_1\"><\/div><input type=\"hidden\" name=\"_cf_frm_id\" value=\"CF5d57f1123a979\">\r\n<input type=\"hidden\" name=\"_cf_frm_ct\" value=\"1\">\r\n<input type=\"hidden\" name=\"cfajax\" value=\"CF5d57f1123a979\">\r\n<input type=\"hidden\" name=\"_cf_cr_pst\" value=\"770\">\r\n<div class=\"hide\" style=\"display:none; overflow:hidden;height:0;width:0;\">\r\n<label>Phone<\/label><input type=\"text\" name=\"phone\" value=\"\" autocomplete=\"off\">\r\n<\/div><div id=\"CF5d57f1123a979_1-row-1\"  class=\"row  first_row\"><div  class=\"col-sm-12  single\"><div data-field-wrapper=\"fld_8386081\" class=\"form-group\" id=\"fld_8386081_1-wrap\">\r\n\t<label id=\"fld_8386081Label\" for=\"fld_8386081_1\" class=\"control-label\">Ad Soyad <span aria-hidden=\"true\" role=\"presentation\" class=\"field_required\" style=\"color:#ee0000;\">*<\/span><\/label>\r\n\t<div class=\"\">\r\n\t\t<input   required type=\"text\" data-field=\"fld_8386081\" class=\" form-control\" id=\"fld_8386081_1\" name=\"fld_8386081\" value=\"\" data-type=\"text\" aria-required=\"true\"   aria-labelledby=\"fld_8386081Label\" >\t\t\t<\/div>\r\n<\/div>\r\n<\/div><\/div><div id=\"CF5d57f1123a979_1-row-2\"  class=\"row \"><div  class=\"col-sm-12  single\"><div data-field-wrapper=\"fld_7275611\" class=\"form-group\" id=\"fld_7275611_1-wrap\">\r\n\t<label id=\"fld_7275611Label\" for=\"fld_7275611_1\" class=\"control-label\">\u018flaq\u0259 telefonu <span aria-hidden=\"true\" role=\"presentation\" class=\"field_required\" style=\"color:#ee0000;\">*<\/span><\/label>\r\n\t<div class=\"\">\r\n\t\t<input  data-inputmask=\"'mask': '(999)999-9999'\"  required type=\"phone\" data-field=\"fld_7275611\" class=\" form-control\" id=\"fld_7275611_1\" name=\"fld_7275611\" value=\"\" data-type=\"phone\" aria-required=\"true\"   aria-labelledby=\"fld_7275611Label\" >\t\t\t<\/div>\r\n<\/div>\r\n<\/div><\/div><div id=\"CF5d57f1123a979_1-row-3\"  class=\"row \"><div  class=\"col-sm-12  single\"><div data-field-wrapper=\"fld_3892846\" class=\"form-group\" id=\"fld_3892846_1-wrap\">\r\n\t<label id=\"fld_3892846Label\" for=\"fld_3892846_1\" class=\"control-label\">Qeydl\u0259r <span aria-hidden=\"true\" role=\"presentation\" class=\"field_required\" style=\"color:#ee0000;\">*<\/span><\/label>\r\n\t<div class=\"\">\r\n\t\t<textarea name=\"fld_3892846\" value=\"\" data-field=\"fld_3892846\" class=\"form-control\" id=\"fld_3892846_1\" rows=\"4\"  required=\"required\"  aria-labelledby=\"fld_3892846Label\" ><\/textarea>\n\t\t\t<\/div>\r\n<\/div>\r\n<\/div><\/div><div id=\"CF5d57f1123a979_1-row-4\"  class=\"row  last_row\"><div  class=\"col-sm-12  single\"><div data-field-wrapper=\"fld_7951322\" class=\"form-group\" id=\"fld_7951322_1-wrap\">\r\n<div class=\"\">\r\n\t<input  class=\"btn btn-default\" type=\"submit\" name=\"fld_7951322\" id=\"fld_7951322_1\" value=\"G\u00f6nd\u0259r\" data-field=\"fld_7951322\"  >\n<\/div>\r\n<\/div>\r\n\t<input class=\"button_trigger_1\" type=\"hidden\" name=\"fld_7951322\" id=\"fld_7951322_1_btn\" value=\"\" data-field=\"fld_7951322\"  \/>\n<\/div><\/div><\/form>\r\n<\/div>\r\n\n<p>[\/vc_column_text][\/vc_column][\/vc_row][vc_row content_width=&#8221;grid&#8221;][vc_column][vc_empty_space]<div class=\"qodef-tabs qodef-horizontal-tab qodef-tab-without-icon qodef-tab-boxed clearfix\">\n\t<ul class=\"qodef-tabs-nav\">\n\t\t\t\t\t<li>\n\t\t\t\t<a href=\"#tab-x%c9%99st%c9%99likl%c9%99r\">\n\n\t\t\t\t\t\t\t\t\t\t\t<span class=\"qodef-tab-text-after-icon\">\n\t\t\t\t\t\t\tX\u0259st\u0259likl\u0259r\t\t\t\t\t\t<\/span>\n\t\t\t\t\t\n\t\t\t\t\t\t\t\t\t\t\t\n\t\t\t\t\t\t\t\t\t<\/a>\n\t\t\t <\/li>\n\t\t\t\t\t<li>\n\t\t\t\t<a href=\"#tab-simptomlar\">\n\n\t\t\t\t\t\t\t\t\t\t\t<span class=\"qodef-tab-text-after-icon\">\n\t\t\t\t\t\t\tSimptomlar\t\t\t\t\t\t<\/span>\n\t\t\t\t\t\n\t\t\t\t\t\t\t\t\t\t\t\n\t\t\t\t\t\t\t\t\t<\/a>\n\t\t\t <\/li>\n\t\t\t\t\t<li>\n\t\t\t\t<a href=\"#tab-xidm%c9%99tl%c9%99r\">\n\n\t\t\t\t\t\t\t\t\t\t\t<span class=\"qodef-tab-text-after-icon\">\n\t\t\t\t\t\t\tXidm\u0259tl\u0259r\t\t\t\t\t\t<\/span>\n\t\t\t\t\t\n\t\t\t\t\t\t\t\t\t\t\t\n\t\t\t\t\t\t\t\t\t<\/a>\n\t\t\t <\/li>\n\t\t\t<\/ul> \n\t<div class=\"qodef-tab-container\" id=\"tab-x%c9%99st%c9%99likl%c9%99r-279\" data-icon-pack=\"font_awesome\" data-icon-html=\"&lt;i class=&quot;qodef-icon-font-awesome fa  &quot; &gt;&lt;\/i&gt;\">[vc_column_text]<\/p>\n<ul>\n<li>F\u0259q\u0259r\u0259 s\u00fctunu, funksional s\u0131n\u0131qlar<\/li>\n<li>\u0130dman travmalar\u0131<\/li>\n<li>\u00dcz nahiyy\u0259si travmalar\u0131<\/li>\n<li>M\u0259d\u0259 ba\u011f\u0131rsaq x\u0259st\u0259likl\u0259ri<\/li>\n<li>S\u00fcd v\u0259zi x\u0259st\u0259likl\u0259ri<\/li>\n<li>Toxuma \u0259zilm\u0259si v\u0259ya z\u0259d\u0259l\u0259nm\u0259l\u0259ri<\/li>\n<li>Yo\u011fun ba\u011f\u0131rsaq x\u0259st\u0259liyi<\/li>\n<li>Appendisit<\/li>\n<li>A\u011fciy\u0259r x\u0259st\u0259likl\u0259ri<\/li>\n<li>Ginekoloji x\u0259st\u0259likl\u0259r<\/li>\n<li>B\u00f6yr\u0259k x\u0259st\u0259likl\u0259ri<\/li>\n<li>\u00d6d da\u015f\u0131 x\u0259st\u0259liyi<\/li>\n<\/ul>\n<p>[\/vc_column_text]<\/div><div class=\"qodef-tab-container\" id=\"tab-simptomlar-942\" data-icon-pack=\"font_awesome\" data-icon-html=\"&lt;i class=&quot;qodef-icon-font-awesome fa  &quot; &gt;&lt;\/i&gt;\"><\/div><div class=\"qodef-tab-container\" id=\"tab-xidm%c9%99tl%c9%99r-992\" data-icon-pack=\"font_awesome\" data-icon-html=\"&lt;i class=&quot;qodef-icon-font-awesome fa  &quot; &gt;&lt;\/i&gt;\">[vc_column_text]<\/p>\n<ul>\n<li>A\u011f ciy\u0259rl\u0259rin rentgenoskopiyas\u0131<\/li>\n<li>A\u011f ciy\u0259rl\u0259rin rentgenoskopiyas\u0131 v\u0259 rentgenoqrafiyas\u0131.<\/li>\n<li>Qida borusu, m\u0259d\u0259 v\u0259 onikibarmaq ba\u011f\u0131rsa\u011f\u0131n rentgenoskopiyas\u0131.<\/li>\n<li>Qida borusu, m\u0259d\u0259 v\u0259 onikibarmaq ba\u011f\u0131rsa\u011f\u0131n rentgenoskopiyas\u0131 v\u0259 rentgenoqrafias\u0131.<\/li>\n<li>Qirtlaq v\u0259 udla\u011f\u0131n rengenoskopiyas\u0131 v\u0259 rentgenoqrafiyas\u0131.<\/li>\n<li>Qar\u0131n bo\u015flu\u011funun icmal rentgenoskopiya v\u0259 rentgenoqrafiyas\u0131.<\/li>\n<li>Nazik ba\u011f\u0131rsa\u011f\u0131n rentgenoskopiyas\u0131 v\u0259 dinamik m\u00fcayin\u0259si.<\/li>\n<li>Peroral kontrast madd\u0259 q\u0259bulu il\u0259 apar\u0131lan yo\u011fun ba\u011f\u0131rsa\u011f\u0131n rentgen m\u00fcayin\u0259si.<\/li>\n<li>Irriqoskapiya v\u0259 irriqoqrafiya.<\/li>\n<li><\/li>\n<li>Ekskretor uroqrafiya.<\/li>\n<li>Histerosalpinqoqrafiya (kontrast madd\u0259 il\u0259).<\/li>\n<li>K\u0259ll\u0259nin rentgenoqrafiyas\u0131 (2 proyeksiya).<\/li>\n<li>Onur\u011fa s\u00fctununun boyun \u015f\u00f6b\u0259sinin rentgenoqrafiyas\u0131 (2 proyeksiya).<\/li>\n<li>Onur\u011fa s\u00fctununun d\u00f6\u015f \u015f\u00f6b\u0259sinin rentgenoqrafiyas\u0131 (2 proyeksiya).<\/li>\n<li>Onur\u011fa s\u00fctununun bel-oma \u015f\u00f6b\u0259sinin rentgenoqrafiyas\u0131 (2 proyeksiya).<\/li>\n<li>B\u00fczd\u00fcm\u00fcn rentgenoqrafiyas\u0131.<\/li>\n<li>Paranazal sinuslar\u0131n rentgenoqrafiyas\u0131.<\/li>\n<li>\u00c7iyin oyna\u011f\u0131n\u0131n rentgenoqrafiyas\u0131.<\/li>\n<li>K\u00fcr\u0259k s\u00fcm\u00fcy\u00fcn\u00fcn rentgenoqrafiyas\u0131.<\/li>\n<li>Bazu s\u00fcm\u00fcy\u00fcn\u00fcn rentgenoqrafiyas\u0131.<\/li>\n<li>Dirs\u0259k oyna\u011f\u0131n\u0131n rentgenoqrafiyas\u0131.<\/li>\n<li>Mil-bil\u0259k oyna\u011f\u0131n\u0131n rentgenoqrafiyas\u0131.<\/li>\n<li>\u018fl s\u00fcm\u00fckl\u0259rinin rentgenoqrafiyas\u0131.<\/li>\n<li>\u00c7ana\u011f\u0131n rentgenoqrafiyas\u0131 (\u00e7iyin qur\u015fa\u011f\u0131n\u0131n rentgenoqrafiyas\u0131 ).<\/li>\n<li>Bel \u2013 oma f\u0259q\u0259r\u0259l\u0259rinin dinamik m\u00fcayin\u0259si<\/li>\n<li>Skolioz film<\/li>\n<li>Retroqrad uretroqrafiya<\/li>\n<li>D\u00f6\u015f s\u00fcm\u00fcy\u00fcn\u00fcn rentgenoqrafiyas\u0131<\/li>\n<li>Bud-\u00e7anaq oyna\u011f\u0131n\u0131n rentgenoqrafiyas\u0131.<\/li>\n<li>Bud s\u00fcm\u00fcy\u00fcn\u00fcn rentgenoqrafiyas\u0131.<\/li>\n<li>Diz oyna\u011f\u0131n\u0131n rentgenoqrafiyas\u0131.<\/li>\n<li>A\u015f\u0131q-bald\u0131r oyna\u011f\u0131n\u0131n rentgenoqrafiyas\u0131.<\/li>\n<li>Ayaq p\u0259nc\u0259si rentgenoqrafiyas\u0131.<\/li>\n<li>H\u0259r di\u015fin ayr\u0131l\u0131qda rentgenoqrafiyas\u0131 (stomatologiya).<\/li>\n<li>Mammoqrafiy<\/li>\n<\/ul>\n<p>[\/vc_column_text]<\/div><\/div>[\/vc_column][\/vc_row][vc_row content_width=&#8221;grid&#8221; content_aligment=&#8221;center&#8221;][vc_column width=&#8221;1\/4&#8243;][\/vc_column][vc_column width=&#8221;1\/2&#8243;]<a itemprop=\"url\" href=\"http:\/\/modernhospital.az\/e-xidmetler\/e-randevu\/\" target=\"_blank\"  class=\"qodef-btn qodef-btn-huge qodef-btn-outline qodef-btn-hover-scale\"  >\n    <span class=\"qodef-btn-text\">Randevu al<\/span>\n    <span class=\"qodef-btn-icon-normal\"><i class=\"qodef-icon-font-awesome fa  \" ><\/i><\/span>\n    <span class=\"qodef-btn-icon-flip\"><i class=\"qodef-icon-font-awesome fa  \" ><\/i><\/span>\n        \t<span class=\"qodef-hover-background\"><\/span>\n    \n    <\/a>[vc_empty_space][\/vc_column][vc_column width=&#8221;1\/4&#8243;][\/vc_column][\/vc_row][vc_row][vc_column][vc_empty_space][\/vc_column][\/vc_row][vc_row content_width=&#8221;grid&#8221;][vc_column][vc_text_separator title=&#8221;B\u00f6l\u00fcm\u0259 aid h\u0259kiml\u0259r&#8221; color=&#8221;custom&#8221; accent_color=&#8221;#dd3333&#8243; css=&#8221;.vc_custom_1694771778793{padding-top: 50px !important;padding-bottom: 50px !important;}&#8221;]<div class=\"qodef-blog-list-holder qodef-boxes qodef-four-columns\">\n    <ul class=\"qodef-blog-list\">\n\t\t<li class=\"qodef-blog-list-item\">\n    <div class=\"qodef-blog-list-item-inner\">\n                    <div class=\"qodef-item-image clearfix\">\n                <a itemprop=\"url\" href=\"https:\/\/modernhospital.az\/newsite\/alisa-tvaradze\/\">\n                    <img loading=\"lazy\" decoding=\"async\" width=\"1920\" height=\"980\" src=\"https:\/\/modernhospital.az\/newsite\/wp-content\/uploads\/2019\/05\/Alisa-Tvaradze-hekim-rentgenolog.jpg\" class=\"attachment-full size-full wp-post-image wpsmartcrop-image wpsmartcrop-image\" alt=\"\" focus=\"[50,50]\" data-smartcrop-focus=\"[50,50]\" \/>                <\/a>\n            <\/div>\n                <div class=\"qodef-item-text-holder\">\n                        <h3 itemprop=\"name\" class=\"qodef-item-title entry-title\">\n            <a itemprop=\"url\" href=\"https:\/\/modernhospital.az\/newsite\/alisa-tvaradze\/\">\n                Alisa Tvaradze            <\/a>\n        <\/h3>\n                    <p itemprop=\"description\" class=\"qodef-excerpt\">[vc_row css=&#8221;.vc_custom_1565179931553{padding-top: 50px !important;padding-bottom: 5...<\/p>\n                            <\/div>\n    <\/div>\n<\/li>    <\/ul>\n<\/div>\n[\/vc_column][\/vc_row]<\/p>\n","protected":false},"excerpt":{"rendered":"<p>[vc_row css=&#8221;.vc_custom_1565943858944{padding-top: 150px !important;padding-bottom: 150px !important;background-image: url(http:\/\/modernhospital.az\/wp-content\/uploads\/2019\/08\/xrays-banner.jpg?id=2656) !important;background-position: center !important;background-repeat: no-repeat !important;background-size: cover !important;}&#8221;][vc_column][\/vc_column][\/vc_row][vc_row content_width=&#8221;grid&#8221;][vc_column width=&#8221;2\/3&#8243; css=&#8221;.vc_custom_1566050423240{padding-top: 50px !important;}&#8221;][vc_empty_space height=&#8221;10px&#8221;][vc_column_text]Rentgenoqrafiya a\u011fciy\u0259r x\u0259st\u0259likl\u0259rinin m\u00fcayin\u0259si \u00fc\u00e7\u00fcn m\u00fch\u00fcm diaqnostik vasit\u0259dir. Rentgenoqrafiya vasit\u0259si il\u0259 b\u00f6y\u00fck \u00f6l\u00e7\u00fcl\u00fc rentgen \u015f\u0259kill\u0259r \u0259ld\u0259 etm\u0259k olur ki, bu da skelet travmalar\u0131nda, s\u0131n\u0131qlar v\u0259 \u00e7atlar\u0131n&#8230;<\/p>\n","protected":false},"author":1,"featured_media":0,"parent":81,"menu_order":0,"comment_status":"closed","ping_status":"closed","template":"full-width.php","meta":{"footnotes":""},"yoast_head":"<!-- This site is optimized with the Yoast SEO plugin v21.5 - https:\/\/yoast.com\/wordpress\/plugins\/seo\/ -->\r\n<title>Rentgen - My CMS<\/title>\r\n<meta name=\"robots\" content=\"index, follow, max-snippet:-1, max-image-preview:large, max-video-preview:-1\" \/>\r\n<link rel=\"canonical\" href=\"https:\/\/modernhospital.az\/newsite\/bolumler\/diaqnostka-sobesi\/sua-diaqnostikasi\/rentgen\/\" \/>\r\n<meta property=\"og:locale\" content=\"en_US\" \/>\r\n<meta property=\"og:type\" content=\"article\" \/>\r\n<meta property=\"og:title\" content=\"Rentgen - My CMS\" \/>\r\n<meta property=\"og:description\" content=\"[vc_row css=&#8221;.vc_custom_1565943858944{padding-top: 150px !important;padding-bottom: 150px !important;background-image: url(http:\/\/modernhospital.az\/wp-content\/uploads\/2019\/08\/xrays-banner.jpg?id=2656) !important;background-position: center !important;background-repeat: no-repeat !important;background-size: cover !important;}&#8221;][vc_column][\/vc_column][\/vc_row][vc_row content_width=&#8221;grid&#8221;][vc_column width=&#8221;2\/3&#8243; css=&#8221;.vc_custom_1566050423240{padding-top: 50px !important;}&#8221;][vc_empty_space height=&#8221;10px&#8221;][vc_column_text]Rentgenoqrafiya a\u011fciy\u0259r x\u0259st\u0259likl\u0259rinin m\u00fcayin\u0259si \u00fc\u00e7\u00fcn m\u00fch\u00fcm diaqnostik vasit\u0259dir. Rentgenoqrafiya vasit\u0259si il\u0259 b\u00f6y\u00fck \u00f6l\u00e7\u00fcl\u00fc rentgen \u015f\u0259kill\u0259r \u0259ld\u0259 etm\u0259k olur ki, bu da skelet travmalar\u0131nda, s\u0131n\u0131qlar v\u0259 \u00e7atlar\u0131n...\" \/>\r\n<meta property=\"og:url\" content=\"https:\/\/modernhospital.az\/newsite\/bolumler\/diaqnostka-sobesi\/sua-diaqnostikasi\/rentgen\/\" \/>\r\n<meta property=\"og:site_name\" content=\"My CMS\" \/>\r\n<meta property=\"article:modified_time\" content=\"2023-10-08T11:48:29+00:00\" \/>\r\n<meta name=\"twitter:card\" content=\"summary_large_image\" \/>\r\n<meta name=\"twitter:label1\" content=\"Est. reading time\" \/>\n\t<meta name=\"twitter:data1\" content=\"5 minutes\" \/>\r\n<script type=\"application\/ld+json\" class=\"yoast-schema-graph\">{\"@context\":\"https:\/\/schema.org\",\"@graph\":[{\"@type\":\"WebPage\",\"@id\":\"https:\/\/modernhospital.az\/newsite\/bolumler\/diaqnostka-sobesi\/sua-diaqnostikasi\/rentgen\/\",\"url\":\"https:\/\/modernhospital.az\/newsite\/bolumler\/diaqnostka-sobesi\/sua-diaqnostikasi\/rentgen\/\",\"name\":\"Rentgen - My CMS\",\"isPartOf\":{\"@id\":\"https:\/\/modernhospital.az\/newsite\/#website\"},\"datePublished\":\"2019-03-13T11:38:41+00:00\",\"dateModified\":\"2023-10-08T11:48:29+00:00\",\"breadcrumb\":{\"@id\":\"https:\/\/modernhospital.az\/newsite\/bolumler\/diaqnostka-sobesi\/sua-diaqnostikasi\/rentgen\/#breadcrumb\"},\"inLanguage\":\"en-US\",\"potentialAction\":[{\"@type\":\"ReadAction\",\"target\":[\"https:\/\/modernhospital.az\/newsite\/bolumler\/diaqnostka-sobesi\/sua-diaqnostikasi\/rentgen\/\"]}]},{\"@type\":\"BreadcrumbList\",\"@id\":\"https:\/\/modernhospital.az\/newsite\/bolumler\/diaqnostka-sobesi\/sua-diaqnostikasi\/rentgen\/#breadcrumb\",\"itemListElement\":[{\"@type\":\"ListItem\",\"position\":1,\"name\":\"Home\",\"item\":\"https:\/\/modernhospital.az\/newsite\/\"},{\"@type\":\"ListItem\",\"position\":2,\"name\":\"B\u00f6l\u00fcml\u0259rimiz\",\"item\":\"https:\/\/modernhospital.az\/newsite\/bolumler\/\"},{\"@type\":\"ListItem\",\"position\":3,\"name\":\"Radiologiya v\u0259 \u015e\u00fca Diaqnostikas\u0131\",\"item\":\"https:\/\/modernhospital.az\/newsite\/bolumler\/diaqnostka-sobesi\/\"},{\"@type\":\"ListItem\",\"position\":4,\"name\":\"Radiologiya v\u0259 \u015f\u00fca diaqnostika \u015f\u00f6b\u0259si\",\"item\":\"https:\/\/modernhospital.az\/newsite\/bolumler\/diaqnostka-sobesi\/sua-diaqnostikasi\/\"},{\"@type\":\"ListItem\",\"position\":5,\"name\":\"Rentgen\"}]},{\"@type\":\"WebSite\",\"@id\":\"https:\/\/modernhospital.az\/newsite\/#website\",\"url\":\"https:\/\/modernhospital.az\/newsite\/\",\"name\":\"My CMS\",\"description\":\"H\u0259yat\u0131n\u0131za d\u0259y\u0259r ver\u0259r\u0259k!\",\"publisher\":{\"@id\":\"https:\/\/modernhospital.az\/newsite\/#organization\"},\"potentialAction\":[{\"@type\":\"SearchAction\",\"target\":{\"@type\":\"EntryPoint\",\"urlTemplate\":\"https:\/\/modernhospital.az\/newsite\/?s={search_term_string}\"},\"query-input\":\"required name=search_term_string\"}],\"inLanguage\":\"en-US\"},{\"@type\":\"Organization\",\"@id\":\"https:\/\/modernhospital.az\/newsite\/#organization\",\"name\":\"My CMS\",\"url\":\"https:\/\/modernhospital.az\/newsite\/\",\"logo\":{\"@type\":\"ImageObject\",\"inLanguage\":\"en-US\",\"@id\":\"https:\/\/modernhospital.az\/newsite\/#\/schema\/logo\/image\/\",\"url\":\"https:\/\/modernhospital.az\/wp-content\/uploads\/2019\/04\/modern-hospital-logo-01.png\",\"contentUrl\":\"https:\/\/modernhospital.az\/wp-content\/uploads\/2019\/04\/modern-hospital-logo-01.png\",\"width\":1772,\"height\":591,\"caption\":\"My CMS\"},\"image\":{\"@id\":\"https:\/\/modernhospital.az\/newsite\/#\/schema\/logo\/image\/\"}}]}<\/script>\r\n<!-- \/ Yoast SEO plugin. -->","yoast_head_json":{"title":"Rentgen - My CMS","robots":{"index":"index","follow":"follow","max-snippet":"max-snippet:-1","max-image-preview":"max-image-preview:large","max-video-preview":"max-video-preview:-1"},"canonical":"https:\/\/modernhospital.az\/newsite\/bolumler\/diaqnostka-sobesi\/sua-diaqnostikasi\/rentgen\/","og_locale":"en_US","og_type":"article","og_title":"Rentgen - My CMS","og_description":"[vc_row css=&#8221;.vc_custom_1565943858944{padding-top: 150px !important;padding-bottom: 150px !important;background-image: url(http:\/\/modernhospital.az\/wp-content\/uploads\/2019\/08\/xrays-banner.jpg?id=2656) !important;background-position: center !important;background-repeat: no-repeat !important;background-size: cover !important;}&#8221;][vc_column][\/vc_column][\/vc_row][vc_row content_width=&#8221;grid&#8221;][vc_column width=&#8221;2\/3&#8243; css=&#8221;.vc_custom_1566050423240{padding-top: 50px !important;}&#8221;][vc_empty_space height=&#8221;10px&#8221;][vc_column_text]Rentgenoqrafiya a\u011fciy\u0259r x\u0259st\u0259likl\u0259rinin m\u00fcayin\u0259si \u00fc\u00e7\u00fcn m\u00fch\u00fcm diaqnostik vasit\u0259dir. Rentgenoqrafiya vasit\u0259si il\u0259 b\u00f6y\u00fck \u00f6l\u00e7\u00fcl\u00fc rentgen \u015f\u0259kill\u0259r \u0259ld\u0259 etm\u0259k olur ki, bu da skelet travmalar\u0131nda, s\u0131n\u0131qlar v\u0259 \u00e7atlar\u0131n...","og_url":"https:\/\/modernhospital.az\/newsite\/bolumler\/diaqnostka-sobesi\/sua-diaqnostikasi\/rentgen\/","og_site_name":"My CMS","article_modified_time":"2023-10-08T11:48:29+00:00","twitter_card":"summary_large_image","twitter_misc":{"Est. reading time":"5 minutes"},"schema":{"@context":"https:\/\/schema.org","@graph":[{"@type":"WebPage","@id":"https:\/\/modernhospital.az\/newsite\/bolumler\/diaqnostka-sobesi\/sua-diaqnostikasi\/rentgen\/","url":"https:\/\/modernhospital.az\/newsite\/bolumler\/diaqnostka-sobesi\/sua-diaqnostikasi\/rentgen\/","name":"Rentgen - My CMS","isPartOf":{"@id":"https:\/\/modernhospital.az\/newsite\/#website"},"datePublished":"2019-03-13T11:38:41+00:00","dateModified":"2023-10-08T11:48:29+00:00","breadcrumb":{"@id":"https:\/\/modernhospital.az\/newsite\/bolumler\/diaqnostka-sobesi\/sua-diaqnostikasi\/rentgen\/#breadcrumb"},"inLanguage":"en-US","potentialAction":[{"@type":"ReadAction","target":["https:\/\/modernhospital.az\/newsite\/bolumler\/diaqnostka-sobesi\/sua-diaqnostikasi\/rentgen\/"]}]},{"@type":"BreadcrumbList","@id":"https:\/\/modernhospital.az\/newsite\/bolumler\/diaqnostka-sobesi\/sua-diaqnostikasi\/rentgen\/#breadcrumb","itemListElement":[{"@type":"ListItem","position":1,"name":"Home","item":"https:\/\/modernhospital.az\/newsite\/"},{"@type":"ListItem","position":2,"name":"B\u00f6l\u00fcml\u0259rimiz","item":"https:\/\/modernhospital.az\/newsite\/bolumler\/"},{"@type":"ListItem","position":3,"name":"Radiologiya v\u0259 \u015e\u00fca Diaqnostikas\u0131","item":"https:\/\/modernhospital.az\/newsite\/bolumler\/diaqnostka-sobesi\/"},{"@type":"ListItem","position":4,"name":"Radiologiya v\u0259 \u015f\u00fca diaqnostika \u015f\u00f6b\u0259si","item":"https:\/\/modernhospital.az\/newsite\/bolumler\/diaqnostka-sobesi\/sua-diaqnostikasi\/"},{"@type":"ListItem","position":5,"name":"Rentgen"}]},{"@type":"WebSite","@id":"https:\/\/modernhospital.az\/newsite\/#website","url":"https:\/\/modernhospital.az\/newsite\/","name":"My CMS","description":"H\u0259yat\u0131n\u0131za d\u0259y\u0259r ver\u0259r\u0259k!","publisher":{"@id":"https:\/\/modernhospital.az\/newsite\/#organization"},"potentialAction":[{"@type":"SearchAction","target":{"@type":"EntryPoint","urlTemplate":"https:\/\/modernhospital.az\/newsite\/?s={search_term_string}"},"query-input":"required name=search_term_string"}],"inLanguage":"en-US"},{"@type":"Organization","@id":"https:\/\/modernhospital.az\/newsite\/#organization","name":"My CMS","url":"https:\/\/modernhospital.az\/newsite\/","logo":{"@type":"ImageObject","inLanguage":"en-US","@id":"https:\/\/modernhospital.az\/newsite\/#\/schema\/logo\/image\/","url":"https:\/\/modernhospital.az\/wp-content\/uploads\/2019\/04\/modern-hospital-logo-01.png","contentUrl":"https:\/\/modernhospital.az\/wp-content\/uploads\/2019\/04\/modern-hospital-logo-01.png","width":1772,"height":591,"caption":"My CMS"},"image":{"@id":"https:\/\/modernhospital.az\/newsite\/#\/schema\/logo\/image\/"}}]}},"jetpack_sharing_enabled":true,"_links":{"self":[{"href":"https:\/\/modernhospital.az\/newsite\/wp-json\/wp\/v2\/pages\/770"}],"collection":[{"href":"https:\/\/modernhospital.az\/newsite\/wp-json\/wp\/v2\/pages"}],"about":[{"href":"https:\/\/modernhospital.az\/newsite\/wp-json\/wp\/v2\/types\/page"}],"author":[{"embeddable":true,"href":"https:\/\/modernhospital.az\/newsite\/wp-json\/wp\/v2\/users\/1"}],"replies":[{"embeddable":true,"href":"https:\/\/modernhospital.az\/newsite\/wp-json\/wp\/v2\/comments?post=770"}],"version-history":[{"count":10,"href":"https:\/\/modernhospital.az\/newsite\/wp-json\/wp\/v2\/pages\/770\/revisions"}],"predecessor-version":[{"id":4029,"href":"https:\/\/modernhospital.az\/newsite\/wp-json\/wp\/v2\/pages\/770\/revisions\/4029"}],"up":[{"embeddable":true,"href":"https:\/\/modernhospital.az\/newsite\/wp-json\/wp\/v2\/pages\/81"}],"wp:attachment":[{"href":"https:\/\/modernhospital.az\/newsite\/wp-json\/wp\/v2\/media?parent=770"}],"curies":[{"name":"wp","href":"https:\/\/api.w.org\/{rel}","templated":true}]}}