{"id":9,"date":"2019-03-11T18:28:47","date_gmt":"2019-03-11T14:28:47","guid":{"rendered":"http:\/\/modernhospital.az\/newsite\/?page_id=9"},"modified":"2023-05-10T17:09:30","modified_gmt":"2023-05-10T13:09:30","slug":"haqqimizda","status":"publish","type":"page","link":"https:\/\/modernhospital.az\/newsite\/haqqimizda\/","title":{"rendered":"Haqq\u0131m\u0131zda"},"content":{"rendered":"<p>[vc_row][vc_column][vc_column_text]<\/p>\n<h2>Haqq\u0131m\u0131zda<\/h2>\n<p>[\/vc_column_text][vc_column_text]\u00d6z\u0259l tibbi xidm\u0259t sektorundak\u0131 m\u00fcv\u0259ff\u0259qiyy\u0259tl\u0259ri, \u00fcst\u00fcn keyfiyy\u0259td\u0259, pasiyent m\u0259mnuniyy\u0259tind\u0259 \u00f6z layiqli yerini tutmu\u015f, \u0259sas\u0131 2008-ci ilin Noyabr ay\u0131nda qoyulan Modern Hospital, art\u0131q ill\u0259rdir m\u00fcv\u0259ff\u0259qiyy\u0259tl\u0259 insanlar\u0131n sa\u011flaml\u0131\u011f\u0131n\u0131n ke\u015fiyind\u0259 durmaqdad\u0131r.<\/p>\n<p>M\u00fcasir tibbi avadanl\u0131qlarla t\u0259chiz olunmu\u015f klinikam\u0131zda y\u00fcks\u0259k ixtisasl\u0131 h\u0259kiml\u0259rin t\u0259tbiq etdikl\u0259ri d\u00fcnya protokollar\u0131na uygun son m\u00fcalic\u0259 metodikalar\u0131 il\u0259 h\u0259r il on minl\u0259rl\u0259 pasiyent \u00f6z sa\u011flaml\u0131\u011f\u0131na qovu\u015fur.<\/p>\n<p>Klinikada bir \u00e7ox sah\u0259l\u0259r \u00fczr\u0259 c\u0259rrahi \u0259m\u0259liyyatlar icra olunur. Qeyd ed\u0259k ki, b\u00fct\u00fcn \u0259m\u0259liyyatlar Avropa v\u0259 Amerika c\u0259rrahlar assossiasiyalar\u0131n\u0131n q\u0259bul etdiyi protokollar \u0259sas\u0131nda h\u0259yata ke\u00e7irilir.<\/p>\n<p>Modern Hospital T\u00fcrkiy\u0259nin v\u0259 Avropan\u0131n bir \u00e7ox \u00f6lk\u0259l\u0259rind\u0259 f\u0259aliyy\u0259td\u0259 olan qabaqc\u0131l klinikalar il\u0259 \u0259m\u0259kda\u015fl\u0131q edir. Klinikada olan b\u00fct\u00fcn diaqnostik tibbi avadanl\u0131qlar \u0259n y\u00fcks\u0259k standartlara cavab verir v\u0259 \u0259sas\u0259n bu sah\u0259d\u0259 tan\u0131nm\u0131\u015f Yaponiya, AB\u015e, Almaniya, \u0130taliya \u015firk\u0259tl\u0259rinin istehsal\u0131d\u0131r.<\/p>\n<p>\u018fhaliy\u0259 sa\u011flam ya\u015fam \u00fc\u00e7\u00fcn qap\u0131lar\u0131n\u0131 a\u00e7an Modern Hospital 6 m\u0259rt\u0259b\u0259 olmaqla \u00fcmumi 3000 m2 \u00a0sah\u0259y\u0259 malik\u00a0 olub h\u0259r ya\u015f t\u0259b\u0259q\u0259sin\u0259 xidm\u0259t g\u00f6st\u0259r\u0259n sa\u011flaml\u0131q m\u0259rk\u0259zidir.\u00a0Klinikam\u0131z 32 yataql\u0131 c\u0259rrahi stasionar, tam t\u0259minatl\u0131 reanimasiya \u015f\u00f6b\u0259si, 4 \u0259m\u0259liyyatxana bloku, b\u00fct\u00fcn poliklinik \u015f\u00f6b\u0259l\u0259ri \u00f6z\u00fcnd\u0259 birl\u0259\u015fdir\u0259r\u0259k h\u0259ft\u0259nin 7 g\u00fcn\u00fc, 24 saat boyunca xidm\u0259tinizd\u0259dir.\u00a0Klinikam\u0131zda h\u0259m t\u0259cili, h\u0259m d\u0259 planl\u0131 c\u0259rrahi \u0259m\u0259liyyatlar icra olunur.[\/vc_column_text][\/vc_column][\/vc_row]<\/p>\n","protected":false},"excerpt":{"rendered":"<p>[vc_row][vc_column][vc_column_text] Haqq\u0131m\u0131zda [\/vc_column_text][vc_column_text]\u00d6z\u0259l tibbi xidm\u0259t sektorundak\u0131 m\u00fcv\u0259ff\u0259qiyy\u0259tl\u0259ri, \u00fcst\u00fcn keyfiyy\u0259td\u0259, pasiyent m\u0259mnuniyy\u0259tind\u0259 \u00f6z layiqli yerini tutmu\u015f, \u0259sas\u0131 2008-ci ilin Noyabr ay\u0131nda qoyulan Modern Hospital, art\u0131q ill\u0259rdir m\u00fcv\u0259ff\u0259qiyy\u0259tl\u0259 insanlar\u0131n sa\u011flaml\u0131\u011f\u0131n\u0131n ke\u015fiyind\u0259 durmaqdad\u0131r. M\u00fcasir tibbi avadanl\u0131qlarla t\u0259chiz olunmu\u015f klinikam\u0131zda y\u00fcks\u0259k ixtisasl\u0131 h\u0259kiml\u0259rin t\u0259tbiq etdikl\u0259ri d\u00fcnya protokollar\u0131na uygun son&#8230;<\/p>\n","protected":false},"author":1,"featured_media":0,"parent":0,"menu_order":0,"comment_status":"closed","ping_status":"closed","template":"","meta":{"footnotes":""},"yoast_head":"<!-- This site is optimized with the Yoast SEO plugin v21.5 - https:\/\/yoast.com\/wordpress\/plugins\/seo\/ -->\r\n<title>Haqq\u0131m\u0131zda - My CMS<\/title>\r\n<meta name=\"robots\" content=\"index, follow, max-snippet:-1, max-image-preview:large, max-video-preview:-1\" \/>\r\n<link rel=\"canonical\" href=\"https:\/\/modernhospital.az\/newsite\/haqqimizda\/\" \/>\r\n<meta property=\"og:locale\" content=\"en_US\" \/>\r\n<meta property=\"og:type\" content=\"article\" \/>\r\n<meta property=\"og:title\" content=\"Haqq\u0131m\u0131zda - My CMS\" \/>\r\n<meta property=\"og:description\" content=\"[vc_row][vc_column][vc_column_text] Haqq\u0131m\u0131zda [\/vc_column_text][vc_column_text]\u00d6z\u0259l tibbi xidm\u0259t sektorundak\u0131 m\u00fcv\u0259ff\u0259qiyy\u0259tl\u0259ri, \u00fcst\u00fcn keyfiyy\u0259td\u0259, pasiyent m\u0259mnuniyy\u0259tind\u0259 \u00f6z layiqli yerini tutmu\u015f, \u0259sas\u0131 2008-ci ilin Noyabr ay\u0131nda qoyulan Modern Hospital, art\u0131q ill\u0259rdir m\u00fcv\u0259ff\u0259qiyy\u0259tl\u0259 insanlar\u0131n sa\u011flaml\u0131\u011f\u0131n\u0131n ke\u015fiyind\u0259 durmaqdad\u0131r. M\u00fcasir tibbi avadanl\u0131qlarla t\u0259chiz olunmu\u015f klinikam\u0131zda y\u00fcks\u0259k ixtisasl\u0131 h\u0259kiml\u0259rin t\u0259tbiq etdikl\u0259ri d\u00fcnya protokollar\u0131na uygun son...\" \/>\r\n<meta property=\"og:url\" content=\"https:\/\/modernhospital.az\/newsite\/haqqimizda\/\" \/>\r\n<meta property=\"og:site_name\" content=\"My CMS\" \/>\r\n<meta property=\"article:modified_time\" content=\"2023-05-10T13:09:30+00:00\" \/>\r\n<meta name=\"twitter:card\" content=\"summary_large_image\" \/>\r\n<meta name=\"twitter:label1\" content=\"Est. reading time\" \/>\n\t<meta name=\"twitter:data1\" content=\"2 minutes\" \/>\r\n<script type=\"application\/ld+json\" class=\"yoast-schema-graph\">{\"@context\":\"https:\/\/schema.org\",\"@graph\":[{\"@type\":\"WebPage\",\"@id\":\"https:\/\/modernhospital.az\/newsite\/haqqimizda\/\",\"url\":\"https:\/\/modernhospital.az\/newsite\/haqqimizda\/\",\"name\":\"Haqq\u0131m\u0131zda - My CMS\",\"isPartOf\":{\"@id\":\"https:\/\/modernhospital.az\/newsite\/#website\"},\"datePublished\":\"2019-03-11T14:28:47+00:00\",\"dateModified\":\"2023-05-10T13:09:30+00:00\",\"breadcrumb\":{\"@id\":\"https:\/\/modernhospital.az\/newsite\/haqqimizda\/#breadcrumb\"},\"inLanguage\":\"en-US\",\"potentialAction\":[{\"@type\":\"ReadAction\",\"target\":[\"https:\/\/modernhospital.az\/newsite\/haqqimizda\/\"]}]},{\"@type\":\"BreadcrumbList\",\"@id\":\"https:\/\/modernhospital.az\/newsite\/haqqimizda\/#breadcrumb\",\"itemListElement\":[{\"@type\":\"ListItem\",\"position\":1,\"name\":\"Home\",\"item\":\"https:\/\/modernhospital.az\/newsite\/\"},{\"@type\":\"ListItem\",\"position\":2,\"name\":\"Haqq\u0131m\u0131zda\"}]},{\"@type\":\"WebSite\",\"@id\":\"https:\/\/modernhospital.az\/newsite\/#website\",\"url\":\"https:\/\/modernhospital.az\/newsite\/\",\"name\":\"My CMS\",\"description\":\"H\u0259yat\u0131n\u0131za d\u0259y\u0259r ver\u0259r\u0259k!\",\"publisher\":{\"@id\":\"https:\/\/modernhospital.az\/newsite\/#organization\"},\"potentialAction\":[{\"@type\":\"SearchAction\",\"target\":{\"@type\":\"EntryPoint\",\"urlTemplate\":\"https:\/\/modernhospital.az\/newsite\/?s={search_term_string}\"},\"query-input\":\"required name=search_term_string\"}],\"inLanguage\":\"en-US\"},{\"@type\":\"Organization\",\"@id\":\"https:\/\/modernhospital.az\/newsite\/#organization\",\"name\":\"My CMS\",\"url\":\"https:\/\/modernhospital.az\/newsite\/\",\"logo\":{\"@type\":\"ImageObject\",\"inLanguage\":\"en-US\",\"@id\":\"https:\/\/modernhospital.az\/newsite\/#\/schema\/logo\/image\/\",\"url\":\"https:\/\/modernhospital.az\/wp-content\/uploads\/2019\/04\/modern-hospital-logo-01.png\",\"contentUrl\":\"https:\/\/modernhospital.az\/wp-content\/uploads\/2019\/04\/modern-hospital-logo-01.png\",\"width\":1772,\"height\":591,\"caption\":\"My CMS\"},\"image\":{\"@id\":\"https:\/\/modernhospital.az\/newsite\/#\/schema\/logo\/image\/\"}}]}<\/script>\r\n<!-- \/ Yoast SEO plugin. -->","yoast_head_json":{"title":"Haqq\u0131m\u0131zda - My CMS","robots":{"index":"index","follow":"follow","max-snippet":"max-snippet:-1","max-image-preview":"max-image-preview:large","max-video-preview":"max-video-preview:-1"},"canonical":"https:\/\/modernhospital.az\/newsite\/haqqimizda\/","og_locale":"en_US","og_type":"article","og_title":"Haqq\u0131m\u0131zda - My CMS","og_description":"[vc_row][vc_column][vc_column_text] Haqq\u0131m\u0131zda [\/vc_column_text][vc_column_text]\u00d6z\u0259l tibbi xidm\u0259t sektorundak\u0131 m\u00fcv\u0259ff\u0259qiyy\u0259tl\u0259ri, \u00fcst\u00fcn keyfiyy\u0259td\u0259, pasiyent m\u0259mnuniyy\u0259tind\u0259 \u00f6z layiqli yerini tutmu\u015f, \u0259sas\u0131 2008-ci ilin Noyabr ay\u0131nda qoyulan Modern Hospital, art\u0131q ill\u0259rdir m\u00fcv\u0259ff\u0259qiyy\u0259tl\u0259 insanlar\u0131n sa\u011flaml\u0131\u011f\u0131n\u0131n ke\u015fiyind\u0259 durmaqdad\u0131r. M\u00fcasir tibbi avadanl\u0131qlarla t\u0259chiz olunmu\u015f klinikam\u0131zda y\u00fcks\u0259k ixtisasl\u0131 h\u0259kiml\u0259rin t\u0259tbiq etdikl\u0259ri d\u00fcnya protokollar\u0131na uygun son...","og_url":"https:\/\/modernhospital.az\/newsite\/haqqimizda\/","og_site_name":"My CMS","article_modified_time":"2023-05-10T13:09:30+00:00","twitter_card":"summary_large_image","twitter_misc":{"Est. reading time":"2 minutes"},"schema":{"@context":"https:\/\/schema.org","@graph":[{"@type":"WebPage","@id":"https:\/\/modernhospital.az\/newsite\/haqqimizda\/","url":"https:\/\/modernhospital.az\/newsite\/haqqimizda\/","name":"Haqq\u0131m\u0131zda - My CMS","isPartOf":{"@id":"https:\/\/modernhospital.az\/newsite\/#website"},"datePublished":"2019-03-11T14:28:47+00:00","dateModified":"2023-05-10T13:09:30+00:00","breadcrumb":{"@id":"https:\/\/modernhospital.az\/newsite\/haqqimizda\/#breadcrumb"},"inLanguage":"en-US","potentialAction":[{"@type":"ReadAction","target":["https:\/\/modernhospital.az\/newsite\/haqqimizda\/"]}]},{"@type":"BreadcrumbList","@id":"https:\/\/modernhospital.az\/newsite\/haqqimizda\/#breadcrumb","itemListElement":[{"@type":"ListItem","position":1,"name":"Home","item":"https:\/\/modernhospital.az\/newsite\/"},{"@type":"ListItem","position":2,"name":"Haqq\u0131m\u0131zda"}]},{"@type":"WebSite","@id":"https:\/\/modernhospital.az\/newsite\/#website","url":"https:\/\/modernhospital.az\/newsite\/","name":"My CMS","description":"H\u0259yat\u0131n\u0131za d\u0259y\u0259r ver\u0259r\u0259k!","publisher":{"@id":"https:\/\/modernhospital.az\/newsite\/#organization"},"potentialAction":[{"@type":"SearchAction","target":{"@type":"EntryPoint","urlTemplate":"https:\/\/modernhospital.az\/newsite\/?s={search_term_string}"},"query-input":"required name=search_term_string"}],"inLanguage":"en-US"},{"@type":"Organization","@id":"https:\/\/modernhospital.az\/newsite\/#organization","name":"My CMS","url":"https:\/\/modernhospital.az\/newsite\/","logo":{"@type":"ImageObject","inLanguage":"en-US","@id":"https:\/\/modernhospital.az\/newsite\/#\/schema\/logo\/image\/","url":"https:\/\/modernhospital.az\/wp-content\/uploads\/2019\/04\/modern-hospital-logo-01.png","contentUrl":"https:\/\/modernhospital.az\/wp-content\/uploads\/2019\/04\/modern-hospital-logo-01.png","width":1772,"height":591,"caption":"My CMS"},"image":{"@id":"https:\/\/modernhospital.az\/newsite\/#\/schema\/logo\/image\/"}}]}},"jetpack_sharing_enabled":true,"_links":{"self":[{"href":"https:\/\/modernhospital.az\/newsite\/wp-json\/wp\/v2\/pages\/9"}],"collection":[{"href":"https:\/\/modernhospital.az\/newsite\/wp-json\/wp\/v2\/pages"}],"about":[{"href":"https:\/\/modernhospital.az\/newsite\/wp-json\/wp\/v2\/types\/page"}],"author":[{"embeddable":true,"href":"https:\/\/modernhospital.az\/newsite\/wp-json\/wp\/v2\/users\/1"}],"replies":[{"embeddable":true,"href":"https:\/\/modernhospital.az\/newsite\/wp-json\/wp\/v2\/comments?post=9"}],"version-history":[{"count":12,"href":"https:\/\/modernhospital.az\/newsite\/wp-json\/wp\/v2\/pages\/9\/revisions"}],"predecessor-version":[{"id":3394,"href":"https:\/\/modernhospital.az\/newsite\/wp-json\/wp\/v2\/pages\/9\/revisions\/3394"}],"wp:attachment":[{"href":"https:\/\/modernhospital.az\/newsite\/wp-json\/wp\/v2\/media?parent=9"}],"curies":[{"name":"wp","href":"https:\/\/api.w.org\/{rel}","templated":true}]}}